{"id":3156,"date":"2018-08-30T10:09:57","date_gmt":"2018-08-30T08:09:57","guid":{"rendered":"https:\/\/www.hotelorizzonte.com\/pagina-di-esempio\/"},"modified":"2022-03-28T17:12:27","modified_gmt":"2022-03-28T15:12:27","slug":"pagina-di-esempio","status":"publish","type":"page","link":"https:\/\/www.hotelorizzonte.com\/de\/","title":{"rendered":"Hotel Orizzonte Villa Ariosa, durch das Meer"},"content":{"rendered":"<p>Im Hotel Orizzonte Villa Ariosa in Bellaria Igea Marina erschaffen die warmen Farben und die schlichten <strong>Materialien des Mittelmeers ein komfortables und elegantes Ambiente<\/strong>, in dem die <strong>traditionelle romagnolische Gastfreundschaft<\/strong> mit <strong>modernem Service von hoher Qualit\u00e4t verschmilzt<\/strong>.<\/p>\n<p>Vom <strong>Garten des Hotels gelangt man direkt auf den Strand<\/strong>, ohne eine Stra\u00dfe \u00fcberqueren zu m\u00fcssen. Im Hotel erwartet Euch modernster Service, wie Bar, Aufzug, Klimaanlage und Parkplatz. Der Service wird abgerundet durch einen \u00fcberdachten und beheizten <strong>Pool sowie das einladende \u201eWellness Center Alternative\u201c<\/strong>.<\/p>\n<p>Dank seiner Dimensionen und der famili\u00e4ren Betriebsf\u00fchrung bewahrt das Hotel Orizzonte \u2013 Villa Ariosa eine direkte und pers\u00f6nliche Beziehung zu jedem Gast. Ihr werdet von der Familie Giorgetti empfangen, und zwar von den Eigent\u00fcmern und Betriebsf\u00fchrern Diana und Pietro, die allen Euren Anspr\u00fcchen entsprechen werden An der Rezeption begr\u00fc\u00dfen Sie die l\u00e4chelnde und professionelle Katia und Antonella.<\/p>\n<p><strong>Das gesamte Team wird sich auf sachliche und effiziente Weise um Eure Erfordernisse k\u00fcmmern.<\/strong><\/p>\n","protected":false},"excerpt":{"rendered":"<p>Im Hotel Orizzonte Villa Ariosa in Bellaria Igea Marina erschaffen die warmen Farben und die schlichten Materialien des Mittelmeers ein komfortables und elegantes Ambiente, in dem die traditionelle romagnolische Gastfreundschaft mit modernem Service von hoher Qualit\u00e4t verschmilzt. Vom Garten des Hotels gelangt man direkt auf den Strand, ohne eine Stra\u00dfe \u00fcberqueren zu m\u00fcssen. Im Hotel erwartet Euch modernster Service, wie Bar, Aufzug, Klimaanlage und Parkplatz. Der Service wird abgerundet durch &#8230;<\/p>\n","protected":false},"author":1,"featured_media":0,"parent":0,"menu_order":0,"comment_status":"closed","ping_status":"open","template":"","meta":{"_acf_changed":false},"class_list":["post-3156","page","type-page","status-publish","hentry"],"acf":[],"_links":{"self":[{"href":"https:\/\/www.hotelorizzonte.com\/de\/wp-json\/wp\/v2\/pages\/3156","targetHints":{"allow":["GET"]}}],"collection":[{"href":"https:\/\/www.hotelorizzonte.com\/de\/wp-json\/wp\/v2\/pages"}],"about":[{"href":"https:\/\/www.hotelorizzonte.com\/de\/wp-json\/wp\/v2\/types\/page"}],"author":[{"embeddable":true,"href":"https:\/\/www.hotelorizzonte.com\/de\/wp-json\/wp\/v2\/users\/1"}],"replies":[{"embeddable":true,"href":"https:\/\/www.hotelorizzonte.com\/de\/wp-json\/wp\/v2\/comments?post=3156"}],"version-history":[{"count":0,"href":"https:\/\/www.hotelorizzonte.com\/de\/wp-json\/wp\/v2\/pages\/3156\/revisions"}],"wp:attachment":[{"href":"https:\/\/www.hotelorizzonte.com\/de\/wp-json\/wp\/v2\/media?parent=3156"}],"curies":[{"name":"wp","href":"https:\/\/api.w.org\/{rel}","templated":true}]}}