{"id":3306,"date":"2017-12-11T10:19:45","date_gmt":"2017-12-11T09:19:45","guid":{"rendered":"https:\/\/www.hotelorizzonte.com\/cucina\/"},"modified":"2022-04-29T14:33:59","modified_gmt":"2022-04-29T12:33:59","slug":"restaurant","status":"publish","type":"page","link":"https:\/\/www.hotelorizzonte.com\/de\/restaurant\/","title":{"rendered":"Hotel Orizzonte: tafelfreunden"},"content":{"rendered":"<p><strong>In der Tradition des Hotel Orizzonte war die Restauration f\u00fcr die G\u00e4ste schon immer ein Moment gro\u00dfer Freude und Zufriedenheit<\/strong>. Au\u00dfer dem gro\u00dfz\u00fcgigen Fr\u00fchst\u00fccksb\u00fcfett und den <strong>reichhaltigen Vorspeisen- und Gem\u00fcseb\u00fcfetts<\/strong> gibt es an allen Tagen sorgf\u00e4ltig zubereitete Gerichte \u201e\u00e0 la carte\u201c und Fisch \u2013 in einem renovierten Ambiente mit exklusivem Charakter.<\/p>\n<p><strong>Gebt Euch ganz entspannt den Tafelfreuden hin!<\/strong> Chefkoch\u00a0und sein erfahrenes und phantasievolles Team legen besonderes Augenmerk auf die Verwendung von <strong>frischen und genuinen Produkten <\/strong>kontrollierter Herkunft. <strong>Eine besondere Erw\u00e4hnung verdienen die Konditoreiwaren<\/strong>. Die t\u00e4glichen Angebote exquisiter, stets frischer und geschmacklich immer verschiedener Torten finden ihre unerreichbare Sublimation im ber\u00fchmten <strong>S\u00fc\u00dfspeisen-B\u00fcfett<\/strong>.<\/p>\n<h3>Jeden Freitagabend erwarten Euch ein Augenschmaus und Gaumenfreuden im Garten des Hotel Orizzonte<\/h3>\n<div id='gallery-1' class='gallery galleryid-3306  gallery-size-gallery-thumb'><div class='owl-carousel owl-carousel-multiple-carousel-style'\n\t\t\t\t\t\t\tdata-owl-navigation='true'\n\t\t\t\t\t\t\tdata-owl-slide-speed='300'\n\t\t\t\t\t\t\tdata-owl-autoplay='false'\n\t\t\t\t\t\t\tdata-owl-dots='false'\n\t\t\t\t\t\t\tdata-owl-dots-speed='300'\n\t\t\t\t\t\t\tdata-owl-items-xs='1'data-owl-items-sm='2'data-owl-items-md='3'data-owl-items-lg='3'data-owl-items-xl='3'\n\t\t\t\t\t\t><figure class='gallery-item'>\n\t\t\t\t<div class='gallery-icon landscape'>\n\t\t\t\t\t<a href='https:\/\/www.hotelorizzonte.com\/wp-content\/uploads\/2020\/10\/Gallery-Ristorante-04-Hotel-Orizzonte.jpg' data-size=\"1000x600\"><img loading=\"lazy\" decoding=\"async\" width=\"450\" height=\"450\" src=\"https:\/\/www.hotelorizzonte.com\/wp-content\/uploads\/2020\/10\/Gallery-Ristorante-04-Hotel-Orizzonte-450x450.jpg\" class=\"attachment-gallery-thumb size-gallery-thumb\" alt=\"\" srcset=\"https:\/\/www.hotelorizzonte.com\/wp-content\/uploads\/2020\/10\/Gallery-Ristorante-04-Hotel-Orizzonte-450x450.jpg 450w, https:\/\/www.hotelorizzonte.com\/wp-content\/uploads\/2020\/10\/Gallery-Ristorante-04-Hotel-Orizzonte-150x150.jpg 150w, https:\/\/www.hotelorizzonte.com\/wp-content\/uploads\/2020\/10\/Gallery-Ristorante-04-Hotel-Orizzonte-300x300.jpg 300w, https:\/\/www.hotelorizzonte.com\/wp-content\/uploads\/2020\/10\/Gallery-Ristorante-04-Hotel-Orizzonte-290x290.jpg 290w, https:\/\/www.hotelorizzonte.com\/wp-content\/uploads\/2020\/10\/Gallery-Ristorante-04-Hotel-Orizzonte-600x600.jpg 600w\" sizes=\"auto, (max-width: 450px) 100vw, 450px\" \/><\/a>\n\t\t\t\t<\/div><\/figure><figure class='gallery-item'>\n\t\t\t\t<div class='gallery-icon landscape'>\n\t\t\t\t\t<a href='https:\/\/www.hotelorizzonte.com\/wp-content\/uploads\/2020\/10\/Gallery-Ristorante-05-Hotel-Orizzonte.jpg' data-size=\"1000x600\"><img loading=\"lazy\" decoding=\"async\" width=\"450\" height=\"450\" src=\"https:\/\/www.hotelorizzonte.com\/wp-content\/uploads\/2020\/10\/Gallery-Ristorante-05-Hotel-Orizzonte-450x450.jpg\" class=\"attachment-gallery-thumb size-gallery-thumb\" alt=\"\" srcset=\"https:\/\/www.hotelorizzonte.com\/wp-content\/uploads\/2020\/10\/Gallery-Ristorante-05-Hotel-Orizzonte-450x450.jpg 450w, https:\/\/www.hotelorizzonte.com\/wp-content\/uploads\/2020\/10\/Gallery-Ristorante-05-Hotel-Orizzonte-150x150.jpg 150w, https:\/\/www.hotelorizzonte.com\/wp-content\/uploads\/2020\/10\/Gallery-Ristorante-05-Hotel-Orizzonte-300x300.jpg 300w, https:\/\/www.hotelorizzonte.com\/wp-content\/uploads\/2020\/10\/Gallery-Ristorante-05-Hotel-Orizzonte-290x290.jpg 290w, https:\/\/www.hotelorizzonte.com\/wp-content\/uploads\/2020\/10\/Gallery-Ristorante-05-Hotel-Orizzonte-600x600.jpg 600w\" sizes=\"auto, (max-width: 450px) 100vw, 450px\" \/><\/a>\n\t\t\t\t<\/div><\/figure><figure class='gallery-item'>\n\t\t\t\t<div class='gallery-icon landscape'>\n\t\t\t\t\t<a href='https:\/\/www.hotelorizzonte.com\/wp-content\/uploads\/2020\/10\/Gallery-Ristorante-06-Hotel-Orizzonte.jpg' data-size=\"1000x600\"><img loading=\"lazy\" decoding=\"async\" width=\"450\" height=\"450\" src=\"https:\/\/www.hotelorizzonte.com\/wp-content\/uploads\/2020\/10\/Gallery-Ristorante-06-Hotel-Orizzonte-450x450.jpg\" class=\"attachment-gallery-thumb size-gallery-thumb\" alt=\"\" srcset=\"https:\/\/www.hotelorizzonte.com\/wp-content\/uploads\/2020\/10\/Gallery-Ristorante-06-Hotel-Orizzonte-450x450.jpg 450w, https:\/\/www.hotelorizzonte.com\/wp-content\/uploads\/2020\/10\/Gallery-Ristorante-06-Hotel-Orizzonte-150x150.jpg 150w, https:\/\/www.hotelorizzonte.com\/wp-content\/uploads\/2020\/10\/Gallery-Ristorante-06-Hotel-Orizzonte-300x300.jpg 300w, https:\/\/www.hotelorizzonte.com\/wp-content\/uploads\/2020\/10\/Gallery-Ristorante-06-Hotel-Orizzonte-290x290.jpg 290w, https:\/\/www.hotelorizzonte.com\/wp-content\/uploads\/2020\/10\/Gallery-Ristorante-06-Hotel-Orizzonte-600x600.jpg 600w\" sizes=\"auto, (max-width: 450px) 100vw, 450px\" \/><\/a>\n\t\t\t\t<\/div><\/figure><figure class='gallery-item'>\n\t\t\t\t<div class='gallery-icon landscape'>\n\t\t\t\t\t<a href='https:\/\/www.hotelorizzonte.com\/wp-content\/uploads\/2020\/10\/Gallery-Ristorante-07-Hotel-Orizzonte.jpg' data-size=\"1000x600\"><img loading=\"lazy\" decoding=\"async\" width=\"450\" height=\"450\" src=\"https:\/\/www.hotelorizzonte.com\/wp-content\/uploads\/2020\/10\/Gallery-Ristorante-07-Hotel-Orizzonte-450x450.jpg\" class=\"attachment-gallery-thumb size-gallery-thumb\" alt=\"\" srcset=\"https:\/\/www.hotelorizzonte.com\/wp-content\/uploads\/2020\/10\/Gallery-Ristorante-07-Hotel-Orizzonte-450x450.jpg 450w, https:\/\/www.hotelorizzonte.com\/wp-content\/uploads\/2020\/10\/Gallery-Ristorante-07-Hotel-Orizzonte-150x150.jpg 150w, https:\/\/www.hotelorizzonte.com\/wp-content\/uploads\/2020\/10\/Gallery-Ristorante-07-Hotel-Orizzonte-300x300.jpg 300w, https:\/\/www.hotelorizzonte.com\/wp-content\/uploads\/2020\/10\/Gallery-Ristorante-07-Hotel-Orizzonte-290x290.jpg 290w, https:\/\/www.hotelorizzonte.com\/wp-content\/uploads\/2020\/10\/Gallery-Ristorante-07-Hotel-Orizzonte-600x600.jpg 600w\" sizes=\"auto, (max-width: 450px) 100vw, 450px\" \/><\/a>\n\t\t\t\t<\/div><\/figure><figure class='gallery-item'>\n\t\t\t\t<div class='gallery-icon landscape'>\n\t\t\t\t\t<a href='https:\/\/www.hotelorizzonte.com\/wp-content\/uploads\/2020\/04\/Gallery-Ristorante-03-Hotel-Orizzonte.jpg' data-size=\"640x455\"><img loading=\"lazy\" decoding=\"async\" width=\"450\" height=\"450\" src=\"https:\/\/www.hotelorizzonte.com\/wp-content\/uploads\/2020\/04\/Gallery-Ristorante-03-Hotel-Orizzonte-450x450.jpg\" class=\"attachment-gallery-thumb size-gallery-thumb\" alt=\"\" srcset=\"https:\/\/www.hotelorizzonte.com\/wp-content\/uploads\/2020\/04\/Gallery-Ristorante-03-Hotel-Orizzonte-450x450.jpg 450w, https:\/\/www.hotelorizzonte.com\/wp-content\/uploads\/2020\/04\/Gallery-Ristorante-03-Hotel-Orizzonte-150x150.jpg 150w, https:\/\/www.hotelorizzonte.com\/wp-content\/uploads\/2020\/04\/Gallery-Ristorante-03-Hotel-Orizzonte-300x300.jpg 300w, https:\/\/www.hotelorizzonte.com\/wp-content\/uploads\/2020\/04\/Gallery-Ristorante-03-Hotel-Orizzonte-290x290.jpg 290w\" sizes=\"auto, (max-width: 450px) 100vw, 450px\" \/><\/a>\n\t\t\t\t<\/div><\/figure><figure class='gallery-item'>\n\t\t\t\t<div class='gallery-icon landscape'>\n\t\t\t\t\t<a href='https:\/\/www.hotelorizzonte.com\/wp-content\/uploads\/2020\/04\/Slide-Ristorante-02-Hotel-Orizzonte.jpg' data-size=\"2000x780\"><img loading=\"lazy\" decoding=\"async\" width=\"450\" height=\"450\" src=\"https:\/\/www.hotelorizzonte.com\/wp-content\/uploads\/2020\/04\/Slide-Ristorante-02-Hotel-Orizzonte-450x450.jpg\" class=\"attachment-gallery-thumb size-gallery-thumb\" alt=\"\" srcset=\"https:\/\/www.hotelorizzonte.com\/wp-content\/uploads\/2020\/04\/Slide-Ristorante-02-Hotel-Orizzonte-450x450.jpg 450w, https:\/\/www.hotelorizzonte.com\/wp-content\/uploads\/2020\/04\/Slide-Ristorante-02-Hotel-Orizzonte-150x150.jpg 150w, https:\/\/www.hotelorizzonte.com\/wp-content\/uploads\/2020\/04\/Slide-Ristorante-02-Hotel-Orizzonte-300x300.jpg 300w, https:\/\/www.hotelorizzonte.com\/wp-content\/uploads\/2020\/04\/Slide-Ristorante-02-Hotel-Orizzonte-290x290.jpg 290w, https:\/\/www.hotelorizzonte.com\/wp-content\/uploads\/2020\/04\/Slide-Ristorante-02-Hotel-Orizzonte-600x600.jpg 600w\" sizes=\"auto, (max-width: 450px) 100vw, 450px\" \/><\/a>\n\t\t\t\t<\/div><\/figure><figure class='gallery-item'>\n\t\t\t\t<div class='gallery-icon landscape'>\n\t\t\t\t\t<a href='https:\/\/www.hotelorizzonte.com\/wp-content\/uploads\/2020\/12\/20190420_071039.jpg' data-size=\"1000x600\"><img loading=\"lazy\" decoding=\"async\" width=\"450\" height=\"450\" src=\"https:\/\/www.hotelorizzonte.com\/wp-content\/uploads\/2020\/12\/20190420_071039-450x450.jpg\" class=\"attachment-gallery-thumb size-gallery-thumb\" alt=\"\" srcset=\"https:\/\/www.hotelorizzonte.com\/wp-content\/uploads\/2020\/12\/20190420_071039-450x450.jpg 450w, https:\/\/www.hotelorizzonte.com\/wp-content\/uploads\/2020\/12\/20190420_071039-150x150.jpg 150w, https:\/\/www.hotelorizzonte.com\/wp-content\/uploads\/2020\/12\/20190420_071039-300x300.jpg 300w, https:\/\/www.hotelorizzonte.com\/wp-content\/uploads\/2020\/12\/20190420_071039-290x290.jpg 290w, https:\/\/www.hotelorizzonte.com\/wp-content\/uploads\/2020\/12\/20190420_071039-600x600.jpg 600w\" sizes=\"auto, (max-width: 450px) 100vw, 450px\" \/><\/a>\n\t\t\t\t<\/div><\/figure>\n\t\t\t<\/div>\n<\/div>\n\n<p>Am Freitagabend verw\u00f6hnt ein Dessertbuffet Ihren Gaumen im romantischen Garten des Hotels.Schlie\u00dfen Sie die Augen und denken Sie an die verlockendsten Leckereien, die Ihnen in den Sinn kommen, die leckersten. Nun, jetzt \u00f6ffne deine Augen und h\u00f6r auf zu tr\u00e4umen, <strong>du triffst jeden Freitagabend im Hotel Orizzonte in Bellaria das Paradies des hausgemachten Geb\u00e4cks.<\/strong><\/p>\n<p><strong>Ein Buffet mit \u00fcber 20 Angeboten, darunter glasierte Kuchen, Geb\u00e4ck, Windbeutel, Parfaits und Desserts mit einer Portion von tausend verschiedenen Geschmacksrichtungen<\/strong> in der gr\u00fcnen und eleganten Umgebung des Hotelgartens.<\/p>\n<div id='gallery-2' class='gallery galleryid-3306  gallery-size-gallery-thumb'><div class='owl-carousel owl-carousel-multiple-carousel-style'\n\t\t\t\t\t\t\tdata-owl-navigation='true'\n\t\t\t\t\t\t\tdata-owl-slide-speed='300'\n\t\t\t\t\t\t\tdata-owl-autoplay='false'\n\t\t\t\t\t\t\tdata-owl-dots='false'\n\t\t\t\t\t\t\tdata-owl-dots-speed='300'\n\t\t\t\t\t\t\tdata-owl-items-xs='1'data-owl-items-sm='2'data-owl-items-md='3'data-owl-items-lg='3'data-owl-items-xl='3'\n\t\t\t\t\t\t><figure class='gallery-item'>\n\t\t\t\t<div class='gallery-icon landscape'>\n\t\t\t\t\t<a href='https:\/\/www.hotelorizzonte.com\/wp-content\/uploads\/2020\/12\/20160819_202220.jpg' data-size=\"1000x600\"><img loading=\"lazy\" decoding=\"async\" width=\"450\" height=\"450\" src=\"https:\/\/www.hotelorizzonte.com\/wp-content\/uploads\/2020\/12\/20160819_202220-450x450.jpg\" class=\"attachment-gallery-thumb size-gallery-thumb\" alt=\"\" srcset=\"https:\/\/www.hotelorizzonte.com\/wp-content\/uploads\/2020\/12\/20160819_202220-450x450.jpg 450w, https:\/\/www.hotelorizzonte.com\/wp-content\/uploads\/2020\/12\/20160819_202220-150x150.jpg 150w, https:\/\/www.hotelorizzonte.com\/wp-content\/uploads\/2020\/12\/20160819_202220-300x300.jpg 300w, https:\/\/www.hotelorizzonte.com\/wp-content\/uploads\/2020\/12\/20160819_202220-290x290.jpg 290w, https:\/\/www.hotelorizzonte.com\/wp-content\/uploads\/2020\/12\/20160819_202220-600x600.jpg 600w\" sizes=\"auto, (max-width: 450px) 100vw, 450px\" \/><\/a>\n\t\t\t\t<\/div><\/figure><figure class='gallery-item'>\n\t\t\t\t<div class='gallery-icon landscape'>\n\t\t\t\t\t<a href='https:\/\/www.hotelorizzonte.com\/wp-content\/uploads\/2020\/12\/20160617_202959.jpg' data-size=\"1000x600\"><img loading=\"lazy\" decoding=\"async\" width=\"450\" height=\"450\" src=\"https:\/\/www.hotelorizzonte.com\/wp-content\/uploads\/2020\/12\/20160617_202959-450x450.jpg\" class=\"attachment-gallery-thumb size-gallery-thumb\" alt=\"\" srcset=\"https:\/\/www.hotelorizzonte.com\/wp-content\/uploads\/2020\/12\/20160617_202959-450x450.jpg 450w, https:\/\/www.hotelorizzonte.com\/wp-content\/uploads\/2020\/12\/20160617_202959-150x150.jpg 150w, https:\/\/www.hotelorizzonte.com\/wp-content\/uploads\/2020\/12\/20160617_202959-300x300.jpg 300w, https:\/\/www.hotelorizzonte.com\/wp-content\/uploads\/2020\/12\/20160617_202959-290x290.jpg 290w, https:\/\/www.hotelorizzonte.com\/wp-content\/uploads\/2020\/12\/20160617_202959-600x600.jpg 600w\" sizes=\"auto, (max-width: 450px) 100vw, 450px\" \/><\/a>\n\t\t\t\t<\/div><\/figure><figure class='gallery-item'>\n\t\t\t\t<div class='gallery-icon landscape'>\n\t\t\t\t\t<a href='https:\/\/www.hotelorizzonte.com\/wp-content\/uploads\/2020\/04\/Buffet-Dolci3-640x455.jpg' data-size=\"640x455\"><img loading=\"lazy\" decoding=\"async\" width=\"450\" height=\"450\" src=\"https:\/\/www.hotelorizzonte.com\/wp-content\/uploads\/2020\/04\/Buffet-Dolci3-640x455-450x450.jpg\" class=\"attachment-gallery-thumb size-gallery-thumb\" alt=\"\" srcset=\"https:\/\/www.hotelorizzonte.com\/wp-content\/uploads\/2020\/04\/Buffet-Dolci3-640x455-450x450.jpg 450w, https:\/\/www.hotelorizzonte.com\/wp-content\/uploads\/2020\/04\/Buffet-Dolci3-640x455-150x150.jpg 150w, https:\/\/www.hotelorizzonte.com\/wp-content\/uploads\/2020\/04\/Buffet-Dolci3-640x455-300x300.jpg 300w, https:\/\/www.hotelorizzonte.com\/wp-content\/uploads\/2020\/04\/Buffet-Dolci3-640x455-290x290.jpg 290w\" sizes=\"auto, (max-width: 450px) 100vw, 450px\" \/><\/a>\n\t\t\t\t<\/div><\/figure><figure class='gallery-item'>\n\t\t\t\t<div class='gallery-icon landscape'>\n\t\t\t\t\t<a href='https:\/\/www.hotelorizzonte.com\/wp-content\/uploads\/2020\/04\/Buffet-Dolci4-640x455.jpg' data-size=\"640x455\"><img loading=\"lazy\" decoding=\"async\" width=\"450\" height=\"450\" src=\"https:\/\/www.hotelorizzonte.com\/wp-content\/uploads\/2020\/04\/Buffet-Dolci4-640x455-450x450.jpg\" class=\"attachment-gallery-thumb size-gallery-thumb\" alt=\"\" srcset=\"https:\/\/www.hotelorizzonte.com\/wp-content\/uploads\/2020\/04\/Buffet-Dolci4-640x455-450x450.jpg 450w, https:\/\/www.hotelorizzonte.com\/wp-content\/uploads\/2020\/04\/Buffet-Dolci4-640x455-150x150.jpg 150w, https:\/\/www.hotelorizzonte.com\/wp-content\/uploads\/2020\/04\/Buffet-Dolci4-640x455-300x300.jpg 300w, https:\/\/www.hotelorizzonte.com\/wp-content\/uploads\/2020\/04\/Buffet-Dolci4-640x455-290x290.jpg 290w\" sizes=\"auto, (max-width: 450px) 100vw, 450px\" \/><\/a>\n\t\t\t\t<\/div><\/figure><figure class='gallery-item'>\n\t\t\t\t<div class='gallery-icon landscape'>\n\t\t\t\t\t<a href='https:\/\/www.hotelorizzonte.com\/wp-content\/uploads\/2020\/04\/Buffet-Dolci5-640x455.jpg' data-size=\"640x455\"><img loading=\"lazy\" decoding=\"async\" width=\"450\" height=\"450\" src=\"https:\/\/www.hotelorizzonte.com\/wp-content\/uploads\/2020\/04\/Buffet-Dolci5-640x455-450x450.jpg\" class=\"attachment-gallery-thumb size-gallery-thumb\" alt=\"\" srcset=\"https:\/\/www.hotelorizzonte.com\/wp-content\/uploads\/2020\/04\/Buffet-Dolci5-640x455-450x450.jpg 450w, https:\/\/www.hotelorizzonte.com\/wp-content\/uploads\/2020\/04\/Buffet-Dolci5-640x455-150x150.jpg 150w, https:\/\/www.hotelorizzonte.com\/wp-content\/uploads\/2020\/04\/Buffet-Dolci5-640x455-300x300.jpg 300w, https:\/\/www.hotelorizzonte.com\/wp-content\/uploads\/2020\/04\/Buffet-Dolci5-640x455-290x290.jpg 290w\" sizes=\"auto, (max-width: 450px) 100vw, 450px\" \/><\/a>\n\t\t\t\t<\/div><\/figure><figure class='gallery-item'>\n\t\t\t\t<div class='gallery-icon landscape'>\n\t\t\t\t\t<a href='https:\/\/www.hotelorizzonte.com\/wp-content\/uploads\/2020\/04\/Buffet-Dolci-640x455.jpg' data-size=\"640x455\"><img loading=\"lazy\" decoding=\"async\" width=\"450\" height=\"450\" src=\"https:\/\/www.hotelorizzonte.com\/wp-content\/uploads\/2020\/04\/Buffet-Dolci-640x455-450x450.jpg\" class=\"attachment-gallery-thumb size-gallery-thumb\" alt=\"\" srcset=\"https:\/\/www.hotelorizzonte.com\/wp-content\/uploads\/2020\/04\/Buffet-Dolci-640x455-450x450.jpg 450w, https:\/\/www.hotelorizzonte.com\/wp-content\/uploads\/2020\/04\/Buffet-Dolci-640x455-150x150.jpg 150w, https:\/\/www.hotelorizzonte.com\/wp-content\/uploads\/2020\/04\/Buffet-Dolci-640x455-300x300.jpg 300w, https:\/\/www.hotelorizzonte.com\/wp-content\/uploads\/2020\/04\/Buffet-Dolci-640x455-290x290.jpg 290w\" sizes=\"auto, (max-width: 450px) 100vw, 450px\" \/><\/a>\n\t\t\t\t<\/div><\/figure>\n\t\t\t<\/div>\n<\/div>\n\n<p><strong>Der s\u00fc\u00dfe Freitagabend im Hotel Orizzonte ist ein wahrhaft magischer Moment, der aus erster Hand erlebt und vor allem<\/strong>\u2026 probiert werden kann!<\/p>\n","protected":false},"excerpt":{"rendered":"<p>In der Tradition des Hotel Orizzonte war die Restauration f\u00fcr die G\u00e4ste schon immer ein Moment gro\u00dfer Freude und Zufriedenheit. Au\u00dfer dem gro\u00dfz\u00fcgigen Fr\u00fchst\u00fccksb\u00fcfett und den reichhaltigen Vorspeisen- und Gem\u00fcseb\u00fcfetts gibt es an allen Tagen sorgf\u00e4ltig zubereitete Gerichte \u201e\u00e0 la carte\u201c und Fisch \u2013 in einem renovierten Ambiente mit exklusivem Charakter. Gebt Euch ganz entspannt den Tafelfreuden hin! Chefkoch\u00a0und sein erfahrenes und phantasievolles Team legen besonderes Augenmerk auf die Verwendung &#8230;<\/p>\n","protected":false},"author":1,"featured_media":4295,"parent":0,"menu_order":0,"comment_status":"closed","ping_status":"closed","template":"","meta":{"_acf_changed":false},"class_list":["post-3306","page","type-page","status-publish","has-post-thumbnail","hentry"],"acf":[],"_links":{"self":[{"href":"https:\/\/www.hotelorizzonte.com\/de\/wp-json\/wp\/v2\/pages\/3306","targetHints":{"allow":["GET"]}}],"collection":[{"href":"https:\/\/www.hotelorizzonte.com\/de\/wp-json\/wp\/v2\/pages"}],"about":[{"href":"https:\/\/www.hotelorizzonte.com\/de\/wp-json\/wp\/v2\/types\/page"}],"author":[{"embeddable":true,"href":"https:\/\/www.hotelorizzonte.com\/de\/wp-json\/wp\/v2\/users\/1"}],"replies":[{"embeddable":true,"href":"https:\/\/www.hotelorizzonte.com\/de\/wp-json\/wp\/v2\/comments?post=3306"}],"version-history":[{"count":0,"href":"https:\/\/www.hotelorizzonte.com\/de\/wp-json\/wp\/v2\/pages\/3306\/revisions"}],"wp:featuredmedia":[{"embeddable":true,"href":"https:\/\/www.hotelorizzonte.com\/de\/wp-json\/wp\/v2\/media\/4295"}],"wp:attachment":[{"href":"https:\/\/www.hotelorizzonte.com\/de\/wp-json\/wp\/v2\/media?parent=3306"}],"curies":[{"name":"wp","href":"https:\/\/api.w.org\/{rel}","templated":true}]}}