{"id":3324,"date":"2019-08-26T16:23:51","date_gmt":"2019-08-26T14:23:51","guid":{"rendered":"https:\/\/www.hotelorizzonte.com\/piscina-e-centro-benessere\/"},"modified":"2020-12-04T15:32:35","modified_gmt":"2020-12-04T14:32:35","slug":"pool-und-spa","status":"publish","type":"page","link":"https:\/\/www.hotelorizzonte.com\/de\/pool-und-spa\/","title":{"rendered":"Am Hotel Orizonte sind geheizten  Pool und Spa"},"content":{"rendered":"<p>Das sind die zwei Dienstleistungen, die das Angebot des Hotel Orizzonte vervollkommnen; kennzeichnend f\u00fcr ein Hotel, wo man entspannende, st\u00e4rkende und lustige Ferien verbringen kann. Wenn Sie im Urlaub entspannen und fit werden wollen, ist das Hotel Orizzonte in Bellaria Igea Marina genau das richtige f\u00fcr Sie. <strong>Im \u00fcberdachten, geheizten Schwimmbad, wird es m\u00f6glich sein, auch bei bew\u00f6lktem Himmel oder bei Regen<\/strong>, zu schwimmen. Nach dem Bad, warten auf Sie entspannende Momente im Unterwassermassage-Becken.<\/p>\n<p>Das <strong>Wellness Center des Hotel Orizzonte in Bellaria Igea Marina<\/strong> sorgt f\u00fcr das physische und psychische Wohlbefinden seiner G\u00e4ste, und bietet eine Vielfalt an <strong>Dienstleistungen: T\u00fcrkisches Bad, Sauna, Unterwassermassage-Becken, Emotional-Duschen und Massagen<\/strong>.<\/p>\n<div id='gallery-1' class='gallery galleryid-3324  gallery-size-gallery-thumb'><div class='owl-carousel owl-carousel-multiple-carousel-style'\n\t\t\t\t\t\t\tdata-owl-navigation='true'\n\t\t\t\t\t\t\tdata-owl-slide-speed='300'\n\t\t\t\t\t\t\tdata-owl-autoplay='false'\n\t\t\t\t\t\t\tdata-owl-dots='false'\n\t\t\t\t\t\t\tdata-owl-dots-speed='300'\n\t\t\t\t\t\t\tdata-owl-items-xs='1'data-owl-items-sm='2'data-owl-items-md='3'data-owl-items-lg='3'data-owl-items-xl='3'\n\t\t\t\t\t\t><figure class='gallery-item'>\n\t\t\t\t<div class='gallery-icon landscape'>\n\t\t\t\t\t<a href='https:\/\/www.hotelorizzonte.com\/wp-content\/uploads\/2020\/10\/Gallery-Piscina-05-Hotel-Orizzonte.jpg' data-size=\"1000x600\"><img loading=\"lazy\" decoding=\"async\" width=\"450\" height=\"450\" src=\"https:\/\/www.hotelorizzonte.com\/wp-content\/uploads\/2020\/10\/Gallery-Piscina-05-Hotel-Orizzonte-450x450.jpg\" class=\"attachment-gallery-thumb size-gallery-thumb\" alt=\"\" srcset=\"https:\/\/www.hotelorizzonte.com\/wp-content\/uploads\/2020\/10\/Gallery-Piscina-05-Hotel-Orizzonte-450x450.jpg 450w, https:\/\/www.hotelorizzonte.com\/wp-content\/uploads\/2020\/10\/Gallery-Piscina-05-Hotel-Orizzonte-150x150.jpg 150w, https:\/\/www.hotelorizzonte.com\/wp-content\/uploads\/2020\/10\/Gallery-Piscina-05-Hotel-Orizzonte-300x300.jpg 300w, https:\/\/www.hotelorizzonte.com\/wp-content\/uploads\/2020\/10\/Gallery-Piscina-05-Hotel-Orizzonte-290x290.jpg 290w, https:\/\/www.hotelorizzonte.com\/wp-content\/uploads\/2020\/10\/Gallery-Piscina-05-Hotel-Orizzonte-600x600.jpg 600w\" sizes=\"auto, (max-width: 450px) 100vw, 450px\" \/><\/a>\n\t\t\t\t<\/div><\/figure><figure class='gallery-item'>\n\t\t\t\t<div class='gallery-icon landscape'>\n\t\t\t\t\t<a href='https:\/\/www.hotelorizzonte.com\/wp-content\/uploads\/2020\/10\/Gallery-Piscina-07-Hotel-Orizzonte.jpg' data-size=\"1000x600\"><img loading=\"lazy\" decoding=\"async\" width=\"450\" height=\"450\" src=\"https:\/\/www.hotelorizzonte.com\/wp-content\/uploads\/2020\/10\/Gallery-Piscina-07-Hotel-Orizzonte-450x450.jpg\" class=\"attachment-gallery-thumb size-gallery-thumb\" alt=\"\" srcset=\"https:\/\/www.hotelorizzonte.com\/wp-content\/uploads\/2020\/10\/Gallery-Piscina-07-Hotel-Orizzonte-450x450.jpg 450w, https:\/\/www.hotelorizzonte.com\/wp-content\/uploads\/2020\/10\/Gallery-Piscina-07-Hotel-Orizzonte-150x150.jpg 150w, https:\/\/www.hotelorizzonte.com\/wp-content\/uploads\/2020\/10\/Gallery-Piscina-07-Hotel-Orizzonte-300x300.jpg 300w, https:\/\/www.hotelorizzonte.com\/wp-content\/uploads\/2020\/10\/Gallery-Piscina-07-Hotel-Orizzonte-290x290.jpg 290w, https:\/\/www.hotelorizzonte.com\/wp-content\/uploads\/2020\/10\/Gallery-Piscina-07-Hotel-Orizzonte-600x600.jpg 600w\" sizes=\"auto, (max-width: 450px) 100vw, 450px\" \/><\/a>\n\t\t\t\t<\/div><\/figure><figure class='gallery-item'>\n\t\t\t\t<div class='gallery-icon landscape'>\n\t\t\t\t\t<a href='https:\/\/www.hotelorizzonte.com\/wp-content\/uploads\/2020\/10\/Gallery-Piscina-06-Hotel-Orizzonte.jpg' data-size=\"1000x600\"><img loading=\"lazy\" decoding=\"async\" width=\"450\" height=\"450\" src=\"https:\/\/www.hotelorizzonte.com\/wp-content\/uploads\/2020\/10\/Gallery-Piscina-06-Hotel-Orizzonte-450x450.jpg\" class=\"attachment-gallery-thumb size-gallery-thumb\" alt=\"\" srcset=\"https:\/\/www.hotelorizzonte.com\/wp-content\/uploads\/2020\/10\/Gallery-Piscina-06-Hotel-Orizzonte-450x450.jpg 450w, https:\/\/www.hotelorizzonte.com\/wp-content\/uploads\/2020\/10\/Gallery-Piscina-06-Hotel-Orizzonte-150x150.jpg 150w, https:\/\/www.hotelorizzonte.com\/wp-content\/uploads\/2020\/10\/Gallery-Piscina-06-Hotel-Orizzonte-300x300.jpg 300w, https:\/\/www.hotelorizzonte.com\/wp-content\/uploads\/2020\/10\/Gallery-Piscina-06-Hotel-Orizzonte-290x290.jpg 290w, https:\/\/www.hotelorizzonte.com\/wp-content\/uploads\/2020\/10\/Gallery-Piscina-06-Hotel-Orizzonte-600x600.jpg 600w\" sizes=\"auto, (max-width: 450px) 100vw, 450px\" \/><\/a>\n\t\t\t\t<\/div><\/figure><figure class='gallery-item'>\n\t\t\t\t<div class='gallery-icon landscape'>\n\t\t\t\t\t<a href='https:\/\/www.hotelorizzonte.com\/wp-content\/uploads\/2020\/10\/Gallery-Piscina-10-Hotel-Orizzonte.jpg' data-size=\"1000x600\"><img loading=\"lazy\" decoding=\"async\" width=\"450\" height=\"450\" src=\"https:\/\/www.hotelorizzonte.com\/wp-content\/uploads\/2020\/10\/Gallery-Piscina-10-Hotel-Orizzonte-450x450.jpg\" class=\"attachment-gallery-thumb size-gallery-thumb\" alt=\"\" srcset=\"https:\/\/www.hotelorizzonte.com\/wp-content\/uploads\/2020\/10\/Gallery-Piscina-10-Hotel-Orizzonte-450x450.jpg 450w, https:\/\/www.hotelorizzonte.com\/wp-content\/uploads\/2020\/10\/Gallery-Piscina-10-Hotel-Orizzonte-150x150.jpg 150w, https:\/\/www.hotelorizzonte.com\/wp-content\/uploads\/2020\/10\/Gallery-Piscina-10-Hotel-Orizzonte-300x300.jpg 300w, https:\/\/www.hotelorizzonte.com\/wp-content\/uploads\/2020\/10\/Gallery-Piscina-10-Hotel-Orizzonte-290x290.jpg 290w, https:\/\/www.hotelorizzonte.com\/wp-content\/uploads\/2020\/10\/Gallery-Piscina-10-Hotel-Orizzonte-600x600.jpg 600w\" sizes=\"auto, (max-width: 450px) 100vw, 450px\" \/><\/a>\n\t\t\t\t<\/div><\/figure><figure class='gallery-item'>\n\t\t\t\t<div class='gallery-icon landscape'>\n\t\t\t\t\t<a href='https:\/\/www.hotelorizzonte.com\/wp-content\/uploads\/2020\/04\/Gallery-07-Hotel-Orizzonte.jpg' data-size=\"1000x600\"><img loading=\"lazy\" decoding=\"async\" width=\"450\" height=\"450\" src=\"https:\/\/www.hotelorizzonte.com\/wp-content\/uploads\/2020\/04\/Gallery-07-Hotel-Orizzonte-450x450.jpg\" class=\"attachment-gallery-thumb size-gallery-thumb\" alt=\"\" srcset=\"https:\/\/www.hotelorizzonte.com\/wp-content\/uploads\/2020\/04\/Gallery-07-Hotel-Orizzonte-450x450.jpg 450w, https:\/\/www.hotelorizzonte.com\/wp-content\/uploads\/2020\/04\/Gallery-07-Hotel-Orizzonte-150x150.jpg 150w, https:\/\/www.hotelorizzonte.com\/wp-content\/uploads\/2020\/04\/Gallery-07-Hotel-Orizzonte-300x300.jpg 300w, https:\/\/www.hotelorizzonte.com\/wp-content\/uploads\/2020\/04\/Gallery-07-Hotel-Orizzonte-290x290.jpg 290w, https:\/\/www.hotelorizzonte.com\/wp-content\/uploads\/2020\/04\/Gallery-07-Hotel-Orizzonte-600x600.jpg 600w\" sizes=\"auto, (max-width: 450px) 100vw, 450px\" \/><\/a>\n\t\t\t\t<\/div><\/figure><figure class='gallery-item'>\n\t\t\t\t<div class='gallery-icon landscape'>\n\t\t\t\t\t<a href='https:\/\/www.hotelorizzonte.com\/wp-content\/uploads\/2020\/10\/Gallery-Piscina-09-Hotel-Orizzonte.jpg' data-size=\"1000x600\"><img loading=\"lazy\" decoding=\"async\" width=\"450\" height=\"450\" src=\"https:\/\/www.hotelorizzonte.com\/wp-content\/uploads\/2020\/10\/Gallery-Piscina-09-Hotel-Orizzonte-450x450.jpg\" class=\"attachment-gallery-thumb size-gallery-thumb\" alt=\"\" srcset=\"https:\/\/www.hotelorizzonte.com\/wp-content\/uploads\/2020\/10\/Gallery-Piscina-09-Hotel-Orizzonte-450x450.jpg 450w, https:\/\/www.hotelorizzonte.com\/wp-content\/uploads\/2020\/10\/Gallery-Piscina-09-Hotel-Orizzonte-150x150.jpg 150w, https:\/\/www.hotelorizzonte.com\/wp-content\/uploads\/2020\/10\/Gallery-Piscina-09-Hotel-Orizzonte-300x300.jpg 300w, https:\/\/www.hotelorizzonte.com\/wp-content\/uploads\/2020\/10\/Gallery-Piscina-09-Hotel-Orizzonte-290x290.jpg 290w, https:\/\/www.hotelorizzonte.com\/wp-content\/uploads\/2020\/10\/Gallery-Piscina-09-Hotel-Orizzonte-600x600.jpg 600w\" sizes=\"auto, (max-width: 450px) 100vw, 450px\" \/><\/a>\n\t\t\t\t<\/div><\/figure><figure class='gallery-item'>\n\t\t\t\t<div class='gallery-icon landscape'>\n\t\t\t\t\t<a href='https:\/\/www.hotelorizzonte.com\/wp-content\/uploads\/2020\/04\/Gallery-Piscina-02-Hotel-Orizzonte.jpg' data-size=\"1000x600\"><img loading=\"lazy\" decoding=\"async\" width=\"450\" height=\"450\" src=\"https:\/\/www.hotelorizzonte.com\/wp-content\/uploads\/2020\/04\/Gallery-Piscina-02-Hotel-Orizzonte-450x450.jpg\" class=\"attachment-gallery-thumb size-gallery-thumb\" alt=\"\" srcset=\"https:\/\/www.hotelorizzonte.com\/wp-content\/uploads\/2020\/04\/Gallery-Piscina-02-Hotel-Orizzonte-450x450.jpg 450w, https:\/\/www.hotelorizzonte.com\/wp-content\/uploads\/2020\/04\/Gallery-Piscina-02-Hotel-Orizzonte-150x150.jpg 150w, https:\/\/www.hotelorizzonte.com\/wp-content\/uploads\/2020\/04\/Gallery-Piscina-02-Hotel-Orizzonte-300x300.jpg 300w, https:\/\/www.hotelorizzonte.com\/wp-content\/uploads\/2020\/04\/Gallery-Piscina-02-Hotel-Orizzonte-290x290.jpg 290w, https:\/\/www.hotelorizzonte.com\/wp-content\/uploads\/2020\/04\/Gallery-Piscina-02-Hotel-Orizzonte-600x600.jpg 600w\" sizes=\"auto, (max-width: 450px) 100vw, 450px\" \/><\/a>\n\t\t\t\t<\/div><\/figure><figure class='gallery-item'>\n\t\t\t\t<div class='gallery-icon landscape'>\n\t\t\t\t\t<a href='https:\/\/www.hotelorizzonte.com\/wp-content\/uploads\/2020\/04\/Gallery-Piscina-01-Hotel-Orizzonte.jpg' data-size=\"1000x600\"><img loading=\"lazy\" decoding=\"async\" width=\"450\" height=\"450\" src=\"https:\/\/www.hotelorizzonte.com\/wp-content\/uploads\/2020\/04\/Gallery-Piscina-01-Hotel-Orizzonte-450x450.jpg\" class=\"attachment-gallery-thumb size-gallery-thumb\" alt=\"\" srcset=\"https:\/\/www.hotelorizzonte.com\/wp-content\/uploads\/2020\/04\/Gallery-Piscina-01-Hotel-Orizzonte-450x450.jpg 450w, https:\/\/www.hotelorizzonte.com\/wp-content\/uploads\/2020\/04\/Gallery-Piscina-01-Hotel-Orizzonte-150x150.jpg 150w, https:\/\/www.hotelorizzonte.com\/wp-content\/uploads\/2020\/04\/Gallery-Piscina-01-Hotel-Orizzonte-300x300.jpg 300w, https:\/\/www.hotelorizzonte.com\/wp-content\/uploads\/2020\/04\/Gallery-Piscina-01-Hotel-Orizzonte-290x290.jpg 290w, https:\/\/www.hotelorizzonte.com\/wp-content\/uploads\/2020\/04\/Gallery-Piscina-01-Hotel-Orizzonte-600x600.jpg 600w\" sizes=\"auto, (max-width: 450px) 100vw, 450px\" \/><\/a>\n\t\t\t\t<\/div><\/figure><figure class='gallery-item'>\n\t\t\t\t<div class='gallery-icon landscape'>\n\t\t\t\t\t<a href='https:\/\/www.hotelorizzonte.com\/wp-content\/uploads\/2020\/04\/Gallery-Piscina-04-Hotel-Orizzonte.jpg' data-size=\"1000x600\"><img loading=\"lazy\" decoding=\"async\" width=\"450\" height=\"450\" src=\"https:\/\/www.hotelorizzonte.com\/wp-content\/uploads\/2020\/04\/Gallery-Piscina-04-Hotel-Orizzonte-450x450.jpg\" class=\"attachment-gallery-thumb size-gallery-thumb\" alt=\"\" srcset=\"https:\/\/www.hotelorizzonte.com\/wp-content\/uploads\/2020\/04\/Gallery-Piscina-04-Hotel-Orizzonte-450x450.jpg 450w, https:\/\/www.hotelorizzonte.com\/wp-content\/uploads\/2020\/04\/Gallery-Piscina-04-Hotel-Orizzonte-150x150.jpg 150w, https:\/\/www.hotelorizzonte.com\/wp-content\/uploads\/2020\/04\/Gallery-Piscina-04-Hotel-Orizzonte-300x300.jpg 300w, https:\/\/www.hotelorizzonte.com\/wp-content\/uploads\/2020\/04\/Gallery-Piscina-04-Hotel-Orizzonte-290x290.jpg 290w, https:\/\/www.hotelorizzonte.com\/wp-content\/uploads\/2020\/04\/Gallery-Piscina-04-Hotel-Orizzonte-600x600.jpg 600w\" sizes=\"auto, (max-width: 450px) 100vw, 450px\" \/><\/a>\n\t\t\t\t<\/div><\/figure><figure class='gallery-item'>\n\t\t\t\t<div class='gallery-icon landscape'>\n\t\t\t\t\t<a href='https:\/\/www.hotelorizzonte.com\/wp-content\/uploads\/2020\/04\/Gallery-03-Hotel-Orizzonte.jpg' data-size=\"1000x600\"><img loading=\"lazy\" decoding=\"async\" width=\"450\" height=\"450\" src=\"https:\/\/www.hotelorizzonte.com\/wp-content\/uploads\/2020\/04\/Gallery-03-Hotel-Orizzonte-450x450.jpg\" class=\"attachment-gallery-thumb size-gallery-thumb\" alt=\"\" srcset=\"https:\/\/www.hotelorizzonte.com\/wp-content\/uploads\/2020\/04\/Gallery-03-Hotel-Orizzonte-450x450.jpg 450w, https:\/\/www.hotelorizzonte.com\/wp-content\/uploads\/2020\/04\/Gallery-03-Hotel-Orizzonte-150x150.jpg 150w, https:\/\/www.hotelorizzonte.com\/wp-content\/uploads\/2020\/04\/Gallery-03-Hotel-Orizzonte-300x300.jpg 300w, https:\/\/www.hotelorizzonte.com\/wp-content\/uploads\/2020\/04\/Gallery-03-Hotel-Orizzonte-290x290.jpg 290w, https:\/\/www.hotelorizzonte.com\/wp-content\/uploads\/2020\/04\/Gallery-03-Hotel-Orizzonte-600x600.jpg 600w\" sizes=\"auto, (max-width: 450px) 100vw, 450px\" \/><\/a>\n\t\t\t\t<\/div><\/figure><figure class='gallery-item'>\n\t\t\t\t<div class='gallery-icon landscape'>\n\t\t\t\t\t<a href='https:\/\/www.hotelorizzonte.com\/wp-content\/uploads\/2020\/10\/Gallery-Piscina-11-Hotel-Orizzonte.jpg' data-size=\"1000x600\"><img loading=\"lazy\" decoding=\"async\" width=\"450\" height=\"450\" src=\"https:\/\/www.hotelorizzonte.com\/wp-content\/uploads\/2020\/10\/Gallery-Piscina-11-Hotel-Orizzonte-450x450.jpg\" class=\"attachment-gallery-thumb size-gallery-thumb\" alt=\"\" srcset=\"https:\/\/www.hotelorizzonte.com\/wp-content\/uploads\/2020\/10\/Gallery-Piscina-11-Hotel-Orizzonte-450x450.jpg 450w, https:\/\/www.hotelorizzonte.com\/wp-content\/uploads\/2020\/10\/Gallery-Piscina-11-Hotel-Orizzonte-150x150.jpg 150w, https:\/\/www.hotelorizzonte.com\/wp-content\/uploads\/2020\/10\/Gallery-Piscina-11-Hotel-Orizzonte-300x300.jpg 300w, https:\/\/www.hotelorizzonte.com\/wp-content\/uploads\/2020\/10\/Gallery-Piscina-11-Hotel-Orizzonte-290x290.jpg 290w, https:\/\/www.hotelorizzonte.com\/wp-content\/uploads\/2020\/10\/Gallery-Piscina-11-Hotel-Orizzonte-600x600.jpg 600w\" sizes=\"auto, (max-width: 450px) 100vw, 450px\" \/><\/a>\n\t\t\t\t<\/div><\/figure>\n\t\t\t<\/div>\n<\/div>\n\n","protected":false},"excerpt":{"rendered":"<p>Das sind die zwei Dienstleistungen, die das Angebot des Hotel Orizzonte vervollkommnen; kennzeichnend f\u00fcr ein Hotel, wo man entspannende, st\u00e4rkende und lustige Ferien verbringen kann. Wenn Sie im Urlaub entspannen und fit werden wollen, ist das Hotel Orizzonte in Bellaria Igea Marina genau das richtige f\u00fcr Sie. Im \u00fcberdachten, geheizten Schwimmbad, wird es m\u00f6glich sein, auch bei bew\u00f6lktem Himmel oder bei Regen, zu schwimmen. Nach dem Bad, warten auf Sie &#8230;<\/p>\n","protected":false},"author":1,"featured_media":3533,"parent":0,"menu_order":0,"comment_status":"closed","ping_status":"closed","template":"template\/template.faq.php","meta":{"_acf_changed":false},"class_list":["post-3324","page","type-page","status-publish","has-post-thumbnail","hentry"],"acf":[],"_links":{"self":[{"href":"https:\/\/www.hotelorizzonte.com\/de\/wp-json\/wp\/v2\/pages\/3324","targetHints":{"allow":["GET"]}}],"collection":[{"href":"https:\/\/www.hotelorizzonte.com\/de\/wp-json\/wp\/v2\/pages"}],"about":[{"href":"https:\/\/www.hotelorizzonte.com\/de\/wp-json\/wp\/v2\/types\/page"}],"author":[{"embeddable":true,"href":"https:\/\/www.hotelorizzonte.com\/de\/wp-json\/wp\/v2\/users\/1"}],"replies":[{"embeddable":true,"href":"https:\/\/www.hotelorizzonte.com\/de\/wp-json\/wp\/v2\/comments?post=3324"}],"version-history":[{"count":0,"href":"https:\/\/www.hotelorizzonte.com\/de\/wp-json\/wp\/v2\/pages\/3324\/revisions"}],"wp:featuredmedia":[{"embeddable":true,"href":"https:\/\/www.hotelorizzonte.com\/de\/wp-json\/wp\/v2\/media\/3533"}],"wp:attachment":[{"href":"https:\/\/www.hotelorizzonte.com\/de\/wp-json\/wp\/v2\/media?parent=3324"}],"curies":[{"name":"wp","href":"https:\/\/api.w.org\/{rel}","templated":true}]}}