{"id":3331,"date":"2020-04-22T09:37:35","date_gmt":"2020-04-22T07:37:35","guid":{"rendered":"https:\/\/www.hotelorizzonte.com\/hotel-con-spiaggia-convenzionata\/"},"modified":"2020-12-04T14:48:09","modified_gmt":"2020-12-04T13:48:09","slug":"privatstrand-hotel-orizzonte-bellaria","status":"publish","type":"page","link":"https:\/\/www.hotelorizzonte.com\/de\/privatstrand-hotel-orizzonte-bellaria\/","title":{"rendered":"Der Privatstrand des Hotel Orizzonte"},"content":{"rendered":"<p><strong>\u201ePlaya del Sol\u201c<\/strong> unser Strand. Ganz feiner heller Sand, der seit 3 Generationen jeden Tag von Hand und mechanisch gesiebt wird; modern gehalten mit professioneller Ausr\u00fcstung.<\/p>\n<p><strong>F\u00fcrs Vergn\u00fcgen organisierte R\u00e4ume<\/strong>, Relax im Schatten der Sonnensegel und die sprichw\u00f6rtliche Herzlichkeit des Personals machen Euren Aufenthalt angenehm und erholsam. Der <strong>Meeresabschnitt bei uns ist auch f\u00fcr die Kleinsten besonders geeignet<\/strong>, er hat eine geringe Tiefe und bietet von daher maximale Sicherheit. Die Dynamischeren erwartet t\u00e4glich ein intensives <strong>Programm physischer Bet\u00e4tigung<\/strong> unter Anleitung der Animateure von Fitness Mare <strong>\u201c PLAYA DEL SOL\u201c: ein Platz an der Sonne, f\u00fcr Euch gemacht.<br \/>\n<\/strong><\/p>\n<p><strong>Dienstleistungen:<\/strong> Mini-Club, Animation, Fitness-Bereich unter den Sonnensegeln, Relax-Bereich, Spielplatz, Beachvolley, Boccia, Ping pong, Tischtennis, Tretboote.<\/p>\n<div id='gallery-1' class='gallery galleryid-3331  gallery-size-gallery-thumb'><div class='owl-carousel owl-carousel-multiple-carousel-style'\n\t\t\t\t\t\t\tdata-owl-navigation='true'\n\t\t\t\t\t\t\tdata-owl-slide-speed='300'\n\t\t\t\t\t\t\tdata-owl-autoplay='false'\n\t\t\t\t\t\t\tdata-owl-dots='false'\n\t\t\t\t\t\t\tdata-owl-dots-speed='300'\n\t\t\t\t\t\t\tdata-owl-items-xs='1'data-owl-items-sm='2'data-owl-items-md='3'data-owl-items-lg='3'data-owl-items-xl='3'\n\t\t\t\t\t\t><figure class='gallery-item'>\n\t\t\t\t<div class='gallery-icon landscape'>\n\t\t\t\t\t<a href='https:\/\/www.hotelorizzonte.com\/wp-content\/uploads\/2020\/12\/DSC6667.jpg' data-size=\"1000x600\"><img loading=\"lazy\" decoding=\"async\" width=\"450\" height=\"450\" src=\"https:\/\/www.hotelorizzonte.com\/wp-content\/uploads\/2020\/12\/DSC6667-450x450.jpg\" class=\"attachment-gallery-thumb size-gallery-thumb\" alt=\"\" srcset=\"https:\/\/www.hotelorizzonte.com\/wp-content\/uploads\/2020\/12\/DSC6667-450x450.jpg 450w, https:\/\/www.hotelorizzonte.com\/wp-content\/uploads\/2020\/12\/DSC6667-150x150.jpg 150w, https:\/\/www.hotelorizzonte.com\/wp-content\/uploads\/2020\/12\/DSC6667-300x300.jpg 300w, https:\/\/www.hotelorizzonte.com\/wp-content\/uploads\/2020\/12\/DSC6667-290x290.jpg 290w, https:\/\/www.hotelorizzonte.com\/wp-content\/uploads\/2020\/12\/DSC6667-600x600.jpg 600w\" sizes=\"auto, (max-width: 450px) 100vw, 450px\" \/><\/a>\n\t\t\t\t<\/div><\/figure><figure class='gallery-item'>\n\t\t\t\t<div class='gallery-icon landscape'>\n\t\t\t\t\t<a href='https:\/\/www.hotelorizzonte.com\/wp-content\/uploads\/2020\/04\/Gallery-01-Hotel-Orizzonte.jpg' data-size=\"1000x600\"><img loading=\"lazy\" decoding=\"async\" width=\"450\" height=\"450\" src=\"https:\/\/www.hotelorizzonte.com\/wp-content\/uploads\/2020\/04\/Gallery-01-Hotel-Orizzonte-450x450.jpg\" class=\"attachment-gallery-thumb size-gallery-thumb\" alt=\"\" srcset=\"https:\/\/www.hotelorizzonte.com\/wp-content\/uploads\/2020\/04\/Gallery-01-Hotel-Orizzonte-450x450.jpg 450w, https:\/\/www.hotelorizzonte.com\/wp-content\/uploads\/2020\/04\/Gallery-01-Hotel-Orizzonte-150x150.jpg 150w, https:\/\/www.hotelorizzonte.com\/wp-content\/uploads\/2020\/04\/Gallery-01-Hotel-Orizzonte-300x300.jpg 300w, https:\/\/www.hotelorizzonte.com\/wp-content\/uploads\/2020\/04\/Gallery-01-Hotel-Orizzonte-290x290.jpg 290w, https:\/\/www.hotelorizzonte.com\/wp-content\/uploads\/2020\/04\/Gallery-01-Hotel-Orizzonte-600x600.jpg 600w\" sizes=\"auto, (max-width: 450px) 100vw, 450px\" \/><\/a>\n\t\t\t\t<\/div><\/figure><figure class='gallery-item'>\n\t\t\t\t<div class='gallery-icon landscape'>\n\t\t\t\t\t<a href='https:\/\/www.hotelorizzonte.com\/wp-content\/uploads\/2020\/12\/7Y1A1061.jpg' data-size=\"1000x600\"><img loading=\"lazy\" decoding=\"async\" width=\"450\" height=\"450\" src=\"https:\/\/www.hotelorizzonte.com\/wp-content\/uploads\/2020\/12\/7Y1A1061-450x450.jpg\" class=\"attachment-gallery-thumb size-gallery-thumb\" alt=\"\" srcset=\"https:\/\/www.hotelorizzonte.com\/wp-content\/uploads\/2020\/12\/7Y1A1061-450x450.jpg 450w, https:\/\/www.hotelorizzonte.com\/wp-content\/uploads\/2020\/12\/7Y1A1061-150x150.jpg 150w, https:\/\/www.hotelorizzonte.com\/wp-content\/uploads\/2020\/12\/7Y1A1061-300x300.jpg 300w, https:\/\/www.hotelorizzonte.com\/wp-content\/uploads\/2020\/12\/7Y1A1061-290x290.jpg 290w, https:\/\/www.hotelorizzonte.com\/wp-content\/uploads\/2020\/12\/7Y1A1061-600x600.jpg 600w\" sizes=\"auto, (max-width: 450px) 100vw, 450px\" \/><\/a>\n\t\t\t\t<\/div><\/figure><figure class='gallery-item'>\n\t\t\t\t<div class='gallery-icon landscape'>\n\t\t\t\t\t<a href='https:\/\/www.hotelorizzonte.com\/wp-content\/uploads\/2020\/12\/Robi-e-Fili-064.jpg' data-size=\"1000x600\"><img loading=\"lazy\" decoding=\"async\" width=\"450\" height=\"450\" src=\"https:\/\/www.hotelorizzonte.com\/wp-content\/uploads\/2020\/12\/Robi-e-Fili-064-450x450.jpg\" class=\"attachment-gallery-thumb size-gallery-thumb\" alt=\"\" srcset=\"https:\/\/www.hotelorizzonte.com\/wp-content\/uploads\/2020\/12\/Robi-e-Fili-064-450x450.jpg 450w, https:\/\/www.hotelorizzonte.com\/wp-content\/uploads\/2020\/12\/Robi-e-Fili-064-150x150.jpg 150w, https:\/\/www.hotelorizzonte.com\/wp-content\/uploads\/2020\/12\/Robi-e-Fili-064-300x300.jpg 300w, https:\/\/www.hotelorizzonte.com\/wp-content\/uploads\/2020\/12\/Robi-e-Fili-064-290x290.jpg 290w, https:\/\/www.hotelorizzonte.com\/wp-content\/uploads\/2020\/12\/Robi-e-Fili-064-600x600.jpg 600w\" sizes=\"auto, (max-width: 450px) 100vw, 450px\" \/><\/a>\n\t\t\t\t<\/div><\/figure><figure class='gallery-item'>\n\t\t\t\t<div class='gallery-icon landscape'>\n\t\t\t\t\t<a href='https:\/\/www.hotelorizzonte.com\/wp-content\/uploads\/2020\/04\/Gallery-02-Hotel-Orizzonte.jpg' data-size=\"1000x600\"><img loading=\"lazy\" decoding=\"async\" width=\"450\" height=\"450\" src=\"https:\/\/www.hotelorizzonte.com\/wp-content\/uploads\/2020\/04\/Gallery-02-Hotel-Orizzonte-450x450.jpg\" class=\"attachment-gallery-thumb size-gallery-thumb\" alt=\"\" srcset=\"https:\/\/www.hotelorizzonte.com\/wp-content\/uploads\/2020\/04\/Gallery-02-Hotel-Orizzonte-450x450.jpg 450w, https:\/\/www.hotelorizzonte.com\/wp-content\/uploads\/2020\/04\/Gallery-02-Hotel-Orizzonte-150x150.jpg 150w, https:\/\/www.hotelorizzonte.com\/wp-content\/uploads\/2020\/04\/Gallery-02-Hotel-Orizzonte-300x300.jpg 300w, https:\/\/www.hotelorizzonte.com\/wp-content\/uploads\/2020\/04\/Gallery-02-Hotel-Orizzonte-290x290.jpg 290w, https:\/\/www.hotelorizzonte.com\/wp-content\/uploads\/2020\/04\/Gallery-02-Hotel-Orizzonte-600x600.jpg 600w\" sizes=\"auto, (max-width: 450px) 100vw, 450px\" \/><\/a>\n\t\t\t\t<\/div><\/figure><figure class='gallery-item'>\n\t\t\t\t<div class='gallery-icon landscape'>\n\t\t\t\t\t<a href='https:\/\/www.hotelorizzonte.com\/wp-content\/uploads\/2020\/04\/Gallery-03-Hotel-Orizzonte3.jpg' data-size=\"1000x600\"><img loading=\"lazy\" decoding=\"async\" width=\"450\" height=\"450\" src=\"https:\/\/www.hotelorizzonte.com\/wp-content\/uploads\/2020\/04\/Gallery-03-Hotel-Orizzonte3-450x450.jpg\" class=\"attachment-gallery-thumb size-gallery-thumb\" alt=\"\" srcset=\"https:\/\/www.hotelorizzonte.com\/wp-content\/uploads\/2020\/04\/Gallery-03-Hotel-Orizzonte3-450x450.jpg 450w, https:\/\/www.hotelorizzonte.com\/wp-content\/uploads\/2020\/04\/Gallery-03-Hotel-Orizzonte3-150x150.jpg 150w, https:\/\/www.hotelorizzonte.com\/wp-content\/uploads\/2020\/04\/Gallery-03-Hotel-Orizzonte3-300x300.jpg 300w, https:\/\/www.hotelorizzonte.com\/wp-content\/uploads\/2020\/04\/Gallery-03-Hotel-Orizzonte3-290x290.jpg 290w, https:\/\/www.hotelorizzonte.com\/wp-content\/uploads\/2020\/04\/Gallery-03-Hotel-Orizzonte3-600x600.jpg 600w\" sizes=\"auto, (max-width: 450px) 100vw, 450px\" \/><\/a>\n\t\t\t\t<\/div><\/figure><figure class='gallery-item'>\n\t\t\t\t<div class='gallery-icon landscape'>\n\t\t\t\t\t<a href='https:\/\/www.hotelorizzonte.com\/wp-content\/uploads\/2020\/12\/DSC8942.jpg' data-size=\"1000x600\"><img loading=\"lazy\" decoding=\"async\" width=\"450\" height=\"450\" src=\"https:\/\/www.hotelorizzonte.com\/wp-content\/uploads\/2020\/12\/DSC8942-450x450.jpg\" class=\"attachment-gallery-thumb size-gallery-thumb\" alt=\"\" srcset=\"https:\/\/www.hotelorizzonte.com\/wp-content\/uploads\/2020\/12\/DSC8942-450x450.jpg 450w, https:\/\/www.hotelorizzonte.com\/wp-content\/uploads\/2020\/12\/DSC8942-150x150.jpg 150w, https:\/\/www.hotelorizzonte.com\/wp-content\/uploads\/2020\/12\/DSC8942-300x300.jpg 300w, https:\/\/www.hotelorizzonte.com\/wp-content\/uploads\/2020\/12\/DSC8942-290x290.jpg 290w, https:\/\/www.hotelorizzonte.com\/wp-content\/uploads\/2020\/12\/DSC8942-600x600.jpg 600w\" sizes=\"auto, (max-width: 450px) 100vw, 450px\" \/><\/a>\n\t\t\t\t<\/div><\/figure>\n\t\t\t<\/div>\n<\/div>\n\n<p>Der moderne und vielseitige Strand von Bellaria Igea Marina hat im April ein in seiner Art einziges Sport-Event zu Gast: <strong>\u201eSAND UND GOLF\u201c. Ein Golfturnier auf dem Strand<\/strong>. Golf, der Sport des Augenblicks, praktiziert auf Sand, mit gro\u00dfen Champions und Pers\u00f6nlichkeiten des Sport und des Showbusiness, in Zusammenarbeit mit dem <strong>Rimini Golf Club<\/strong> (18 L\u00f6cher + 7 Executive im gro\u00dfartigen Marecchia-Tal).<\/p>\n","protected":false},"excerpt":{"rendered":"<p>\u201ePlaya del Sol\u201c unser Strand. Ganz feiner heller Sand, der seit 3 Generationen jeden Tag von Hand und mechanisch gesiebt wird; modern gehalten mit professioneller Ausr\u00fcstung. F\u00fcrs Vergn\u00fcgen organisierte R\u00e4ume, Relax im Schatten der Sonnensegel und die sprichw\u00f6rtliche Herzlichkeit des Personals machen Euren Aufenthalt angenehm und erholsam. Der Meeresabschnitt bei uns ist auch f\u00fcr die Kleinsten besonders geeignet, er hat eine geringe Tiefe und bietet von daher maximale Sicherheit. Die &#8230;<\/p>\n","protected":false},"author":1,"featured_media":0,"parent":0,"menu_order":0,"comment_status":"closed","ping_status":"closed","template":"","meta":{"_acf_changed":false},"class_list":["post-3331","page","type-page","status-publish","hentry"],"acf":[],"_links":{"self":[{"href":"https:\/\/www.hotelorizzonte.com\/de\/wp-json\/wp\/v2\/pages\/3331","targetHints":{"allow":["GET"]}}],"collection":[{"href":"https:\/\/www.hotelorizzonte.com\/de\/wp-json\/wp\/v2\/pages"}],"about":[{"href":"https:\/\/www.hotelorizzonte.com\/de\/wp-json\/wp\/v2\/types\/page"}],"author":[{"embeddable":true,"href":"https:\/\/www.hotelorizzonte.com\/de\/wp-json\/wp\/v2\/users\/1"}],"replies":[{"embeddable":true,"href":"https:\/\/www.hotelorizzonte.com\/de\/wp-json\/wp\/v2\/comments?post=3331"}],"version-history":[{"count":0,"href":"https:\/\/www.hotelorizzonte.com\/de\/wp-json\/wp\/v2\/pages\/3331\/revisions"}],"wp:attachment":[{"href":"https:\/\/www.hotelorizzonte.com\/de\/wp-json\/wp\/v2\/media?parent=3331"}],"curies":[{"name":"wp","href":"https:\/\/api.w.org\/{rel}","templated":true}]}}