{"id":3338,"date":"2017-09-08T11:53:45","date_gmt":"2017-09-08T09:53:45","guid":{"rendered":"https:\/\/www.hotelorizzonte.com\/dove-siamo\/"},"modified":"2023-06-26T10:34:11","modified_gmt":"2023-06-26T08:34:11","slug":"wo-wir-sind","status":"publish","type":"page","link":"https:\/\/www.hotelorizzonte.com\/de\/wo-wir-sind\/","title":{"rendered":"Wir Bellaria Igea Marina"},"content":{"rendered":"<h3>Come raggiungerci:<\/h3>\n<ul>\n<li><strong>In auto: <\/strong>dall\u2019autostrada A14 uscire al casello Valle del Rubicone e seguire successivamente le indicazioni per Bellaria.<\/li>\n<li><strong>In aereo:<\/strong> Aeroporto civile di Rimini (distanza circa 15 km), Aeroporto civile di Forl\u00ec (distanza circa 40 Km), Aeroporto Guglielmo Marconi di Bologna (circa 110 Km)<\/li>\n<li><strong> In treno: <\/strong>dalla stazione di Rimini bisogna percorrere la linea Rimini-Ravenna. Una volta scesi alla stazione di Bellaria l\u2019Hotel si trova a pochi metri. Oppure, sempre dopo essere scesi a Rimini si pu\u00f2 prendere dalla fermata della stazione di Rimini l\u2019autobus di linea numero 4 direzione Bellaria-San Mauro Mare.<\/li>\n<\/ul>\n<p><img loading=\"lazy\" decoding=\"async\" class=\"alignnone wp-image-3481 size-full\" src=\"https:\/\/www.hotelorizzonte.com\/wp-content\/uploads\/2020\/10\/mappa-de.jpg\" alt=\"\" width=\"1415\" height=\"871\" data-big-size=\"1415x871\" srcset=\"https:\/\/www.hotelorizzonte.com\/wp-content\/uploads\/2020\/10\/mappa-de.jpg 1415w, https:\/\/www.hotelorizzonte.com\/wp-content\/uploads\/2020\/10\/mappa-de-768x473.jpg 768w, https:\/\/www.hotelorizzonte.com\/wp-content\/uploads\/2020\/10\/mappa-de-57x35.jpg 57w, https:\/\/www.hotelorizzonte.com\/wp-content\/uploads\/2020\/10\/mappa-de-72x44.jpg 72w, https:\/\/www.hotelorizzonte.com\/wp-content\/uploads\/2020\/10\/mappa-de-114x70.jpg 114w, https:\/\/www.hotelorizzonte.com\/wp-content\/uploads\/2020\/10\/mappa-de-144x89.jpg 144w\" sizes=\"auto, (max-width: 1415px) 100vw, 1415px\" \/><\/p>\n<h3>Im Zentrum der Riviera Romagnola liegt Bellaria Igea Marina<\/h3>\n<p>Im Zentrum der Riviera Romagnola liegt <strong>Bellaria Igea Marina<\/strong>. Der Ort hat eine lange Tradition als <strong>Fischerdorf<\/strong>, erkannte jedoch bereits Anfang des zwanzigsten Jahrhunderts seine Berufung als <strong>Urlaubsziel<\/strong>, die in den Sechzigerjahren des vergangenen Jahrhunderts ihren Boom erreichte. Dank der Umtriebigkeit und der sprichw\u00f6rtlichen Gastlichkeit der Einheimischen entwickelte sich das St\u00e4dtchen im Laufe des zwanzigsten Jahrhunderts zu einem <strong>beliebten Urlaubsort am Meer mit zahlreichen Hotels, Pensionen und Ferienwohnungen<\/strong>.<\/p>\n<p>Beliebt bei Italienern und vielen Europ\u00e4ern jeden Alters (insbesondere bei Deutschen, Schweizern, Franzosen und Belgiern) wird <strong>Bellaria Igea Marina besonders von Familien mit Kindern gesch\u00e4tzt<\/strong>. In dieser Ecke der Adria finden <strong>Familien mit Kindern sichere Str\u00e4nde mit flachem Wasser<\/strong>, Hotels mit speziellem <strong>Service f\u00fcr Kinder und entspannte Zeit auch f\u00fcr die Eltern, Einrichtungen und R\u00e4umlichkeiten f\u00fcr Spiel, Spa\u00df und Freizeitgestaltung<\/strong>.<\/p>\n<p>Bellaria Igea Marina lockt seine G\u00e4ste auch mit guter K\u00fcche. <strong>Hotels und Restaurants bieten traditionelle Gerichte aus der Romagna<\/strong> mit abwechslungsreichen kulinarischen Angeboten von Fisch bis Fleisch und der leckeren Piadina, bis hin zu hervorragenden lokalen Weinen.<\/p>\n<p>Die sieben Kilometer <strong>Adria-Strand von Bellaria<\/strong> werden im Sommer zu einem riesigen Szenarium direkt am Meer, um Sonne und Strandleben zu genie\u00dfen. Urlaubsg\u00e4ste haben die Wahl zwischen rund hundert Strandb\u00e4dern, in denen gastfreundliche Betreiber f\u00fcr Spa\u00df und Entspannung sorgen. Die <strong>Str\u00e4nde sind mit Liegen und Sonnenschirmen ausger\u00fcstet, aber auch Sport- und Fitnessanlagen<\/strong> f\u00fcr junge Leute und nat\u00fcrlich Kinderspielpl\u00e4tze fehlen nicht.<\/p>\n<p>In unmittelbarer N\u00e4he zum Strand liegen die <strong>Fu\u00dfg\u00e4ngerzonen von Bellaria (Platanen-Insel) und Igea Marina<\/strong> (Viale Ennio und angrenzende Stra\u00dfen), bevorzugte Ziele zum <strong>abendlichen Bummeln, Shoppen<\/strong> oder f\u00fcr die zahllosen Events, die vom Fr\u00fchling bis in den Herbst hinein stattfinden. Die gr\u00fcne Lunge des Orts ist der <strong>Parco del Gelso<\/strong>, der sich um den gleichnamigen See zieht und in Richtung S\u00fcden bis in das Zentrum von Igea Marina reicht. Dank der \u00fcppigen Vegetation und der Themenbereiche (wie der Schmetterlings-Garten) ist der Park eines der popul\u00e4rsten Ziele w\u00e4hrend eines Urlaubs in Bellaria Igea Marina.<\/p>\n","protected":false},"excerpt":{"rendered":"<p>Come raggiungerci: In auto: dall\u2019autostrada A14 uscire al casello Valle del Rubicone e seguire successivamente le indicazioni per Bellaria. In aereo: Aeroporto civile di Rimini (distanza circa 15 km), Aeroporto civile di Forl\u00ec (distanza circa 40 Km), Aeroporto Guglielmo Marconi di Bologna (circa 110 Km) In treno: dalla stazione di Rimini bisogna percorrere la linea Rimini-Ravenna. Una volta scesi alla stazione di Bellaria l\u2019Hotel si trova a pochi metri. Oppure, &#8230;<\/p>\n","protected":false},"author":1,"featured_media":3113,"parent":0,"menu_order":0,"comment_status":"closed","ping_status":"closed","template":"","meta":{"_acf_changed":false},"class_list":["post-3338","page","type-page","status-publish","has-post-thumbnail","hentry"],"acf":[],"_links":{"self":[{"href":"https:\/\/www.hotelorizzonte.com\/de\/wp-json\/wp\/v2\/pages\/3338","targetHints":{"allow":["GET"]}}],"collection":[{"href":"https:\/\/www.hotelorizzonte.com\/de\/wp-json\/wp\/v2\/pages"}],"about":[{"href":"https:\/\/www.hotelorizzonte.com\/de\/wp-json\/wp\/v2\/types\/page"}],"author":[{"embeddable":true,"href":"https:\/\/www.hotelorizzonte.com\/de\/wp-json\/wp\/v2\/users\/1"}],"replies":[{"embeddable":true,"href":"https:\/\/www.hotelorizzonte.com\/de\/wp-json\/wp\/v2\/comments?post=3338"}],"version-history":[{"count":0,"href":"https:\/\/www.hotelorizzonte.com\/de\/wp-json\/wp\/v2\/pages\/3338\/revisions"}],"wp:featuredmedia":[{"embeddable":true,"href":"https:\/\/www.hotelorizzonte.com\/de\/wp-json\/wp\/v2\/media\/3113"}],"wp:attachment":[{"href":"https:\/\/www.hotelorizzonte.com\/de\/wp-json\/wp\/v2\/media?parent=3338"}],"curies":[{"name":"wp","href":"https:\/\/api.w.org\/{rel}","templated":true}]}}