{"id":3344,"date":"2020-04-27T08:53:22","date_gmt":"2020-04-27T06:53:22","guid":{"rendered":"https:\/\/www.hotelorizzonte.com\/parchi-divertimento\/"},"modified":"2020-06-12T11:39:20","modified_gmt":"2020-06-12T09:39:20","slug":"themenparks","status":"publish","type":"page","link":"https:\/\/www.hotelorizzonte.com\/de\/themenparks\/","title":{"rendered":"Themenparks \u2013 Hotel Orizonte"},"content":{"rendered":"<div style=\"clear: both;\">\n<p><img loading=\"lazy\" decoding=\"async\" class=\"alignleft wp-image-3077\" src=\"https:\/\/www.hotelorizzonte.com\/wp-content\/uploads\/2020\/04\/Parchi-07-Hotel-Orizzonte-300x300.jpg\" alt=\"\" width=\"640\" height=\"424\" data-big-size=\"800x530\" srcset=\"https:\/\/www.hotelorizzonte.com\/wp-content\/uploads\/2020\/04\/Parchi-07-Hotel-Orizzonte-768x509.jpg 768w, https:\/\/www.hotelorizzonte.com\/wp-content\/uploads\/2020\/04\/Parchi-07-Hotel-Orizzonte-57x38.jpg 57w, https:\/\/www.hotelorizzonte.com\/wp-content\/uploads\/2020\/04\/Parchi-07-Hotel-Orizzonte-72x48.jpg 72w, https:\/\/www.hotelorizzonte.com\/wp-content\/uploads\/2020\/04\/Parchi-07-Hotel-Orizzonte-114x76.jpg 114w, https:\/\/www.hotelorizzonte.com\/wp-content\/uploads\/2020\/04\/Parchi-07-Hotel-Orizzonte-144x95.jpg 144w, https:\/\/www.hotelorizzonte.com\/wp-content\/uploads\/2020\/04\/Parchi-07-Hotel-Orizzonte.jpg 800w\" sizes=\"auto, (max-width: 640px) 100vw, 640px\" \/><\/p>\n<h3>Le Navi &#8211; Aquarium von Cattolica<\/h3>\n<p>Eine neue Art, das Meer, seine Menschen, seine Geschichte zu wissen. Das wunderbare Abenteuer des Meeres von der Erde bis zum heutigen Tag. <strong>Die Welt der Haie und 3000 Fische aus den Meeren des Planeten<\/strong> in der gr\u00f6\u00dften Aquarium in Cattolica Adria Gelegenheit, einzutauchen Auge in Auge mit Haien, eine einzigartige Attraktion in Italien zu stellen.<\/p>\n<\/div>\n<div style=\"clear: both;\">\n<p><img loading=\"lazy\" decoding=\"async\" class=\"alignleft wp-image-3037\" src=\"https:\/\/www.hotelorizzonte.com\/wp-content\/uploads\/2020\/04\/Parchi-01-Hotel-Orizzonte-300x300.jpg\" alt=\"\" width=\"640\" height=\"424\" data-big-size=\"800x530\" srcset=\"https:\/\/www.hotelorizzonte.com\/wp-content\/uploads\/2020\/04\/Parchi-01-Hotel-Orizzonte-768x509.jpg 768w, https:\/\/www.hotelorizzonte.com\/wp-content\/uploads\/2020\/04\/Parchi-01-Hotel-Orizzonte-57x38.jpg 57w, https:\/\/www.hotelorizzonte.com\/wp-content\/uploads\/2020\/04\/Parchi-01-Hotel-Orizzonte-72x48.jpg 72w, https:\/\/www.hotelorizzonte.com\/wp-content\/uploads\/2020\/04\/Parchi-01-Hotel-Orizzonte-114x76.jpg 114w, https:\/\/www.hotelorizzonte.com\/wp-content\/uploads\/2020\/04\/Parchi-01-Hotel-Orizzonte-144x95.jpg 144w, https:\/\/www.hotelorizzonte.com\/wp-content\/uploads\/2020\/04\/Parchi-01-Hotel-Orizzonte.jpg 800w\" sizes=\"auto, (max-width: 640px) 100vw, 640px\" \/><\/p>\n<h3>Aquafan<\/h3>\n<p><strong>Der ber\u00fchmteste Wasserpark Spa\u00df in Europa<\/strong> seit \u00fcber 20 Jahren Millionen von Besuchern zu unterhalten! Das Geheimnis seines Erfolgs? Ist nicht nur ein Wasserpark, sondern eine echte <strong>Stadtwasser von rei\u00dfenden<\/strong> Fl\u00fcssen, Kamikaze, Wellenbad, Twist und Speedriul gemacht. Der Spa\u00df ist garantiert.<\/p>\n<\/div>\n<div style=\"clear: both;\">\n<p><img loading=\"lazy\" decoding=\"async\" class=\"alignleft wp-image-3062\" src=\"https:\/\/www.hotelorizzonte.com\/wp-content\/uploads\/2020\/04\/Parchi-05-Hotel-Orizzonte-300x300.jpg\" alt=\"\" width=\"640\" height=\"424\" data-big-size=\"800x530\" srcset=\"https:\/\/www.hotelorizzonte.com\/wp-content\/uploads\/2020\/04\/Parchi-05-Hotel-Orizzonte-768x509.jpg 768w, https:\/\/www.hotelorizzonte.com\/wp-content\/uploads\/2020\/04\/Parchi-05-Hotel-Orizzonte-57x38.jpg 57w, https:\/\/www.hotelorizzonte.com\/wp-content\/uploads\/2020\/04\/Parchi-05-Hotel-Orizzonte-72x48.jpg 72w, https:\/\/www.hotelorizzonte.com\/wp-content\/uploads\/2020\/04\/Parchi-05-Hotel-Orizzonte-114x76.jpg 114w, https:\/\/www.hotelorizzonte.com\/wp-content\/uploads\/2020\/04\/Parchi-05-Hotel-Orizzonte-144x95.jpg 144w, https:\/\/www.hotelorizzonte.com\/wp-content\/uploads\/2020\/04\/Parchi-05-Hotel-Orizzonte.jpg 800w\" sizes=\"auto, (max-width: 640px) 100vw, 640px\" \/><\/p>\n<h3>Fiabilandia<\/h3>\n<p><strong>Der ideale Ort f\u00fcr die ganze Familie mit mehr als 30 Attraktionen<\/strong>. \u201eDie Neverland\u201c vorhanden ist, und ist Rimini. Die Bucht von Peter Pan, das Schloss von Merlin, dem Goldmine, das Dorf Apache erwarten Sie hier. Und wenn die Natur ist Ihre Sache, dann besuchen Sie den Garten der vergessenen Fr\u00fcchte und das Bauernhaus in der N\u00e4he des Old Farm, wo Sie die Traditionen der Vergangenheit, als die Menschen in Kontakt mit der Natur lebten wieder zu erleben.<\/p>\n<\/div>\n<div style=\"clear: both;\">\n<p><img loading=\"lazy\" decoding=\"async\" class=\"alignleft wp-image-3072\" src=\"https:\/\/www.hotelorizzonte.com\/wp-content\/uploads\/2020\/04\/Parchi-04-Hotel-Orizzonte-300x300.jpg\" alt=\"\" width=\"640\" height=\"424\" data-big-size=\"800x530\" srcset=\"https:\/\/www.hotelorizzonte.com\/wp-content\/uploads\/2020\/04\/Parchi-04-Hotel-Orizzonte-768x509.jpg 768w, https:\/\/www.hotelorizzonte.com\/wp-content\/uploads\/2020\/04\/Parchi-04-Hotel-Orizzonte-57x38.jpg 57w, https:\/\/www.hotelorizzonte.com\/wp-content\/uploads\/2020\/04\/Parchi-04-Hotel-Orizzonte-72x48.jpg 72w, https:\/\/www.hotelorizzonte.com\/wp-content\/uploads\/2020\/04\/Parchi-04-Hotel-Orizzonte-114x76.jpg 114w, https:\/\/www.hotelorizzonte.com\/wp-content\/uploads\/2020\/04\/Parchi-04-Hotel-Orizzonte-144x95.jpg 144w, https:\/\/www.hotelorizzonte.com\/wp-content\/uploads\/2020\/04\/Parchi-04-Hotel-Orizzonte.jpg 800w\" sizes=\"auto, (max-width: 640px) 100vw, 640px\" \/><\/p>\n<h3>Italia in Miniatura<\/h3>\n<p>Leben eine wunderbare und sonst unm\u00f6glich, in einem der <strong>ber\u00fchmtesten Freizeitpark von Miniaturen, die Erkundung des kulturellen Erbes Italiens und Europas durch 270 perfekte Reproduktionen von Denkm\u00e4lern und architektonischen Meisterwerken<\/strong>. Schlendern Sie durch die Kan\u00e4le von Venedig, besuchen Sie das Kolosseum und den Vesuv sehen alle in ein paar Stunden scheint unm\u00f6glich. So dass Sie noch nie in Italien in Miniatur gewesen!<\/p>\n<\/div>\n<div style=\"clear: both;\">\n<p><img loading=\"lazy\" decoding=\"async\" class=\"alignleft wp-image-3067\" src=\"https:\/\/www.hotelorizzonte.com\/wp-content\/uploads\/2020\/04\/Parchi-06-Hotel-Orizzonte-300x300.jpg\" alt=\"\" width=\"640\" height=\"424\" data-big-size=\"800x530\" srcset=\"https:\/\/www.hotelorizzonte.com\/wp-content\/uploads\/2020\/04\/Parchi-06-Hotel-Orizzonte-768x509.jpg 768w, https:\/\/www.hotelorizzonte.com\/wp-content\/uploads\/2020\/04\/Parchi-06-Hotel-Orizzonte-57x38.jpg 57w, https:\/\/www.hotelorizzonte.com\/wp-content\/uploads\/2020\/04\/Parchi-06-Hotel-Orizzonte-72x48.jpg 72w, https:\/\/www.hotelorizzonte.com\/wp-content\/uploads\/2020\/04\/Parchi-06-Hotel-Orizzonte-114x76.jpg 114w, https:\/\/www.hotelorizzonte.com\/wp-content\/uploads\/2020\/04\/Parchi-06-Hotel-Orizzonte-144x95.jpg 144w, https:\/\/www.hotelorizzonte.com\/wp-content\/uploads\/2020\/04\/Parchi-06-Hotel-Orizzonte.jpg 800w\" sizes=\"auto, (max-width: 640px) 100vw, 640px\" \/><\/p>\n<h3>Mirabilandia<\/h3>\n<p>Und \u201e<strong>das gro\u00dfe Thema Entertainment Park an der herrlichen Adriak\u00fcste<\/strong> und einer der gr\u00f6\u00dften in Europa; ein Juwel, das Genialit\u00e4t mit Technologie verbindet die Menschheit der besten Unterhaltungsk\u00fcnstler mit den Innovationen der digitalen Welt. Es verf\u00fcgt \u00fcber insgesamt sechs <strong>Themenbereiche mit insgesamt 47 phantastischen Attraktionen und 15 zeigt, bei Tag und Nacht<\/strong>. Der zweite Tag geben Sie GRATIS<\/p>\n<\/div>\n<div style=\"clear: both;\">\n<p><img loading=\"lazy\" decoding=\"async\" class=\"alignleft wp-image-3057\" src=\"https:\/\/www.hotelorizzonte.com\/wp-content\/uploads\/2020\/04\/Parchi-02-Hotel-Orizzonte-300x300.jpg\" alt=\"\" width=\"640\" height=\"424\" data-big-size=\"800x530\" srcset=\"https:\/\/www.hotelorizzonte.com\/wp-content\/uploads\/2020\/04\/Parchi-02-Hotel-Orizzonte-768x509.jpg 768w, https:\/\/www.hotelorizzonte.com\/wp-content\/uploads\/2020\/04\/Parchi-02-Hotel-Orizzonte-57x38.jpg 57w, https:\/\/www.hotelorizzonte.com\/wp-content\/uploads\/2020\/04\/Parchi-02-Hotel-Orizzonte-72x48.jpg 72w, https:\/\/www.hotelorizzonte.com\/wp-content\/uploads\/2020\/04\/Parchi-02-Hotel-Orizzonte-114x76.jpg 114w, https:\/\/www.hotelorizzonte.com\/wp-content\/uploads\/2020\/04\/Parchi-02-Hotel-Orizzonte-144x95.jpg 144w, https:\/\/www.hotelorizzonte.com\/wp-content\/uploads\/2020\/04\/Parchi-02-Hotel-Orizzonte.jpg 800w\" sizes=\"auto, (max-width: 640px) 100vw, 640px\" \/><\/p>\n<h3>Oltremare<\/h3>\n<p><strong>Oltremare Themenpark, Vergn\u00fcgungspark, natur, umwelt<\/strong>: Die Insel des Odysseus, Delphin-Lagune, M\u00fchle eule, Planet Meer, Bauernhof. Es ist das <strong>Paradies der Spiele! 4000 Quadratmetern, wo Spa\u00df ist auch eine Chance<\/strong>, sehr lehrreich zu erleben. Entdecken Sie das Leben auf dem Delta des Po, die landwirtschaftliche Nutztiere, die Welt der Delfine, die Eleganz der Seepferdchen und alle die Natur, die uns umgibt. Es ist ein wirklich tolles Erlebnis nicht nur f\u00fcr Kinder.<\/p>\n<\/div>\n","protected":false},"excerpt":{"rendered":"<p>Le Navi &#8211; Aquarium von Cattolica Eine neue Art, das Meer, seine Menschen, seine Geschichte zu wissen. Das wunderbare Abenteuer des Meeres von der Erde bis zum heutigen Tag. Die Welt der Haie und 3000 Fische aus den Meeren des Planeten in der gr\u00f6\u00dften Aquarium in Cattolica Adria Gelegenheit, einzutauchen Auge in Auge mit Haien, eine einzigartige Attraktion in Italien zu stellen. Aquafan Der ber\u00fchmteste Wasserpark Spa\u00df in Europa seit &#8230;<\/p>\n","protected":false},"author":1,"featured_media":0,"parent":0,"menu_order":0,"comment_status":"closed","ping_status":"closed","template":"","meta":{"_acf_changed":false},"class_list":["post-3344","page","type-page","status-publish","hentry"],"acf":[],"_links":{"self":[{"href":"https:\/\/www.hotelorizzonte.com\/de\/wp-json\/wp\/v2\/pages\/3344","targetHints":{"allow":["GET"]}}],"collection":[{"href":"https:\/\/www.hotelorizzonte.com\/de\/wp-json\/wp\/v2\/pages"}],"about":[{"href":"https:\/\/www.hotelorizzonte.com\/de\/wp-json\/wp\/v2\/types\/page"}],"author":[{"embeddable":true,"href":"https:\/\/www.hotelorizzonte.com\/de\/wp-json\/wp\/v2\/users\/1"}],"replies":[{"embeddable":true,"href":"https:\/\/www.hotelorizzonte.com\/de\/wp-json\/wp\/v2\/comments?post=3344"}],"version-history":[{"count":0,"href":"https:\/\/www.hotelorizzonte.com\/de\/wp-json\/wp\/v2\/pages\/3344\/revisions"}],"wp:attachment":[{"href":"https:\/\/www.hotelorizzonte.com\/de\/wp-json\/wp\/v2\/media?parent=3344"}],"curies":[{"name":"wp","href":"https:\/\/api.w.org\/{rel}","templated":true}]}}