{"id":3351,"date":"2020-04-24T11:29:14","date_gmt":"2020-04-24T09:29:14","guid":{"rendered":"https:\/\/www.hotelorizzonte.com\/escursioni\/"},"modified":"2020-06-12T11:39:52","modified_gmt":"2020-06-12T09:39:52","slug":"hinterland","status":"publish","type":"page","link":"https:\/\/www.hotelorizzonte.com\/de\/hinterland\/","title":{"rendered":"Entdecken Sie das Hinterland ab Hotel Orizzonte"},"content":{"rendered":"<div style=\"clear: both;\">\n<p><img loading=\"lazy\" decoding=\"async\" class=\"alignleft wp-image-2978\" src=\"https:\/\/www.hotelorizzonte.com\/wp-content\/uploads\/2020\/04\/Entroterra-01-Hotel-Orizzonte-300x300.jpg\" alt=\"\" width=\"640\" height=\"424\" data-big-size=\"800x530\" srcset=\"https:\/\/www.hotelorizzonte.com\/wp-content\/uploads\/2020\/04\/Entroterra-01-Hotel-Orizzonte-768x509.jpg 768w, https:\/\/www.hotelorizzonte.com\/wp-content\/uploads\/2020\/04\/Entroterra-01-Hotel-Orizzonte-57x38.jpg 57w, https:\/\/www.hotelorizzonte.com\/wp-content\/uploads\/2020\/04\/Entroterra-01-Hotel-Orizzonte-72x48.jpg 72w, https:\/\/www.hotelorizzonte.com\/wp-content\/uploads\/2020\/04\/Entroterra-01-Hotel-Orizzonte-114x76.jpg 114w, https:\/\/www.hotelorizzonte.com\/wp-content\/uploads\/2020\/04\/Entroterra-01-Hotel-Orizzonte-144x95.jpg 144w, https:\/\/www.hotelorizzonte.com\/wp-content\/uploads\/2020\/04\/Entroterra-01-Hotel-Orizzonte.jpg 800w\" sizes=\"auto, (max-width: 640px) 100vw, 640px\" \/><\/p>\n<h3>Rimini<\/h3>\n<p>Die in Mittelitalien gelegene <strong>Stadt Rimini, die verkehrsm\u00e4\u00dfig gut mit den wichtigsten europ\u00e4ischen St\u00e4dten verbunden ist<\/strong>, gilt als Sinnbild und idealer Ort f\u00fcr die Vielf\u00e4ltigkeit, die Fremdenverkehr bieten kann. Rimini, eine ebenso alte wie moderne <strong>Stadt, die durch ihr Volkstum, ihre Kultur, ihr Kunsthandwerk und spektakul\u00e4re Eindr\u00fccke besticht<\/strong>, ist ein Mythos, der von <strong>Federico Fellini<\/strong>, dem gro\u00dfen Meister des italienischen Kinos, k\u00fcnstlerisch verewigt und in die ganze Welt exportiert wurde.<\/p>\n<\/div>\n<div style=\"clear: both;\">\n<p><img loading=\"lazy\" decoding=\"async\" class=\"alignleft wp-image-2983\" src=\"https:\/\/www.hotelorizzonte.com\/wp-content\/uploads\/2020\/04\/Entroterra-02-Hotel-Orizzonte-300x300.jpg\" alt=\"\" width=\"640\" height=\"424\" data-big-size=\"800x530\" srcset=\"https:\/\/www.hotelorizzonte.com\/wp-content\/uploads\/2020\/04\/Entroterra-02-Hotel-Orizzonte-768x509.jpg 768w, https:\/\/www.hotelorizzonte.com\/wp-content\/uploads\/2020\/04\/Entroterra-02-Hotel-Orizzonte-57x38.jpg 57w, https:\/\/www.hotelorizzonte.com\/wp-content\/uploads\/2020\/04\/Entroterra-02-Hotel-Orizzonte-72x48.jpg 72w, https:\/\/www.hotelorizzonte.com\/wp-content\/uploads\/2020\/04\/Entroterra-02-Hotel-Orizzonte-114x76.jpg 114w, https:\/\/www.hotelorizzonte.com\/wp-content\/uploads\/2020\/04\/Entroterra-02-Hotel-Orizzonte-144x95.jpg 144w, https:\/\/www.hotelorizzonte.com\/wp-content\/uploads\/2020\/04\/Entroterra-02-Hotel-Orizzonte.jpg 800w\" sizes=\"auto, (max-width: 640px) 100vw, 640px\" \/><\/p>\n<h3>San Marino<\/h3>\n<p>Auf 750 Metern H\u00f6he, <strong>im \u00e4ltesten und kleinsten souver\u00e4nen Staat der Welt, der seine Freiheit und Unabh\u00e4ngigkeit seit Jahrhunderten wahrt<\/strong>, befindet man sich schon im Ausland. Auf dem Monte Titano ragen drei Turme (der \u201eGuaita\u201c-, der \u201eCesta\u201c- und der \u201eMontale\u201c-Turm) in die H\u00f6he \u2013 als Symbol der Republik, die unter anderem eine bedeutende, auf der ganzen Welt ber\u00fchmte Tradition und Geschichte besitzt, was Briefmarken und M\u00fcnzen betrifft.<\/p>\n<\/div>\n<div style=\"clear: both;\">\n<p><img loading=\"lazy\" decoding=\"async\" class=\"alignleft wp-image-2989\" src=\"https:\/\/www.hotelorizzonte.com\/wp-content\/uploads\/2020\/04\/Entroterra-03-Hotel-Orizzonte-300x300.jpg\" alt=\"\" width=\"640\" height=\"424\" data-big-size=\"800x530\" srcset=\"https:\/\/www.hotelorizzonte.com\/wp-content\/uploads\/2020\/04\/Entroterra-03-Hotel-Orizzonte-768x509.jpg 768w, https:\/\/www.hotelorizzonte.com\/wp-content\/uploads\/2020\/04\/Entroterra-03-Hotel-Orizzonte-57x38.jpg 57w, https:\/\/www.hotelorizzonte.com\/wp-content\/uploads\/2020\/04\/Entroterra-03-Hotel-Orizzonte-72x48.jpg 72w, https:\/\/www.hotelorizzonte.com\/wp-content\/uploads\/2020\/04\/Entroterra-03-Hotel-Orizzonte-114x76.jpg 114w, https:\/\/www.hotelorizzonte.com\/wp-content\/uploads\/2020\/04\/Entroterra-03-Hotel-Orizzonte-144x95.jpg 144w, https:\/\/www.hotelorizzonte.com\/wp-content\/uploads\/2020\/04\/Entroterra-03-Hotel-Orizzonte.jpg 800w\" sizes=\"auto, (max-width: 640px) 100vw, 640px\" \/><\/p>\n<h3>Santarcangelo<\/h3>\n<p>Ein Tor zur Vergangenheit, ein ganz besonderer Ort, <strong>eine Perle im \u201eValmarecchia\u201c, dem \u201eTal der Poeten\u201c: das ist Santarcangelo!<\/strong> Hier treffen die Poeten des \u201eCircal de Giudeizi\u201c mit ihrem Lehrmeister, dem gro\u00dfen K\u00fcnstler Tonino Guerra, zusammen. Unbedingt sehenswert: die Malatesta-Burg, das Kapuzinerkloster, der Fischmarkt aus dem 19. Jahrhundert, der Triumphbogen und der Platz, der Fra Lorenzo Ganganelli, dem sp\u00e4teren Papst Klemens XIV., gewidmet ist, die<strong> \u201emysteri\u00f6sen\u201c Tuffgrotten und die Kunsthandwerksl\u00e4den<\/strong>, in welchen Schmiedeeisen und Rost-Stoffdrucke angeboten werden.<\/p>\n<\/div>\n<div style=\"clear: both;\">\n<p><img loading=\"lazy\" decoding=\"async\" class=\"alignleft wp-image-2994\" src=\"https:\/\/www.hotelorizzonte.com\/wp-content\/uploads\/2020\/04\/Entroterra-04-Hotel-Orizzonte-300x300.jpg\" alt=\"\" width=\"640\" height=\"424\" data-big-size=\"800x530\" srcset=\"https:\/\/www.hotelorizzonte.com\/wp-content\/uploads\/2020\/04\/Entroterra-04-Hotel-Orizzonte-768x509.jpg 768w, https:\/\/www.hotelorizzonte.com\/wp-content\/uploads\/2020\/04\/Entroterra-04-Hotel-Orizzonte-57x38.jpg 57w, https:\/\/www.hotelorizzonte.com\/wp-content\/uploads\/2020\/04\/Entroterra-04-Hotel-Orizzonte-72x48.jpg 72w, https:\/\/www.hotelorizzonte.com\/wp-content\/uploads\/2020\/04\/Entroterra-04-Hotel-Orizzonte-114x76.jpg 114w, https:\/\/www.hotelorizzonte.com\/wp-content\/uploads\/2020\/04\/Entroterra-04-Hotel-Orizzonte-144x95.jpg 144w, https:\/\/www.hotelorizzonte.com\/wp-content\/uploads\/2020\/04\/Entroterra-04-Hotel-Orizzonte.jpg 800w\" sizes=\"auto, (max-width: 640px) 100vw, 640px\" \/><\/p>\n<h3>Ravenna<\/h3>\n<p>Das in der N\u00e4he eines gro\u00dfartigen Pinienhains liegende <strong>Ravenna wird durch einen au\u00dfergew\u00f6hnlichen Komplex von Basiliken, Baptisterien und Mausoleen charakterisiert<\/strong>. Die Harmonie der klassischen Geb\u00e4udemodule verschmilzt mit dem Glanz der kostbaren Marmorarbeiten und der ber\u00fchmten <strong>Byzantinischen Mosaiken<\/strong>. Die Stadt ist au\u00dfer f\u00fcr die Kunst auch wegen ihrer luxuri\u00f6sen Hauptstra\u00dfe bekannt, die an modischen Gesch\u00e4ften sehr reich ist (55 km).<\/p>\n<\/div>\n<div style=\"clear: both;\">\n<p><img loading=\"lazy\" decoding=\"async\" class=\"alignleft wp-image-2999\" src=\"https:\/\/www.hotelorizzonte.com\/wp-content\/uploads\/2020\/04\/Entroterra-05-Hotel-Orizzonte-300x300.jpg\" alt=\"\" width=\"640\" height=\"424\" data-big-size=\"800x530\" srcset=\"https:\/\/www.hotelorizzonte.com\/wp-content\/uploads\/2020\/04\/Entroterra-05-Hotel-Orizzonte-768x509.jpg 768w, https:\/\/www.hotelorizzonte.com\/wp-content\/uploads\/2020\/04\/Entroterra-05-Hotel-Orizzonte-57x38.jpg 57w, https:\/\/www.hotelorizzonte.com\/wp-content\/uploads\/2020\/04\/Entroterra-05-Hotel-Orizzonte-72x48.jpg 72w, https:\/\/www.hotelorizzonte.com\/wp-content\/uploads\/2020\/04\/Entroterra-05-Hotel-Orizzonte-114x76.jpg 114w, https:\/\/www.hotelorizzonte.com\/wp-content\/uploads\/2020\/04\/Entroterra-05-Hotel-Orizzonte-144x95.jpg 144w, https:\/\/www.hotelorizzonte.com\/wp-content\/uploads\/2020\/04\/Entroterra-05-Hotel-Orizzonte.jpg 800w\" sizes=\"auto, (max-width: 640px) 100vw, 640px\" \/><\/p>\n<h3>San Leo<\/h3>\n<p><strong>Sozusagen im Herzen des \u201eValmarecchia\u201c, auf einem Berg, der 600 Meter hoch ist, liegt San Leo<\/strong>, die historische Hauptstadt des Montefeltro-Gebiets. San Leo ist nicht nur f\u00fcr seine Festung, seine Pfarrkirche und seinen Dom ber\u00fchmt, sondern auch f\u00fcr eine ebenso mysteri\u00f6se wie faszinierende Pers\u00f6nlichkeit: den Grafen und <strong>Alchimisten Cagliostro<\/strong>, der in der Burg gefangen gehalten wurde und in ihr im Jahr 1795 starb.<\/p>\n<\/div>\n<div style=\"clear: both;\">\n<p><img loading=\"lazy\" decoding=\"async\" class=\"alignleft wp-image-3004\" src=\"https:\/\/www.hotelorizzonte.com\/wp-content\/uploads\/2020\/04\/Entroterra-06-Hotel-Orizzonte-300x300.jpg\" alt=\"\" width=\"640\" height=\"424\" data-big-size=\"800x530\" srcset=\"https:\/\/www.hotelorizzonte.com\/wp-content\/uploads\/2020\/04\/Entroterra-06-Hotel-Orizzonte-768x509.jpg 768w, https:\/\/www.hotelorizzonte.com\/wp-content\/uploads\/2020\/04\/Entroterra-06-Hotel-Orizzonte-57x38.jpg 57w, https:\/\/www.hotelorizzonte.com\/wp-content\/uploads\/2020\/04\/Entroterra-06-Hotel-Orizzonte-72x48.jpg 72w, https:\/\/www.hotelorizzonte.com\/wp-content\/uploads\/2020\/04\/Entroterra-06-Hotel-Orizzonte-114x76.jpg 114w, https:\/\/www.hotelorizzonte.com\/wp-content\/uploads\/2020\/04\/Entroterra-06-Hotel-Orizzonte-144x95.jpg 144w, https:\/\/www.hotelorizzonte.com\/wp-content\/uploads\/2020\/04\/Entroterra-06-Hotel-Orizzonte.jpg 800w\" sizes=\"auto, (max-width: 640px) 100vw, 640px\" \/><\/p>\n<h3>Verucchio<\/h3>\n<p>Der Ort beherrscht von seiner <strong>strategisch g\u00fcnstigen Lage aus das herrliche Panorama des \u201eValmarecchia\u201c<\/strong>. Zu sehen sind, abgesehen von der Burg, die Kollegiatkirche der Heiligen Martin und Franz von Assisi sowie das St\u00e4dtische <strong>Arch\u00e4ologiemuseum<\/strong>.<\/p>\n<\/div>\n<div style=\"clear: both;\">\n<p><img loading=\"lazy\" decoding=\"async\" class=\"alignleft wp-image-3009\" src=\"https:\/\/www.hotelorizzonte.com\/wp-content\/uploads\/2020\/04\/Entroterra-08-Hotel-Orizzonte-300x300.jpg\" alt=\"\" width=\"640\" height=\"424\" data-big-size=\"800x530\" srcset=\"https:\/\/www.hotelorizzonte.com\/wp-content\/uploads\/2020\/04\/Entroterra-08-Hotel-Orizzonte-768x509.jpg 768w, https:\/\/www.hotelorizzonte.com\/wp-content\/uploads\/2020\/04\/Entroterra-08-Hotel-Orizzonte-57x38.jpg 57w, https:\/\/www.hotelorizzonte.com\/wp-content\/uploads\/2020\/04\/Entroterra-08-Hotel-Orizzonte-72x48.jpg 72w, https:\/\/www.hotelorizzonte.com\/wp-content\/uploads\/2020\/04\/Entroterra-08-Hotel-Orizzonte-114x76.jpg 114w, https:\/\/www.hotelorizzonte.com\/wp-content\/uploads\/2020\/04\/Entroterra-08-Hotel-Orizzonte-144x95.jpg 144w, https:\/\/www.hotelorizzonte.com\/wp-content\/uploads\/2020\/04\/Entroterra-08-Hotel-Orizzonte.jpg 800w\" sizes=\"auto, (max-width: 640px) 100vw, 640px\" \/><\/p>\n<h3>Urbino<\/h3>\n<p><strong>Urbino ist ein Synonym f\u00fcr Kunst und Kultur. Ber\u00fchmt ist das Museum des Herzogspalastes, wo Kunstwerke aus der Zeit vom 14. bis 17. Jh.<\/strong> aufbewahrt werden, wo vor allem aber einige der bedeutsamsten Meisterwerke der italienischen <strong>Renaissance<\/strong> erstrahlen, die hier in Urbino auch in der Architektur ihren Ausdruck findet. Charakteristisch sind die kleinen Ladenwerkst\u00e4tten des historischen Zentrums, wo man antike Techniken aus der N\u00e4he sehen und Objekte kaufen kann (60 km).<\/p>\n<\/div>\n<div style=\"clear: both;\">\n<p><img loading=\"lazy\" decoding=\"async\" class=\"alignleft wp-image-3014\" src=\"https:\/\/www.hotelorizzonte.com\/wp-content\/uploads\/2020\/04\/Entroterra-07-Hotel-Orizzonte-300x300.jpg\" alt=\"\" width=\"640\" height=\"424\" data-big-size=\"800x530\" srcset=\"https:\/\/www.hotelorizzonte.com\/wp-content\/uploads\/2020\/04\/Entroterra-07-Hotel-Orizzonte-768x509.jpg 768w, https:\/\/www.hotelorizzonte.com\/wp-content\/uploads\/2020\/04\/Entroterra-07-Hotel-Orizzonte-57x38.jpg 57w, https:\/\/www.hotelorizzonte.com\/wp-content\/uploads\/2020\/04\/Entroterra-07-Hotel-Orizzonte-72x48.jpg 72w, https:\/\/www.hotelorizzonte.com\/wp-content\/uploads\/2020\/04\/Entroterra-07-Hotel-Orizzonte-114x76.jpg 114w, https:\/\/www.hotelorizzonte.com\/wp-content\/uploads\/2020\/04\/Entroterra-07-Hotel-Orizzonte-144x95.jpg 144w, https:\/\/www.hotelorizzonte.com\/wp-content\/uploads\/2020\/04\/Entroterra-07-Hotel-Orizzonte.jpg 800w\" sizes=\"auto, (max-width: 640px) 100vw, 640px\" \/><\/p>\n<h3>Gradara<\/h3>\n<p><strong>Es handelt sich um ein altes Burgdorf, das vom klassischem langen Mauernring umgeben ist. Eine imposante Burg, die ein herrliches Beispiel f\u00fcr alte Wehrarchitektur darstellt<\/strong>, vervollst\u00e4ndigt das mittelalterliche Bild. Die Burg wurde von der Familie Malatesta zwischen 1307 und 1325 fertig gestellt und sp\u00e4ter des \u00f6fteren restauriert. <strong>Der Legende<\/strong> nach fand in Gradara die Liebestrag\u00f6die zwischen <strong>Paolo und Francesca<\/strong> statt, welche <strong>Dante<\/strong> zu folgendem Reim inspirierte: \u201eDa k\u00fcsste, dem vereint ich ewig bleibe, am ganzen Leibe zitternd mir den Mund\u2026\u201c<\/p>\n<\/div>\n","protected":false},"excerpt":{"rendered":"<p>Rimini Die in Mittelitalien gelegene Stadt Rimini, die verkehrsm\u00e4\u00dfig gut mit den wichtigsten europ\u00e4ischen St\u00e4dten verbunden ist, gilt als Sinnbild und idealer Ort f\u00fcr die Vielf\u00e4ltigkeit, die Fremdenverkehr bieten kann. Rimini, eine ebenso alte wie moderne Stadt, die durch ihr Volkstum, ihre Kultur, ihr Kunsthandwerk und spektakul\u00e4re Eindr\u00fccke besticht, ist ein Mythos, der von Federico Fellini, dem gro\u00dfen Meister des italienischen Kinos, k\u00fcnstlerisch verewigt und in die ganze Welt exportiert &#8230;<\/p>\n","protected":false},"author":1,"featured_media":0,"parent":0,"menu_order":0,"comment_status":"closed","ping_status":"closed","template":"","meta":{"_acf_changed":false},"class_list":["post-3351","page","type-page","status-publish","hentry"],"acf":[],"_links":{"self":[{"href":"https:\/\/www.hotelorizzonte.com\/de\/wp-json\/wp\/v2\/pages\/3351","targetHints":{"allow":["GET"]}}],"collection":[{"href":"https:\/\/www.hotelorizzonte.com\/de\/wp-json\/wp\/v2\/pages"}],"about":[{"href":"https:\/\/www.hotelorizzonte.com\/de\/wp-json\/wp\/v2\/types\/page"}],"author":[{"embeddable":true,"href":"https:\/\/www.hotelorizzonte.com\/de\/wp-json\/wp\/v2\/users\/1"}],"replies":[{"embeddable":true,"href":"https:\/\/www.hotelorizzonte.com\/de\/wp-json\/wp\/v2\/comments?post=3351"}],"version-history":[{"count":0,"href":"https:\/\/www.hotelorizzonte.com\/de\/wp-json\/wp\/v2\/pages\/3351\/revisions"}],"wp:attachment":[{"href":"https:\/\/www.hotelorizzonte.com\/de\/wp-json\/wp\/v2\/media?parent=3351"}],"curies":[{"name":"wp","href":"https:\/\/api.w.org\/{rel}","templated":true}]}}