{"id":3349,"date":"2020-04-24T11:29:14","date_gmt":"2020-04-24T09:29:14","guid":{"rendered":"https:\/\/www.hotelorizzonte.com\/escursioni\/"},"modified":"2020-06-12T11:39:40","modified_gmt":"2020-06-12T09:39:40","slug":"hinterland","status":"publish","type":"page","link":"https:\/\/www.hotelorizzonte.com\/en\/hinterland\/","title":{"rendered":"Explore the hinterland starting from Hotel Orizzonte"},"content":{"rendered":"<div style=\"clear: both;\">\n<p><img loading=\"lazy\" decoding=\"async\" class=\"alignleft wp-image-2978\" src=\"https:\/\/www.hotelorizzonte.com\/wp-content\/uploads\/2020\/04\/Entroterra-01-Hotel-Orizzonte-300x300.jpg\" alt=\"\" width=\"640\" height=\"424\" data-big-size=\"800x530\" srcset=\"https:\/\/www.hotelorizzonte.com\/wp-content\/uploads\/2020\/04\/Entroterra-01-Hotel-Orizzonte-768x509.jpg 768w, https:\/\/www.hotelorizzonte.com\/wp-content\/uploads\/2020\/04\/Entroterra-01-Hotel-Orizzonte-57x38.jpg 57w, https:\/\/www.hotelorizzonte.com\/wp-content\/uploads\/2020\/04\/Entroterra-01-Hotel-Orizzonte-72x48.jpg 72w, https:\/\/www.hotelorizzonte.com\/wp-content\/uploads\/2020\/04\/Entroterra-01-Hotel-Orizzonte-114x76.jpg 114w, https:\/\/www.hotelorizzonte.com\/wp-content\/uploads\/2020\/04\/Entroterra-01-Hotel-Orizzonte-144x95.jpg 144w, https:\/\/www.hotelorizzonte.com\/wp-content\/uploads\/2020\/04\/Entroterra-01-Hotel-Orizzonte.jpg 800w\" sizes=\"auto, (max-width: 640px) 100vw, 640px\" \/><\/p>\n<h3>Rimini<\/h3>\n<p>Situated in the centre of Italy and well served by<strong> the principal European cities<\/strong>, <strong>Rimini is the symbol and the ideal place of diversified tourism<\/strong>. Rimini, <strong>ancient and modern, popular and cultured, spectacular and craftsmanlike<\/strong> was sung about and immortalised by the Maestro of Italian cinema, <strong>Federico Fellini<\/strong>, whose art brought the legendary place to the attention of the world.<\/p>\n<\/div>\n<div style=\"clear: both;\">\n<p><img loading=\"lazy\" decoding=\"async\" class=\"alignleft wp-image-2983\" src=\"https:\/\/www.hotelorizzonte.com\/wp-content\/uploads\/2020\/04\/Entroterra-02-Hotel-Orizzonte-300x300.jpg\" alt=\"\" width=\"640\" height=\"424\" data-big-size=\"800x530\" srcset=\"https:\/\/www.hotelorizzonte.com\/wp-content\/uploads\/2020\/04\/Entroterra-02-Hotel-Orizzonte-768x509.jpg 768w, https:\/\/www.hotelorizzonte.com\/wp-content\/uploads\/2020\/04\/Entroterra-02-Hotel-Orizzonte-57x38.jpg 57w, https:\/\/www.hotelorizzonte.com\/wp-content\/uploads\/2020\/04\/Entroterra-02-Hotel-Orizzonte-72x48.jpg 72w, https:\/\/www.hotelorizzonte.com\/wp-content\/uploads\/2020\/04\/Entroterra-02-Hotel-Orizzonte-114x76.jpg 114w, https:\/\/www.hotelorizzonte.com\/wp-content\/uploads\/2020\/04\/Entroterra-02-Hotel-Orizzonte-144x95.jpg 144w, https:\/\/www.hotelorizzonte.com\/wp-content\/uploads\/2020\/04\/Entroterra-02-Hotel-Orizzonte.jpg 800w\" sizes=\"auto, (max-width: 640px) 100vw, 640px\" \/><\/p>\n<h3>San Marino<\/h3>\n<p>A 750 m\u00e8tres d\u2019altitude, l\u2019Etat souverain <strong>le plus petit et le plus ancien du monde<\/strong>, qui maintient son ind\u00e9pendance et sa libert\u00e9 depuis des si\u00e8cles. Sur le mont Titano s\u2019\u00e9lancent les silhouettes des trois tours (la Guaita, la Cesta et le Montale), symbole de la r\u00e9publique, une terre qui vante entre autre une remarquable tradition philat\u00e9lique et numismatique, appr\u00e9ci\u00e9e dans le monde entier.<\/p>\n<\/div>\n<div style=\"clear: both;\">\n<p><img loading=\"lazy\" decoding=\"async\" class=\"alignleft wp-image-2989\" src=\"https:\/\/www.hotelorizzonte.com\/wp-content\/uploads\/2020\/04\/Entroterra-03-Hotel-Orizzonte-300x300.jpg\" alt=\"\" width=\"640\" height=\"424\" data-big-size=\"800x530\" srcset=\"https:\/\/www.hotelorizzonte.com\/wp-content\/uploads\/2020\/04\/Entroterra-03-Hotel-Orizzonte-768x509.jpg 768w, https:\/\/www.hotelorizzonte.com\/wp-content\/uploads\/2020\/04\/Entroterra-03-Hotel-Orizzonte-57x38.jpg 57w, https:\/\/www.hotelorizzonte.com\/wp-content\/uploads\/2020\/04\/Entroterra-03-Hotel-Orizzonte-72x48.jpg 72w, https:\/\/www.hotelorizzonte.com\/wp-content\/uploads\/2020\/04\/Entroterra-03-Hotel-Orizzonte-114x76.jpg 114w, https:\/\/www.hotelorizzonte.com\/wp-content\/uploads\/2020\/04\/Entroterra-03-Hotel-Orizzonte-144x95.jpg 144w, https:\/\/www.hotelorizzonte.com\/wp-content\/uploads\/2020\/04\/Entroterra-03-Hotel-Orizzonte.jpg 800w\" sizes=\"auto, (max-width: 640px) 100vw, 640px\" \/><\/p>\n<h3>Santarcangelo<\/h3>\n<p>Une porte sur le pass\u00e9, <strong>un pays un peu sp\u00e9cial, une perle dans la vall\u00e9e du Marecchia<\/strong>, la vall\u00e9e \u00ab des po\u00e8tes \u00bb: Santarcangelo est tout cela, la ville des po\u00e8tes du \u00ab Circal de giudeizi \u00bb (Cercle de la raison) et de leur chef d\u2019\u00e9cole, Tonino Guerra. Etapes oblig\u00e9es: la forteresse des Malatesta, le couvent des Capucins, le march\u00e9 au poisson du XIXe si\u00e8cle, l\u2019arc et sa place d\u00e9di\u00e9e au pape Ganganelli, les \u00ab myst\u00e9rieuses \u00bb <strong>grottes tufi\u00e8res et les magasins d\u2019artisanat de fer forg\u00e9 et d\u2019impression sur \u00e9toffe \u00e0 la rouille<\/strong>.<\/p>\n<\/div>\n<div style=\"clear: both;\">\n<p><img loading=\"lazy\" decoding=\"async\" class=\"alignleft wp-image-2994\" src=\"https:\/\/www.hotelorizzonte.com\/wp-content\/uploads\/2020\/04\/Entroterra-04-Hotel-Orizzonte-300x300.jpg\" alt=\"\" width=\"640\" height=\"424\" data-big-size=\"800x530\" srcset=\"https:\/\/www.hotelorizzonte.com\/wp-content\/uploads\/2020\/04\/Entroterra-04-Hotel-Orizzonte-768x509.jpg 768w, https:\/\/www.hotelorizzonte.com\/wp-content\/uploads\/2020\/04\/Entroterra-04-Hotel-Orizzonte-57x38.jpg 57w, https:\/\/www.hotelorizzonte.com\/wp-content\/uploads\/2020\/04\/Entroterra-04-Hotel-Orizzonte-72x48.jpg 72w, https:\/\/www.hotelorizzonte.com\/wp-content\/uploads\/2020\/04\/Entroterra-04-Hotel-Orizzonte-114x76.jpg 114w, https:\/\/www.hotelorizzonte.com\/wp-content\/uploads\/2020\/04\/Entroterra-04-Hotel-Orizzonte-144x95.jpg 144w, https:\/\/www.hotelorizzonte.com\/wp-content\/uploads\/2020\/04\/Entroterra-04-Hotel-Orizzonte.jpg 800w\" sizes=\"auto, (max-width: 640px) 100vw, 640px\" \/><\/p>\n<h3>Ravenna<\/h3>\n<p>Situ\u00e9e \u00e0 proximit\u00e9 d\u2019une magnifique pin\u00e8de, Ravenne se <strong>caract\u00e9rise pour son extraordinaire ensemble de basiliques, de baptist\u00e8res et de mausol\u00e9es<\/strong>. L\u2019harmonie des modules architecturaux classiques s\u2019entrem\u00eale \u00e0 la <strong>splendeur des marbres pr\u00e9cieux et des c\u00e9l\u00e8bres mosa\u00efques byzantines<\/strong>. Outre que pour l\u2019art, cette ville est \u00e9galement c\u00e9l\u00e8bre pour sa luxueuse avenue centrale, riche en magasins et en boutiques. (55 km).<\/p>\n<\/div>\n<div style=\"clear: both;\">\n<p><img loading=\"lazy\" decoding=\"async\" class=\"alignleft wp-image-2999\" src=\"https:\/\/www.hotelorizzonte.com\/wp-content\/uploads\/2020\/04\/Entroterra-05-Hotel-Orizzonte-300x300.jpg\" alt=\"\" width=\"640\" height=\"424\" data-big-size=\"800x530\" srcset=\"https:\/\/www.hotelorizzonte.com\/wp-content\/uploads\/2020\/04\/Entroterra-05-Hotel-Orizzonte-768x509.jpg 768w, https:\/\/www.hotelorizzonte.com\/wp-content\/uploads\/2020\/04\/Entroterra-05-Hotel-Orizzonte-57x38.jpg 57w, https:\/\/www.hotelorizzonte.com\/wp-content\/uploads\/2020\/04\/Entroterra-05-Hotel-Orizzonte-72x48.jpg 72w, https:\/\/www.hotelorizzonte.com\/wp-content\/uploads\/2020\/04\/Entroterra-05-Hotel-Orizzonte-114x76.jpg 114w, https:\/\/www.hotelorizzonte.com\/wp-content\/uploads\/2020\/04\/Entroterra-05-Hotel-Orizzonte-144x95.jpg 144w, https:\/\/www.hotelorizzonte.com\/wp-content\/uploads\/2020\/04\/Entroterra-05-Hotel-Orizzonte.jpg 800w\" sizes=\"auto, (max-width: 640px) 100vw, 640px\" \/><\/p>\n<h3>San Leo<\/h3>\n<p><strong>Au c\u0153ur de la vall\u00e9e du Marecchia<\/strong>, sur un col de 600 m\u00e8tres, <strong>San Leo s\u2019affirme comme la capitale historique de la famille des Montefeltro<\/strong>. Elle est c\u00e9l\u00e8bre pour sa forteresse, son \u00e9glise paroissiale, sa cath\u00e9drale mais aussi pour le <strong>myst\u00e9rieux et fascinant comte Cagliostro, alchimiste<\/strong> qui mourut en 1795 dans la forteresse o\u00f9 il \u00e9tait emprisonn\u00e9.<\/p>\n<\/div>\n<div style=\"clear: both;\">\n<p><img loading=\"lazy\" decoding=\"async\" class=\"alignleft wp-image-3004\" src=\"https:\/\/www.hotelorizzonte.com\/wp-content\/uploads\/2020\/04\/Entroterra-06-Hotel-Orizzonte-300x300.jpg\" alt=\"\" width=\"640\" height=\"424\" data-big-size=\"800x530\" srcset=\"https:\/\/www.hotelorizzonte.com\/wp-content\/uploads\/2020\/04\/Entroterra-06-Hotel-Orizzonte-768x509.jpg 768w, https:\/\/www.hotelorizzonte.com\/wp-content\/uploads\/2020\/04\/Entroterra-06-Hotel-Orizzonte-57x38.jpg 57w, https:\/\/www.hotelorizzonte.com\/wp-content\/uploads\/2020\/04\/Entroterra-06-Hotel-Orizzonte-72x48.jpg 72w, https:\/\/www.hotelorizzonte.com\/wp-content\/uploads\/2020\/04\/Entroterra-06-Hotel-Orizzonte-114x76.jpg 114w, https:\/\/www.hotelorizzonte.com\/wp-content\/uploads\/2020\/04\/Entroterra-06-Hotel-Orizzonte-144x95.jpg 144w, https:\/\/www.hotelorizzonte.com\/wp-content\/uploads\/2020\/04\/Entroterra-06-Hotel-Orizzonte.jpg 800w\" sizes=\"auto, (max-width: 640px) 100vw, 640px\" \/><\/p>\n<h3>Verucchio<\/h3>\n<p>De sa <strong>position strat\u00e9gique, elle domine le splendide panorama de la vall\u00e9e du Marecchia<\/strong>. A voir, la forteresse, la coll\u00e9giale des saints Martin et Fran\u00e7ois d\u2019Assise et le <strong>Mus\u00e9e d\u2019Arch\u00e9ologie<\/strong>.<\/p>\n<\/div>\n<div style=\"clear: both;\">\n<p><img loading=\"lazy\" decoding=\"async\" class=\"alignleft wp-image-3009\" src=\"https:\/\/www.hotelorizzonte.com\/wp-content\/uploads\/2020\/04\/Entroterra-08-Hotel-Orizzonte-300x300.jpg\" alt=\"\" width=\"640\" height=\"424\" data-big-size=\"800x530\" srcset=\"https:\/\/www.hotelorizzonte.com\/wp-content\/uploads\/2020\/04\/Entroterra-08-Hotel-Orizzonte-768x509.jpg 768w, https:\/\/www.hotelorizzonte.com\/wp-content\/uploads\/2020\/04\/Entroterra-08-Hotel-Orizzonte-57x38.jpg 57w, https:\/\/www.hotelorizzonte.com\/wp-content\/uploads\/2020\/04\/Entroterra-08-Hotel-Orizzonte-72x48.jpg 72w, https:\/\/www.hotelorizzonte.com\/wp-content\/uploads\/2020\/04\/Entroterra-08-Hotel-Orizzonte-114x76.jpg 114w, https:\/\/www.hotelorizzonte.com\/wp-content\/uploads\/2020\/04\/Entroterra-08-Hotel-Orizzonte-144x95.jpg 144w, https:\/\/www.hotelorizzonte.com\/wp-content\/uploads\/2020\/04\/Entroterra-08-Hotel-Orizzonte.jpg 800w\" sizes=\"auto, (max-width: 640px) 100vw, 640px\" \/><\/p>\n<h3>Urbino<\/h3>\n<p><strong>Urbin est le synonyme d\u2019art et de culture. Elle est c\u00e9l\u00e8bre pour le mus\u00e9e de son palais ducal qui conserve des \u0153uvres d\u2019art de la p\u00e9riode du XIVe au XVIIe si\u00e8cle<\/strong>, dont des chefs-d\u2019\u0153uvre parmi les plus significatifs de la <strong>Renaissance italienne<\/strong>. Son petit centre historique, qui abrite de splendides \u00e9difices de l\u2019\u00e9poque de la Renaissance, est \u00e9galement caract\u00e9ristique pour ses petits magasins d\u2019artisanat qui offrent la possibilit\u00e9 de conna\u00eetre d\u2019anciennes techniques et d\u2019acheter des objets artistiques (60 km).<\/p>\n<\/div>\n<div style=\"clear: both;\">\n<p><img loading=\"lazy\" decoding=\"async\" class=\"alignleft wp-image-3014\" src=\"https:\/\/www.hotelorizzonte.com\/wp-content\/uploads\/2020\/04\/Entroterra-07-Hotel-Orizzonte-300x300.jpg\" alt=\"\" width=\"640\" height=\"424\" data-big-size=\"800x530\" srcset=\"https:\/\/www.hotelorizzonte.com\/wp-content\/uploads\/2020\/04\/Entroterra-07-Hotel-Orizzonte-768x509.jpg 768w, https:\/\/www.hotelorizzonte.com\/wp-content\/uploads\/2020\/04\/Entroterra-07-Hotel-Orizzonte-57x38.jpg 57w, https:\/\/www.hotelorizzonte.com\/wp-content\/uploads\/2020\/04\/Entroterra-07-Hotel-Orizzonte-72x48.jpg 72w, https:\/\/www.hotelorizzonte.com\/wp-content\/uploads\/2020\/04\/Entroterra-07-Hotel-Orizzonte-114x76.jpg 114w, https:\/\/www.hotelorizzonte.com\/wp-content\/uploads\/2020\/04\/Entroterra-07-Hotel-Orizzonte-144x95.jpg 144w, https:\/\/www.hotelorizzonte.com\/wp-content\/uploads\/2020\/04\/Entroterra-07-Hotel-Orizzonte.jpg 800w\" sizes=\"auto, (max-width: 640px) 100vw, 640px\" \/><\/p>\n<h3>Gradara<\/h3>\n<p><strong>Classique petit bourg ancien, blotti derri\u00e8re une longue muraille, o\u00f9 l\u2019imposant ch\u00e2teau<\/strong> compl\u00e8te le cadre m\u00e9di\u00e9val. La forteresse a \u00e9t\u00e9 compl\u00e9t\u00e9 par Malatesta entre 1307 et 1325 et a subi plusieurs restaurations. La l<strong>\u00e9gende veut que dans Gradara, le m\u00e9nage Malatesta \u00e9tait l\u2019amour tragique entre Paolo et Francesca<\/strong>, chant\u00e9e par Dante: \u00abMa bouche, elle l\u2019embrassa, tout en tremblant \u2026 \u00bb<\/p>\n<\/div>\n","protected":false},"excerpt":{"rendered":"<p>Rimini Situated in the centre of Italy and well served by the principal European cities, Rimini is the symbol and the ideal place of diversified tourism. Rimini, ancient and modern, popular and cultured, spectacular and craftsmanlike was sung about and immortalised by the Maestro of Italian cinema, Federico Fellini, whose art brought the legendary place to the attention of the world. San Marino A 750 m\u00e8tres d\u2019altitude, l\u2019Etat souverain le &#8230;<\/p>\n","protected":false},"author":1,"featured_media":0,"parent":0,"menu_order":0,"comment_status":"closed","ping_status":"closed","template":"","meta":{"_acf_changed":false},"class_list":["post-3349","page","type-page","status-publish","hentry"],"acf":[],"_links":{"self":[{"href":"https:\/\/www.hotelorizzonte.com\/en\/wp-json\/wp\/v2\/pages\/3349","targetHints":{"allow":["GET"]}}],"collection":[{"href":"https:\/\/www.hotelorizzonte.com\/en\/wp-json\/wp\/v2\/pages"}],"about":[{"href":"https:\/\/www.hotelorizzonte.com\/en\/wp-json\/wp\/v2\/types\/page"}],"author":[{"embeddable":true,"href":"https:\/\/www.hotelorizzonte.com\/en\/wp-json\/wp\/v2\/users\/1"}],"replies":[{"embeddable":true,"href":"https:\/\/www.hotelorizzonte.com\/en\/wp-json\/wp\/v2\/comments?post=3349"}],"version-history":[{"count":0,"href":"https:\/\/www.hotelorizzonte.com\/en\/wp-json\/wp\/v2\/pages\/3349\/revisions"}],"wp:attachment":[{"href":"https:\/\/www.hotelorizzonte.com\/en\/wp-json\/wp\/v2\/media?parent=3349"}],"curies":[{"name":"wp","href":"https:\/\/api.w.org\/{rel}","templated":true}]}}