{"id":3155,"date":"2018-08-30T10:09:57","date_gmt":"2018-08-30T08:09:57","guid":{"rendered":"https:\/\/www.hotelorizzonte.com\/pagina-di-esempio\/"},"modified":"2022-03-28T17:13:29","modified_gmt":"2022-03-28T15:13:29","slug":"pagina-di-esempio","status":"publish","type":"page","link":"https:\/\/www.hotelorizzonte.com\/fr\/","title":{"rendered":"H\u00f4tel Orizzonte \u2013 Villa Ariosa, sur la plage"},"content":{"rendered":"<p>A l\u2019H\u00f4tel Orizzonte Villa Ariosa de Bellaria Igea Marina, les teintes chaudes et les mat\u00e9riaux sobres de la M\u00e9diterran\u00e9e recr\u00e9ent une <strong>atmosph\u00e8re confortable et \u00e9l\u00e9gante dans laquelle la traditionnelle hospitalit\u00e9 romagnole s\u2019unit \u00e0 de modernes services de haute qualit\u00e9<\/strong>.<\/p>\n<p><strong>Le jardin de l\u2019h\u00f4tel permet d\u2019acc\u00e9der directement \u00e0 la plage<\/strong>, sans devoir traverser de routes. L\u2019h\u00f4tel est dot\u00e9 de services modernes tels que Bar, ascenseur, climatisation et parking. L\u2019\u00e9quipement est compl\u00e9t\u00e9 par une <strong>Piscine couverte et chauff\u00e9e, un accueillant \u00ab Centre Bien-\u00eatre Alternative\u00ab<\/strong>.<\/p>\n<p>Gr\u00e2ce \u00e0 ses dimensions et \u00e0 sa gestion familiale, l\u2019H\u00f4tel Orizzonte \u2013 Villa Ariosa a su pr\u00e9server un rapport direct et personnel avec chacun de ses clients. La famille Giorgetti vous y attend pour vous accueillir et r\u00e9pondre \u00e0 toutes vos n\u00e9cessit\u00e9s : Diana et Pietro sont les g\u00e9rants et les propri\u00e9taires de la structure alors que leurs enfants, Alberto et Marina, s\u2019occupent de la gestion de l\u2019Hotel Villa Sole, \u00e9galement situ\u00e9 \u00e0 Bellaria Igea Marina, en y assurant la tradition h\u00f4teli\u00e8re de la famille.<\/p>\n<p><strong>Tout le staff r\u00e9pondra avec s\u00e9r\u00e9nit\u00e9 et efficacit\u00e9 \u00e0 vos n\u00e9cessit\u00e9s.<\/strong><\/p>\n","protected":false},"excerpt":{"rendered":"<p>A l\u2019H\u00f4tel Orizzonte Villa Ariosa de Bellaria Igea Marina, les teintes chaudes et les mat\u00e9riaux sobres de la M\u00e9diterran\u00e9e recr\u00e9ent une atmosph\u00e8re confortable et \u00e9l\u00e9gante dans laquelle la traditionnelle hospitalit\u00e9 romagnole s\u2019unit \u00e0 de modernes services de haute qualit\u00e9. Le jardin de l\u2019h\u00f4tel permet d\u2019acc\u00e9der directement \u00e0 la plage, sans devoir traverser de routes. L\u2019h\u00f4tel est dot\u00e9 de services modernes tels que Bar, ascenseur, climatisation et parking. L\u2019\u00e9quipement est compl\u00e9t\u00e9 &#8230;<\/p>\n","protected":false},"author":1,"featured_media":0,"parent":0,"menu_order":0,"comment_status":"closed","ping_status":"open","template":"","meta":{"_acf_changed":false},"class_list":["post-3155","page","type-page","status-publish","hentry"],"acf":[],"_links":{"self":[{"href":"https:\/\/www.hotelorizzonte.com\/fr\/wp-json\/wp\/v2\/pages\/3155","targetHints":{"allow":["GET"]}}],"collection":[{"href":"https:\/\/www.hotelorizzonte.com\/fr\/wp-json\/wp\/v2\/pages"}],"about":[{"href":"https:\/\/www.hotelorizzonte.com\/fr\/wp-json\/wp\/v2\/types\/page"}],"author":[{"embeddable":true,"href":"https:\/\/www.hotelorizzonte.com\/fr\/wp-json\/wp\/v2\/users\/1"}],"replies":[{"embeddable":true,"href":"https:\/\/www.hotelorizzonte.com\/fr\/wp-json\/wp\/v2\/comments?post=3155"}],"version-history":[{"count":0,"href":"https:\/\/www.hotelorizzonte.com\/fr\/wp-json\/wp\/v2\/pages\/3155\/revisions"}],"wp:attachment":[{"href":"https:\/\/www.hotelorizzonte.com\/fr\/wp-json\/wp\/v2\/media?parent=3155"}],"curies":[{"name":"wp","href":"https:\/\/api.w.org\/{rel}","templated":true}]}}