{"id":3165,"date":"2017-12-11T10:18:14","date_gmt":"2017-12-11T09:18:14","guid":{"rendered":"https:\/\/www.hotelorizzonte.com\/hotel-bellaria-camere\/"},"modified":"2020-06-12T10:37:32","modified_gmt":"2020-06-12T08:37:32","slug":"hotel-bellaria-chambres","status":"publish","type":"page","link":"https:\/\/www.hotelorizzonte.com\/fr\/hotel-bellaria-chambres\/","title":{"rendered":"Nos chambres et suites"},"content":{"rendered":"<p>Les hotes de l\u2019<strong>Hotel Orizzonte et de Villa Ariosa<\/strong> vont sojourner dans des <strong>chambers confortables et \u00e9l\u00e9gantes<\/strong>.<\/p>\n<p>Les chambres, r\u00e9nov\u00e9es r\u00e9cemment, <strong>sont dou\u00e9es de tout conforts, air conditionn\u00e9, t\u00e9l\u00e9phone, TV LCD, s\u00e8che-cheveux, coffre-fort, minibar<\/strong>, <strong>l\u2019acc\u00e8s gratuit au spa, acc\u00e8s \u00e0 la piscine couverte chauff\u00e9e \u00e0 30 degr\u00e9s, Baby club dans les mois d\u2019\u00e9t\u00e9\u00a0<\/strong> et sont de quatre typologies, pour vous offrir la solution, la plus apte \u00e0 vos exigences.<\/p>\n","protected":false},"excerpt":{"rendered":"<p>Les hotes de l\u2019Hotel Orizzonte et de Villa Ariosa vont sojourner dans des chambers confortables et \u00e9l\u00e9gantes. Les chambres, r\u00e9nov\u00e9es r\u00e9cemment, sont dou\u00e9es de tout conforts, air conditionn\u00e9, t\u00e9l\u00e9phone, TV LCD, s\u00e8che-cheveux, coffre-fort, minibar, l\u2019acc\u00e8s gratuit au spa, acc\u00e8s \u00e0 la piscine couverte chauff\u00e9e \u00e0 30 degr\u00e9s, Baby club dans les mois d\u2019\u00e9t\u00e9\u00a0 et sont de quatre typologies, pour vous offrir la solution, la plus apte \u00e0 vos exigences.<\/p>\n","protected":false},"author":1,"featured_media":3104,"parent":0,"menu_order":0,"comment_status":"closed","ping_status":"closed","template":"template\/template.camere.php","meta":{"_acf_changed":false},"class_list":["post-3165","page","type-page","status-publish","has-post-thumbnail","hentry"],"acf":[],"_links":{"self":[{"href":"https:\/\/www.hotelorizzonte.com\/fr\/wp-json\/wp\/v2\/pages\/3165","targetHints":{"allow":["GET"]}}],"collection":[{"href":"https:\/\/www.hotelorizzonte.com\/fr\/wp-json\/wp\/v2\/pages"}],"about":[{"href":"https:\/\/www.hotelorizzonte.com\/fr\/wp-json\/wp\/v2\/types\/page"}],"author":[{"embeddable":true,"href":"https:\/\/www.hotelorizzonte.com\/fr\/wp-json\/wp\/v2\/users\/1"}],"replies":[{"embeddable":true,"href":"https:\/\/www.hotelorizzonte.com\/fr\/wp-json\/wp\/v2\/comments?post=3165"}],"version-history":[{"count":0,"href":"https:\/\/www.hotelorizzonte.com\/fr\/wp-json\/wp\/v2\/pages\/3165\/revisions"}],"wp:featuredmedia":[{"embeddable":true,"href":"https:\/\/www.hotelorizzonte.com\/fr\/wp-json\/wp\/v2\/media\/3104"}],"wp:attachment":[{"href":"https:\/\/www.hotelorizzonte.com\/fr\/wp-json\/wp\/v2\/media?parent=3165"}],"curies":[{"name":"wp","href":"https:\/\/api.w.org\/{rel}","templated":true}]}}