{"id":3305,"date":"2017-12-11T10:19:45","date_gmt":"2017-12-11T09:19:45","guid":{"rendered":"https:\/\/www.hotelorizzonte.com\/cucina\/"},"modified":"2022-04-29T14:33:27","modified_gmt":"2022-04-29T12:33:27","slug":"cuisine","status":"publish","type":"page","link":"https:\/\/www.hotelorizzonte.com\/fr\/cuisine\/","title":{"rendered":"H\u00f4tel Orizzonte \u2013 le plaisir de la table"},"content":{"rendered":"<p>Outre au riche petit d\u00e9jeuner buffet et aux <strong>succulents buffets de hors-d\u2019\u0153uvre et de l\u00e9gumes<\/strong>, vous pourrez d\u00e9guster les plats soign\u00e9s d\u2019un menu \u00e0 la carte qui propose \u00e9galement chaque jour des recettes de poisson, le tout, dans un cadre r\u00e9nov\u00e9 au caract\u00e8re exclusif.<\/p>\n<p><strong>Abandonnez-vous tranquillement aux plaisirs de la cuisine!<\/strong> Gr\u00e2ce \u00e0 leur exp\u00e9rience et \u00e0 leur cr\u00e9ativit\u00e9, le <strong>Chef<\/strong>\u00a0et son \u00e9quipe sauront vous pr\u00e9parer de succulents repas, accordant une attention particuli\u00e8re \u00e0 l\u2019emploi de <strong>produits frais et naturels<\/strong>, de provenance contr\u00f4l\u00e9e.<\/p>\n<h3>La p\u00e2tisserie m\u00e9rite une mention particuli\u00e8re<\/h3>\n<div id='gallery-1' class='gallery galleryid-3305  gallery-size-gallery-thumb'><div class='owl-carousel owl-carousel-multiple-carousel-style'\n\t\t\t\t\t\t\tdata-owl-navigation='true'\n\t\t\t\t\t\t\tdata-owl-slide-speed='300'\n\t\t\t\t\t\t\tdata-owl-autoplay='false'\n\t\t\t\t\t\t\tdata-owl-dots='false'\n\t\t\t\t\t\t\tdata-owl-dots-speed='300'\n\t\t\t\t\t\t\tdata-owl-items-xs='1'data-owl-items-sm='2'data-owl-items-md='3'data-owl-items-lg='3'data-owl-items-xl='3'\n\t\t\t\t\t\t><figure class='gallery-item'>\n\t\t\t\t<div class='gallery-icon landscape'>\n\t\t\t\t\t<a href='https:\/\/www.hotelorizzonte.com\/wp-content\/uploads\/2020\/10\/Gallery-Ristorante-04-Hotel-Orizzonte.jpg' data-size=\"1000x600\"><img loading=\"lazy\" decoding=\"async\" width=\"450\" height=\"450\" src=\"https:\/\/www.hotelorizzonte.com\/wp-content\/uploads\/2020\/10\/Gallery-Ristorante-04-Hotel-Orizzonte-450x450.jpg\" class=\"attachment-gallery-thumb size-gallery-thumb\" alt=\"\" srcset=\"https:\/\/www.hotelorizzonte.com\/wp-content\/uploads\/2020\/10\/Gallery-Ristorante-04-Hotel-Orizzonte-450x450.jpg 450w, https:\/\/www.hotelorizzonte.com\/wp-content\/uploads\/2020\/10\/Gallery-Ristorante-04-Hotel-Orizzonte-150x150.jpg 150w, https:\/\/www.hotelorizzonte.com\/wp-content\/uploads\/2020\/10\/Gallery-Ristorante-04-Hotel-Orizzonte-300x300.jpg 300w, https:\/\/www.hotelorizzonte.com\/wp-content\/uploads\/2020\/10\/Gallery-Ristorante-04-Hotel-Orizzonte-290x290.jpg 290w, https:\/\/www.hotelorizzonte.com\/wp-content\/uploads\/2020\/10\/Gallery-Ristorante-04-Hotel-Orizzonte-600x600.jpg 600w\" sizes=\"auto, (max-width: 450px) 100vw, 450px\" \/><\/a>\n\t\t\t\t<\/div><\/figure><figure class='gallery-item'>\n\t\t\t\t<div class='gallery-icon landscape'>\n\t\t\t\t\t<a href='https:\/\/www.hotelorizzonte.com\/wp-content\/uploads\/2020\/10\/Gallery-Ristorante-05-Hotel-Orizzonte.jpg' data-size=\"1000x600\"><img loading=\"lazy\" decoding=\"async\" width=\"450\" height=\"450\" src=\"https:\/\/www.hotelorizzonte.com\/wp-content\/uploads\/2020\/10\/Gallery-Ristorante-05-Hotel-Orizzonte-450x450.jpg\" class=\"attachment-gallery-thumb size-gallery-thumb\" alt=\"\" srcset=\"https:\/\/www.hotelorizzonte.com\/wp-content\/uploads\/2020\/10\/Gallery-Ristorante-05-Hotel-Orizzonte-450x450.jpg 450w, https:\/\/www.hotelorizzonte.com\/wp-content\/uploads\/2020\/10\/Gallery-Ristorante-05-Hotel-Orizzonte-150x150.jpg 150w, https:\/\/www.hotelorizzonte.com\/wp-content\/uploads\/2020\/10\/Gallery-Ristorante-05-Hotel-Orizzonte-300x300.jpg 300w, https:\/\/www.hotelorizzonte.com\/wp-content\/uploads\/2020\/10\/Gallery-Ristorante-05-Hotel-Orizzonte-290x290.jpg 290w, https:\/\/www.hotelorizzonte.com\/wp-content\/uploads\/2020\/10\/Gallery-Ristorante-05-Hotel-Orizzonte-600x600.jpg 600w\" sizes=\"auto, (max-width: 450px) 100vw, 450px\" \/><\/a>\n\t\t\t\t<\/div><\/figure><figure class='gallery-item'>\n\t\t\t\t<div class='gallery-icon landscape'>\n\t\t\t\t\t<a href='https:\/\/www.hotelorizzonte.com\/wp-content\/uploads\/2020\/10\/Gallery-Ristorante-06-Hotel-Orizzonte.jpg' data-size=\"1000x600\"><img loading=\"lazy\" decoding=\"async\" width=\"450\" height=\"450\" src=\"https:\/\/www.hotelorizzonte.com\/wp-content\/uploads\/2020\/10\/Gallery-Ristorante-06-Hotel-Orizzonte-450x450.jpg\" class=\"attachment-gallery-thumb size-gallery-thumb\" alt=\"\" srcset=\"https:\/\/www.hotelorizzonte.com\/wp-content\/uploads\/2020\/10\/Gallery-Ristorante-06-Hotel-Orizzonte-450x450.jpg 450w, https:\/\/www.hotelorizzonte.com\/wp-content\/uploads\/2020\/10\/Gallery-Ristorante-06-Hotel-Orizzonte-150x150.jpg 150w, https:\/\/www.hotelorizzonte.com\/wp-content\/uploads\/2020\/10\/Gallery-Ristorante-06-Hotel-Orizzonte-300x300.jpg 300w, https:\/\/www.hotelorizzonte.com\/wp-content\/uploads\/2020\/10\/Gallery-Ristorante-06-Hotel-Orizzonte-290x290.jpg 290w, https:\/\/www.hotelorizzonte.com\/wp-content\/uploads\/2020\/10\/Gallery-Ristorante-06-Hotel-Orizzonte-600x600.jpg 600w\" sizes=\"auto, (max-width: 450px) 100vw, 450px\" \/><\/a>\n\t\t\t\t<\/div><\/figure><figure class='gallery-item'>\n\t\t\t\t<div class='gallery-icon landscape'>\n\t\t\t\t\t<a href='https:\/\/www.hotelorizzonte.com\/wp-content\/uploads\/2020\/10\/Gallery-Ristorante-07-Hotel-Orizzonte.jpg' data-size=\"1000x600\"><img loading=\"lazy\" decoding=\"async\" width=\"450\" height=\"450\" src=\"https:\/\/www.hotelorizzonte.com\/wp-content\/uploads\/2020\/10\/Gallery-Ristorante-07-Hotel-Orizzonte-450x450.jpg\" class=\"attachment-gallery-thumb size-gallery-thumb\" alt=\"\" srcset=\"https:\/\/www.hotelorizzonte.com\/wp-content\/uploads\/2020\/10\/Gallery-Ristorante-07-Hotel-Orizzonte-450x450.jpg 450w, https:\/\/www.hotelorizzonte.com\/wp-content\/uploads\/2020\/10\/Gallery-Ristorante-07-Hotel-Orizzonte-150x150.jpg 150w, https:\/\/www.hotelorizzonte.com\/wp-content\/uploads\/2020\/10\/Gallery-Ristorante-07-Hotel-Orizzonte-300x300.jpg 300w, https:\/\/www.hotelorizzonte.com\/wp-content\/uploads\/2020\/10\/Gallery-Ristorante-07-Hotel-Orizzonte-290x290.jpg 290w, https:\/\/www.hotelorizzonte.com\/wp-content\/uploads\/2020\/10\/Gallery-Ristorante-07-Hotel-Orizzonte-600x600.jpg 600w\" sizes=\"auto, (max-width: 450px) 100vw, 450px\" \/><\/a>\n\t\t\t\t<\/div><\/figure><figure class='gallery-item'>\n\t\t\t\t<div class='gallery-icon landscape'>\n\t\t\t\t\t<a href='https:\/\/www.hotelorizzonte.com\/wp-content\/uploads\/2020\/04\/Gallery-Ristorante-03-Hotel-Orizzonte.jpg' data-size=\"640x455\"><img loading=\"lazy\" decoding=\"async\" width=\"450\" height=\"450\" src=\"https:\/\/www.hotelorizzonte.com\/wp-content\/uploads\/2020\/04\/Gallery-Ristorante-03-Hotel-Orizzonte-450x450.jpg\" class=\"attachment-gallery-thumb size-gallery-thumb\" alt=\"\" srcset=\"https:\/\/www.hotelorizzonte.com\/wp-content\/uploads\/2020\/04\/Gallery-Ristorante-03-Hotel-Orizzonte-450x450.jpg 450w, https:\/\/www.hotelorizzonte.com\/wp-content\/uploads\/2020\/04\/Gallery-Ristorante-03-Hotel-Orizzonte-150x150.jpg 150w, https:\/\/www.hotelorizzonte.com\/wp-content\/uploads\/2020\/04\/Gallery-Ristorante-03-Hotel-Orizzonte-300x300.jpg 300w, https:\/\/www.hotelorizzonte.com\/wp-content\/uploads\/2020\/04\/Gallery-Ristorante-03-Hotel-Orizzonte-290x290.jpg 290w\" sizes=\"auto, (max-width: 450px) 100vw, 450px\" \/><\/a>\n\t\t\t\t<\/div><\/figure><figure class='gallery-item'>\n\t\t\t\t<div class='gallery-icon landscape'>\n\t\t\t\t\t<a href='https:\/\/www.hotelorizzonte.com\/wp-content\/uploads\/2020\/04\/Slide-Ristorante-02-Hotel-Orizzonte.jpg' data-size=\"2000x780\"><img loading=\"lazy\" decoding=\"async\" width=\"450\" height=\"450\" src=\"https:\/\/www.hotelorizzonte.com\/wp-content\/uploads\/2020\/04\/Slide-Ristorante-02-Hotel-Orizzonte-450x450.jpg\" class=\"attachment-gallery-thumb size-gallery-thumb\" alt=\"\" srcset=\"https:\/\/www.hotelorizzonte.com\/wp-content\/uploads\/2020\/04\/Slide-Ristorante-02-Hotel-Orizzonte-450x450.jpg 450w, https:\/\/www.hotelorizzonte.com\/wp-content\/uploads\/2020\/04\/Slide-Ristorante-02-Hotel-Orizzonte-150x150.jpg 150w, https:\/\/www.hotelorizzonte.com\/wp-content\/uploads\/2020\/04\/Slide-Ristorante-02-Hotel-Orizzonte-300x300.jpg 300w, https:\/\/www.hotelorizzonte.com\/wp-content\/uploads\/2020\/04\/Slide-Ristorante-02-Hotel-Orizzonte-290x290.jpg 290w, https:\/\/www.hotelorizzonte.com\/wp-content\/uploads\/2020\/04\/Slide-Ristorante-02-Hotel-Orizzonte-600x600.jpg 600w\" sizes=\"auto, (max-width: 450px) 100vw, 450px\" \/><\/a>\n\t\t\t\t<\/div><\/figure><figure class='gallery-item'>\n\t\t\t\t<div class='gallery-icon landscape'>\n\t\t\t\t\t<a href='https:\/\/www.hotelorizzonte.com\/wp-content\/uploads\/2020\/12\/20190420_071039.jpg' data-size=\"1000x600\"><img loading=\"lazy\" decoding=\"async\" width=\"450\" height=\"450\" src=\"https:\/\/www.hotelorizzonte.com\/wp-content\/uploads\/2020\/12\/20190420_071039-450x450.jpg\" class=\"attachment-gallery-thumb size-gallery-thumb\" alt=\"\" srcset=\"https:\/\/www.hotelorizzonte.com\/wp-content\/uploads\/2020\/12\/20190420_071039-450x450.jpg 450w, https:\/\/www.hotelorizzonte.com\/wp-content\/uploads\/2020\/12\/20190420_071039-150x150.jpg 150w, https:\/\/www.hotelorizzonte.com\/wp-content\/uploads\/2020\/12\/20190420_071039-300x300.jpg 300w, https:\/\/www.hotelorizzonte.com\/wp-content\/uploads\/2020\/12\/20190420_071039-290x290.jpg 290w, https:\/\/www.hotelorizzonte.com\/wp-content\/uploads\/2020\/12\/20190420_071039-600x600.jpg 600w\" sizes=\"auto, (max-width: 450px) 100vw, 450px\" \/><\/a>\n\t\t\t\t<\/div><\/figure>\n\t\t\t<\/div>\n<\/div>\n\n<p>Les propositions quotidiennes de succulents g\u00e2teaux frais et aux go\u00fbts vari\u00e9s s\u2019expriment d\u2019une mani\u00e8re incontournable gr\u00e2ce au fameux <strong>Buffet des Desserts<\/strong>. Une f\u00eate pour les yeux et un plaisir pour le palais vous attendent tous les vendredis soir dans le jardin de l\u2019H\u00f4tel Orizzonte.<\/p>\n<div id='gallery-2' class='gallery galleryid-3305  gallery-size-gallery-thumb'><div class='owl-carousel owl-carousel-multiple-carousel-style'\n\t\t\t\t\t\t\tdata-owl-navigation='true'\n\t\t\t\t\t\t\tdata-owl-slide-speed='300'\n\t\t\t\t\t\t\tdata-owl-autoplay='false'\n\t\t\t\t\t\t\tdata-owl-dots='false'\n\t\t\t\t\t\t\tdata-owl-dots-speed='300'\n\t\t\t\t\t\t\tdata-owl-items-xs='1'data-owl-items-sm='2'data-owl-items-md='3'data-owl-items-lg='3'data-owl-items-xl='3'\n\t\t\t\t\t\t><figure class='gallery-item'>\n\t\t\t\t<div class='gallery-icon landscape'>\n\t\t\t\t\t<a href='https:\/\/www.hotelorizzonte.com\/wp-content\/uploads\/2020\/12\/20160819_202220.jpg' data-size=\"1000x600\"><img loading=\"lazy\" decoding=\"async\" width=\"450\" height=\"450\" src=\"https:\/\/www.hotelorizzonte.com\/wp-content\/uploads\/2020\/12\/20160819_202220-450x450.jpg\" class=\"attachment-gallery-thumb size-gallery-thumb\" alt=\"\" srcset=\"https:\/\/www.hotelorizzonte.com\/wp-content\/uploads\/2020\/12\/20160819_202220-450x450.jpg 450w, https:\/\/www.hotelorizzonte.com\/wp-content\/uploads\/2020\/12\/20160819_202220-150x150.jpg 150w, https:\/\/www.hotelorizzonte.com\/wp-content\/uploads\/2020\/12\/20160819_202220-300x300.jpg 300w, https:\/\/www.hotelorizzonte.com\/wp-content\/uploads\/2020\/12\/20160819_202220-290x290.jpg 290w, https:\/\/www.hotelorizzonte.com\/wp-content\/uploads\/2020\/12\/20160819_202220-600x600.jpg 600w\" sizes=\"auto, (max-width: 450px) 100vw, 450px\" \/><\/a>\n\t\t\t\t<\/div><\/figure><figure class='gallery-item'>\n\t\t\t\t<div class='gallery-icon landscape'>\n\t\t\t\t\t<a href='https:\/\/www.hotelorizzonte.com\/wp-content\/uploads\/2020\/12\/20160617_202959.jpg' data-size=\"1000x600\"><img loading=\"lazy\" decoding=\"async\" width=\"450\" height=\"450\" src=\"https:\/\/www.hotelorizzonte.com\/wp-content\/uploads\/2020\/12\/20160617_202959-450x450.jpg\" class=\"attachment-gallery-thumb size-gallery-thumb\" alt=\"\" srcset=\"https:\/\/www.hotelorizzonte.com\/wp-content\/uploads\/2020\/12\/20160617_202959-450x450.jpg 450w, https:\/\/www.hotelorizzonte.com\/wp-content\/uploads\/2020\/12\/20160617_202959-150x150.jpg 150w, https:\/\/www.hotelorizzonte.com\/wp-content\/uploads\/2020\/12\/20160617_202959-300x300.jpg 300w, https:\/\/www.hotelorizzonte.com\/wp-content\/uploads\/2020\/12\/20160617_202959-290x290.jpg 290w, https:\/\/www.hotelorizzonte.com\/wp-content\/uploads\/2020\/12\/20160617_202959-600x600.jpg 600w\" sizes=\"auto, (max-width: 450px) 100vw, 450px\" \/><\/a>\n\t\t\t\t<\/div><\/figure><figure class='gallery-item'>\n\t\t\t\t<div class='gallery-icon landscape'>\n\t\t\t\t\t<a href='https:\/\/www.hotelorizzonte.com\/wp-content\/uploads\/2020\/04\/Buffet-Dolci3-640x455.jpg' data-size=\"640x455\"><img loading=\"lazy\" decoding=\"async\" width=\"450\" height=\"450\" src=\"https:\/\/www.hotelorizzonte.com\/wp-content\/uploads\/2020\/04\/Buffet-Dolci3-640x455-450x450.jpg\" class=\"attachment-gallery-thumb size-gallery-thumb\" alt=\"\" srcset=\"https:\/\/www.hotelorizzonte.com\/wp-content\/uploads\/2020\/04\/Buffet-Dolci3-640x455-450x450.jpg 450w, https:\/\/www.hotelorizzonte.com\/wp-content\/uploads\/2020\/04\/Buffet-Dolci3-640x455-150x150.jpg 150w, https:\/\/www.hotelorizzonte.com\/wp-content\/uploads\/2020\/04\/Buffet-Dolci3-640x455-300x300.jpg 300w, https:\/\/www.hotelorizzonte.com\/wp-content\/uploads\/2020\/04\/Buffet-Dolci3-640x455-290x290.jpg 290w\" sizes=\"auto, (max-width: 450px) 100vw, 450px\" \/><\/a>\n\t\t\t\t<\/div><\/figure><figure class='gallery-item'>\n\t\t\t\t<div class='gallery-icon landscape'>\n\t\t\t\t\t<a href='https:\/\/www.hotelorizzonte.com\/wp-content\/uploads\/2020\/04\/Buffet-Dolci4-640x455.jpg' data-size=\"640x455\"><img loading=\"lazy\" decoding=\"async\" width=\"450\" height=\"450\" src=\"https:\/\/www.hotelorizzonte.com\/wp-content\/uploads\/2020\/04\/Buffet-Dolci4-640x455-450x450.jpg\" class=\"attachment-gallery-thumb size-gallery-thumb\" alt=\"\" srcset=\"https:\/\/www.hotelorizzonte.com\/wp-content\/uploads\/2020\/04\/Buffet-Dolci4-640x455-450x450.jpg 450w, https:\/\/www.hotelorizzonte.com\/wp-content\/uploads\/2020\/04\/Buffet-Dolci4-640x455-150x150.jpg 150w, https:\/\/www.hotelorizzonte.com\/wp-content\/uploads\/2020\/04\/Buffet-Dolci4-640x455-300x300.jpg 300w, https:\/\/www.hotelorizzonte.com\/wp-content\/uploads\/2020\/04\/Buffet-Dolci4-640x455-290x290.jpg 290w\" sizes=\"auto, (max-width: 450px) 100vw, 450px\" \/><\/a>\n\t\t\t\t<\/div><\/figure><figure class='gallery-item'>\n\t\t\t\t<div class='gallery-icon landscape'>\n\t\t\t\t\t<a href='https:\/\/www.hotelorizzonte.com\/wp-content\/uploads\/2020\/04\/Buffet-Dolci5-640x455.jpg' data-size=\"640x455\"><img loading=\"lazy\" decoding=\"async\" width=\"450\" height=\"450\" src=\"https:\/\/www.hotelorizzonte.com\/wp-content\/uploads\/2020\/04\/Buffet-Dolci5-640x455-450x450.jpg\" class=\"attachment-gallery-thumb size-gallery-thumb\" alt=\"\" srcset=\"https:\/\/www.hotelorizzonte.com\/wp-content\/uploads\/2020\/04\/Buffet-Dolci5-640x455-450x450.jpg 450w, https:\/\/www.hotelorizzonte.com\/wp-content\/uploads\/2020\/04\/Buffet-Dolci5-640x455-150x150.jpg 150w, https:\/\/www.hotelorizzonte.com\/wp-content\/uploads\/2020\/04\/Buffet-Dolci5-640x455-300x300.jpg 300w, https:\/\/www.hotelorizzonte.com\/wp-content\/uploads\/2020\/04\/Buffet-Dolci5-640x455-290x290.jpg 290w\" sizes=\"auto, (max-width: 450px) 100vw, 450px\" \/><\/a>\n\t\t\t\t<\/div><\/figure><figure class='gallery-item'>\n\t\t\t\t<div class='gallery-icon landscape'>\n\t\t\t\t\t<a href='https:\/\/www.hotelorizzonte.com\/wp-content\/uploads\/2020\/04\/Buffet-Dolci-640x455.jpg' data-size=\"640x455\"><img loading=\"lazy\" decoding=\"async\" width=\"450\" height=\"450\" src=\"https:\/\/www.hotelorizzonte.com\/wp-content\/uploads\/2020\/04\/Buffet-Dolci-640x455-450x450.jpg\" class=\"attachment-gallery-thumb size-gallery-thumb\" alt=\"\" srcset=\"https:\/\/www.hotelorizzonte.com\/wp-content\/uploads\/2020\/04\/Buffet-Dolci-640x455-450x450.jpg 450w, https:\/\/www.hotelorizzonte.com\/wp-content\/uploads\/2020\/04\/Buffet-Dolci-640x455-150x150.jpg 150w, https:\/\/www.hotelorizzonte.com\/wp-content\/uploads\/2020\/04\/Buffet-Dolci-640x455-300x300.jpg 300w, https:\/\/www.hotelorizzonte.com\/wp-content\/uploads\/2020\/04\/Buffet-Dolci-640x455-290x290.jpg 290w\" sizes=\"auto, (max-width: 450px) 100vw, 450px\" \/><\/a>\n\t\t\t\t<\/div><\/figure>\n\t\t\t<\/div>\n<\/div>\n\n","protected":false},"excerpt":{"rendered":"<p>Outre au riche petit d\u00e9jeuner buffet et aux succulents buffets de hors-d\u2019\u0153uvre et de l\u00e9gumes, vous pourrez d\u00e9guster les plats soign\u00e9s d\u2019un menu \u00e0 la carte qui propose \u00e9galement chaque jour des recettes de poisson, le tout, dans un cadre r\u00e9nov\u00e9 au caract\u00e8re exclusif. Abandonnez-vous tranquillement aux plaisirs de la cuisine! Gr\u00e2ce \u00e0 leur exp\u00e9rience et \u00e0 leur cr\u00e9ativit\u00e9, le Chef\u00a0et son \u00e9quipe sauront vous pr\u00e9parer de succulents repas, accordant &#8230;<\/p>\n","protected":false},"author":1,"featured_media":4294,"parent":0,"menu_order":0,"comment_status":"closed","ping_status":"closed","template":"","meta":{"_acf_changed":false},"class_list":["post-3305","page","type-page","status-publish","has-post-thumbnail","hentry"],"acf":[],"_links":{"self":[{"href":"https:\/\/www.hotelorizzonte.com\/fr\/wp-json\/wp\/v2\/pages\/3305","targetHints":{"allow":["GET"]}}],"collection":[{"href":"https:\/\/www.hotelorizzonte.com\/fr\/wp-json\/wp\/v2\/pages"}],"about":[{"href":"https:\/\/www.hotelorizzonte.com\/fr\/wp-json\/wp\/v2\/types\/page"}],"author":[{"embeddable":true,"href":"https:\/\/www.hotelorizzonte.com\/fr\/wp-json\/wp\/v2\/users\/1"}],"replies":[{"embeddable":true,"href":"https:\/\/www.hotelorizzonte.com\/fr\/wp-json\/wp\/v2\/comments?post=3305"}],"version-history":[{"count":0,"href":"https:\/\/www.hotelorizzonte.com\/fr\/wp-json\/wp\/v2\/pages\/3305\/revisions"}],"wp:featuredmedia":[{"embeddable":true,"href":"https:\/\/www.hotelorizzonte.com\/fr\/wp-json\/wp\/v2\/media\/4294"}],"wp:attachment":[{"href":"https:\/\/www.hotelorizzonte.com\/fr\/wp-json\/wp\/v2\/media?parent=3305"}],"curies":[{"name":"wp","href":"https:\/\/api.w.org\/{rel}","templated":true}]}}