{"id":3317,"date":"2020-04-22T11:14:49","date_gmt":"2020-04-22T09:14:49","guid":{"rendered":"https:\/\/www.hotelorizzonte.com\/vacanza-per-famiglie\/"},"modified":"2021-07-19T16:15:45","modified_gmt":"2021-07-19T14:15:45","slug":"vacances-pour-familles","status":"publish","type":"page","link":"https:\/\/www.hotelorizzonte.com\/fr\/vacances-pour-familles\/","title":{"rendered":"S\u00e9journez \u00e0 l\u2019H\u00f4tel Orizzonte \u2013 Villa Ariosa de Bellaria avec ta famille"},"content":{"rendered":"<p><strong>Les familles avec enfants sont les bienvenues \u00e0 l\u2019Hotel Orizzonte \u2013 Villa Ariosa de Bellaria!<\/strong> D\u2019ailleurs, qui mieux que ces <strong>familles pour appr\u00e9cier l\u2019emplacement de l\u2019Hotel Orizzonte, qui donne directement sur la plage<\/strong>. En quelques pas, vous sortirez de l\u2019h\u00f4tel et vous vous retrouverez plong\u00e9s dans la joyeuse atmosph\u00e8re de la plage riche en couleurs et divertissements. Si vous choisissez de passer vos vacances en famille, notre h\u00f4tel vous offrira des moments inoubliables et uniques, ainsi que <strong>d\u2019innombrables services incomparables<\/strong> qui rendront votre s\u00e9jour encore plus agr\u00e9able ! Notre h\u00f4tel est \u00e9galement con\u00e7u pour vos enfants.<\/p>\n<p>Les parents des tout-petits auront une <strong>petite cuisine accueillante \u00e0 disposition 24h\/24<\/strong>. Vous y trouverez tout ce dont vous avez besoin: four \u00e0 micro-ondes, plaque \u00e9lectrique, \u00e9vier, vaisselle, chauffe-biberon et chaises hautes. Elle est id\u00e9ale pour toutes les mamans qui tiennent \u00e0 s\u2019occuper personnellement du repas de leurs enfants. <strong>Nous vous fournirons des bouillons de l\u00e9gumes, des potages et des l\u00e9gumes bouillis, autant d\u2019ingr\u00e9dients naturels et frais<\/strong>.<\/p>\n<p><strong>L&rsquo;h\u00f4tel mettra \u00e0 votre disposition :<\/strong><\/p>\n<ul>\n<li><strong>dans la chambre<\/strong>: lits pour b\u00e9b\u00e9, barri\u00e8res pour lits d\u2019enfants, baignoires pour enfants, table \u00e0 langer, chauffe-biberon<\/li>\n<li><strong>au restaurant<\/strong>: chaises hautes et rehausseurs de chaises<\/li>\n<li><strong>v\u00e9los avec si\u00e8ges<\/strong> pour enfants<\/li>\n<li>sur demande, <strong>baby-sitter de confiance<\/strong><\/li>\n<li>les enfants ne manqueront pas de s\u2019amuser sur <strong>notre plage \u00ab Playa del Sol \u00bb<\/strong>, situ\u00e9e devant l\u2019h\u00f4tel, avec acc\u00e8s direct depuis le jardin et ils pourront y \u00e9voluer en toute libert\u00e9. En outre, la plage leur offrira <strong>une aire de jeux enti\u00e8rement \u00e9quip\u00e9e<\/strong><\/li>\n<li>tous les jours, <strong>nos animateurs organiseront des activit\u00e9s<\/strong> plac\u00e9es sous le signe de l\u2019amusement, de la socialisation et de la cr\u00e9ativit\u00e9<\/li>\n<\/ul>\n<div id='gallery-1' class='gallery galleryid-3317  gallery-size-gallery-thumb'><div class='owl-carousel owl-carousel-multiple-carousel-style'\n\t\t\t\t\t\t\tdata-owl-navigation='true'\n\t\t\t\t\t\t\tdata-owl-slide-speed='300'\n\t\t\t\t\t\t\tdata-owl-autoplay='false'\n\t\t\t\t\t\t\tdata-owl-dots='false'\n\t\t\t\t\t\t\tdata-owl-dots-speed='300'\n\t\t\t\t\t\t\tdata-owl-items-xs='1'data-owl-items-sm='2'data-owl-items-md='3'data-owl-items-lg='3'data-owl-items-xl='3'\n\t\t\t\t\t\t><figure class='gallery-item'>\n\t\t\t\t<div class='gallery-icon landscape'>\n\t\t\t\t\t<a href='https:\/\/www.hotelorizzonte.com\/wp-content\/uploads\/2020\/04\/Gallery-08-Hotel-Orizzonte.jpg' data-size=\"1000x600\"><img loading=\"lazy\" decoding=\"async\" width=\"450\" height=\"450\" src=\"https:\/\/www.hotelorizzonte.com\/wp-content\/uploads\/2020\/04\/Gallery-08-Hotel-Orizzonte-450x450.jpg\" class=\"attachment-gallery-thumb size-gallery-thumb\" alt=\"\" srcset=\"https:\/\/www.hotelorizzonte.com\/wp-content\/uploads\/2020\/04\/Gallery-08-Hotel-Orizzonte-450x450.jpg 450w, https:\/\/www.hotelorizzonte.com\/wp-content\/uploads\/2020\/04\/Gallery-08-Hotel-Orizzonte-150x150.jpg 150w, https:\/\/www.hotelorizzonte.com\/wp-content\/uploads\/2020\/04\/Gallery-08-Hotel-Orizzonte-300x300.jpg 300w, https:\/\/www.hotelorizzonte.com\/wp-content\/uploads\/2020\/04\/Gallery-08-Hotel-Orizzonte-290x290.jpg 290w, https:\/\/www.hotelorizzonte.com\/wp-content\/uploads\/2020\/04\/Gallery-08-Hotel-Orizzonte-600x600.jpg 600w\" sizes=\"auto, (max-width: 450px) 100vw, 450px\" \/><\/a>\n\t\t\t\t<\/div><\/figure><figure class='gallery-item'>\n\t\t\t\t<div class='gallery-icon landscape'>\n\t\t\t\t\t<a href='https:\/\/www.hotelorizzonte.com\/wp-content\/uploads\/2020\/04\/Gallery-09-Hotel-Orizzonte.jpg' data-size=\"1000x600\"><img loading=\"lazy\" decoding=\"async\" width=\"450\" height=\"450\" src=\"https:\/\/www.hotelorizzonte.com\/wp-content\/uploads\/2020\/04\/Gallery-09-Hotel-Orizzonte-450x450.jpg\" class=\"attachment-gallery-thumb size-gallery-thumb\" alt=\"\" srcset=\"https:\/\/www.hotelorizzonte.com\/wp-content\/uploads\/2020\/04\/Gallery-09-Hotel-Orizzonte-450x450.jpg 450w, https:\/\/www.hotelorizzonte.com\/wp-content\/uploads\/2020\/04\/Gallery-09-Hotel-Orizzonte-150x150.jpg 150w, https:\/\/www.hotelorizzonte.com\/wp-content\/uploads\/2020\/04\/Gallery-09-Hotel-Orizzonte-300x300.jpg 300w, https:\/\/www.hotelorizzonte.com\/wp-content\/uploads\/2020\/04\/Gallery-09-Hotel-Orizzonte-290x290.jpg 290w, https:\/\/www.hotelorizzonte.com\/wp-content\/uploads\/2020\/04\/Gallery-09-Hotel-Orizzonte-600x600.jpg 600w\" sizes=\"auto, (max-width: 450px) 100vw, 450px\" \/><\/a>\n\t\t\t\t<\/div><\/figure><figure class='gallery-item'>\n\t\t\t\t<div class='gallery-icon landscape'>\n\t\t\t\t\t<a href='https:\/\/www.hotelorizzonte.com\/wp-content\/uploads\/2020\/04\/Gallery-11-Hotel-Orizzonte.jpg' data-size=\"1000x600\"><img loading=\"lazy\" decoding=\"async\" width=\"450\" height=\"450\" src=\"https:\/\/www.hotelorizzonte.com\/wp-content\/uploads\/2020\/04\/Gallery-11-Hotel-Orizzonte-450x450.jpg\" class=\"attachment-gallery-thumb size-gallery-thumb\" alt=\"\" srcset=\"https:\/\/www.hotelorizzonte.com\/wp-content\/uploads\/2020\/04\/Gallery-11-Hotel-Orizzonte-450x450.jpg 450w, https:\/\/www.hotelorizzonte.com\/wp-content\/uploads\/2020\/04\/Gallery-11-Hotel-Orizzonte-150x150.jpg 150w, https:\/\/www.hotelorizzonte.com\/wp-content\/uploads\/2020\/04\/Gallery-11-Hotel-Orizzonte-300x300.jpg 300w, https:\/\/www.hotelorizzonte.com\/wp-content\/uploads\/2020\/04\/Gallery-11-Hotel-Orizzonte-290x290.jpg 290w, https:\/\/www.hotelorizzonte.com\/wp-content\/uploads\/2020\/04\/Gallery-11-Hotel-Orizzonte-600x600.jpg 600w\" sizes=\"auto, (max-width: 450px) 100vw, 450px\" \/><\/a>\n\t\t\t\t<\/div><\/figure><figure class='gallery-item'>\n\t\t\t\t<div class='gallery-icon landscape'>\n\t\t\t\t\t<a href='https:\/\/www.hotelorizzonte.com\/wp-content\/uploads\/2020\/04\/Gallery-10-Hotel-Orizzonte.jpg' data-size=\"1000x600\"><img loading=\"lazy\" decoding=\"async\" width=\"450\" height=\"450\" src=\"https:\/\/www.hotelorizzonte.com\/wp-content\/uploads\/2020\/04\/Gallery-10-Hotel-Orizzonte-450x450.jpg\" class=\"attachment-gallery-thumb size-gallery-thumb\" alt=\"\" srcset=\"https:\/\/www.hotelorizzonte.com\/wp-content\/uploads\/2020\/04\/Gallery-10-Hotel-Orizzonte-450x450.jpg 450w, https:\/\/www.hotelorizzonte.com\/wp-content\/uploads\/2020\/04\/Gallery-10-Hotel-Orizzonte-150x150.jpg 150w, https:\/\/www.hotelorizzonte.com\/wp-content\/uploads\/2020\/04\/Gallery-10-Hotel-Orizzonte-300x300.jpg 300w, https:\/\/www.hotelorizzonte.com\/wp-content\/uploads\/2020\/04\/Gallery-10-Hotel-Orizzonte-290x290.jpg 290w, https:\/\/www.hotelorizzonte.com\/wp-content\/uploads\/2020\/04\/Gallery-10-Hotel-Orizzonte-600x600.jpg 600w\" sizes=\"auto, (max-width: 450px) 100vw, 450px\" \/><\/a>\n\t\t\t\t<\/div><\/figure>\n\t\t\t<\/div>\n<\/div>\n\n<p><em>Les programmes d&rsquo;animations peuvent \u00eatre modifi\u00e9s en raison des dispositions sanitaires donn\u00e9es par Covid Emergency<\/em>.<\/p>\n","protected":false},"excerpt":{"rendered":"<p>Les familles avec enfants sont les bienvenues \u00e0 l\u2019Hotel Orizzonte \u2013 Villa Ariosa de Bellaria! D\u2019ailleurs, qui mieux que ces familles pour appr\u00e9cier l\u2019emplacement de l\u2019Hotel Orizzonte, qui donne directement sur la plage. En quelques pas, vous sortirez de l\u2019h\u00f4tel et vous vous retrouverez plong\u00e9s dans la joyeuse atmosph\u00e8re de la plage riche en couleurs et divertissements. Si vous choisissez de passer vos vacances en famille, notre h\u00f4tel vous offrira &#8230;<\/p>\n","protected":false},"author":1,"featured_media":0,"parent":0,"menu_order":0,"comment_status":"closed","ping_status":"closed","template":"","meta":{"_acf_changed":false},"class_list":["post-3317","page","type-page","status-publish","hentry"],"acf":[],"_links":{"self":[{"href":"https:\/\/www.hotelorizzonte.com\/fr\/wp-json\/wp\/v2\/pages\/3317","targetHints":{"allow":["GET"]}}],"collection":[{"href":"https:\/\/www.hotelorizzonte.com\/fr\/wp-json\/wp\/v2\/pages"}],"about":[{"href":"https:\/\/www.hotelorizzonte.com\/fr\/wp-json\/wp\/v2\/types\/page"}],"author":[{"embeddable":true,"href":"https:\/\/www.hotelorizzonte.com\/fr\/wp-json\/wp\/v2\/users\/1"}],"replies":[{"embeddable":true,"href":"https:\/\/www.hotelorizzonte.com\/fr\/wp-json\/wp\/v2\/comments?post=3317"}],"version-history":[{"count":0,"href":"https:\/\/www.hotelorizzonte.com\/fr\/wp-json\/wp\/v2\/pages\/3317\/revisions"}],"wp:attachment":[{"href":"https:\/\/www.hotelorizzonte.com\/fr\/wp-json\/wp\/v2\/media?parent=3317"}],"curies":[{"name":"wp","href":"https:\/\/api.w.org\/{rel}","templated":true}]}}