{"id":3337,"date":"2017-09-08T11:53:45","date_gmt":"2017-09-08T09:53:45","guid":{"rendered":"https:\/\/www.hotelorizzonte.com\/dove-siamo\/"},"modified":"2023-06-26T10:33:52","modified_gmt":"2023-06-26T08:33:52","slug":"ou-nous-sommes","status":"publish","type":"page","link":"https:\/\/www.hotelorizzonte.com\/fr\/ou-nous-sommes\/","title":{"rendered":"Nous sommes \u00e0 Bellaria Igea Marina"},"content":{"rendered":"<h3>Comment nous rejoindre :<\/h3>\n<ul>\n<li><strong>En voiture: <\/strong>en arrivant de l\u2019autoroute A14, sortir \u00e0 Rimini Nord et suivre les indications du plan propos\u00e9 pour rejoindre l\u2019h\u00f4tel Route \u00e0 grande circulation: S.S. 16 Direction Ravenna Sortie Bellaria Igea Marina<\/li>\n<li><strong>En avion:<\/strong> A\u00e9roport civil de Rimini (distance approximative 15 km), A\u00e9roport civil de Forl\u00ec (distance approximative 40 km), A\u00e9roport Guglielmo Marconi de Bologne (distance approximative 110 km)<\/li>\n<li><strong>En train: <\/strong>de la gare de Rimini, prendre la ligne de chemin de fer Rimini-Ravenne et descendre \u00e0 la gare de Bellaria. L\u2019h\u00f4tel se trouve \u00e0 peu m\u00e8tres de la gare. Sinon, toujours de la gare de Rimini, prendre le bus n\u00b0 4 (direction Bellaria-San Mauro Mare)<\/li>\n<\/ul>\n<p><img loading=\"lazy\" decoding=\"async\" class=\"alignnone wp-image-3477 size-full\" src=\"https:\/\/www.hotelorizzonte.com\/wp-content\/uploads\/2020\/10\/mappa-fr.jpg\" alt=\"\" width=\"1415\" height=\"871\" data-big-size=\"1415x871\" srcset=\"https:\/\/www.hotelorizzonte.com\/wp-content\/uploads\/2020\/10\/mappa-fr.jpg 1415w, https:\/\/www.hotelorizzonte.com\/wp-content\/uploads\/2020\/10\/mappa-fr-768x473.jpg 768w, https:\/\/www.hotelorizzonte.com\/wp-content\/uploads\/2020\/10\/mappa-fr-57x35.jpg 57w, https:\/\/www.hotelorizzonte.com\/wp-content\/uploads\/2020\/10\/mappa-fr-72x44.jpg 72w, https:\/\/www.hotelorizzonte.com\/wp-content\/uploads\/2020\/10\/mappa-fr-114x70.jpg 114w, https:\/\/www.hotelorizzonte.com\/wp-content\/uploads\/2020\/10\/mappa-fr-144x89.jpg 144w\" sizes=\"auto, (max-width: 1415px) 100vw, 1415px\" \/><\/p>\n<h3>..\u00e0 Bellaria Igea Marina<\/h3>\n<p>Des histoires de mer. C\u2019est cela que <strong>Bellaria Igea Marina<\/strong> raconte \u00e0 ses h\u00f4tes, <strong>ancien petit village de p\u00eacheurs<\/strong> s\u2019\u00e9tant transform\u00e9, au cours du vingti\u00e8me si\u00e8cle, en un <strong>centre de vacances baln\u00e9aire affirm\u00e9<\/strong>. En \u00e9t\u00e9, ses sept kilom\u00e8tres de plage, align\u00e9s face \u00e0 l\u2019Adriatique, se transforment en un agr\u00e9able cadre o\u00f9 pouvoir vivre la mer dans toute sa splendeur. Ses <strong>rives peu profondes et s\u00fbres sont une garantie pour les familles avec enfants<\/strong>; les \u00e9quipements pour le sport et le fitness y sont particuli\u00e8rement appr\u00e9ci\u00e9s par les jeunes; les efficaces services de plage joints \u00e0 la proverbiale sympathie des plagistes sont le maximum pour ceux qui aiment le soleil, le repos et le relax. Un <strong>moderne centre de congr\u00e8s<\/strong> y a \u00e9galement \u00e9t\u00e9 construit pour ceux qui ont besoin de se rencontrer et de se confronter.<\/p>\n<p>Des histoires de mer. Le nom m\u00eame de Bellaria, dont les experts n\u2019ont pas encore expliqu\u00e9 l\u2019origine, semble sugg\u00e9rer la beaut\u00e9 du souffle de la mer. L\u2019\u00e9crivain Alfredo Panzini s\u2019en \u00e9tait aussi aper\u00e7u lorsqu\u2019il venait passer ses vacances \u00e0 Bellaria au d\u00e9but du XXe si\u00e8cle, dans la fameuse Maison Rouge qui est aujourd\u2019hui l\u2019un des symboles de la ville. Quant \u00e0 Igea Marina, elle doit son nom \u00e0 la fille d\u2019Ascl\u00e9pios, dieu de la sant\u00e9 et du bien-\u00eatre. C\u2019est le nom qui lui a \u00e9t\u00e9 donn\u00e9 par Vittorio Belli, m\u00e9decin naturaliste, qui fonda la localit\u00e9 au d\u00e9but du XXe si\u00e8cle. C\u2019est \u00e9galement lui qui donna le nom de po\u00e8tes et d\u2019\u00e9crivains latins aux rues de la localit\u00e9.<\/p>\n<p>Des histoires de mer. Un monument, la <strong>Tour Sarrasine du XVIIe si\u00e8cle<\/strong>, construite comme tour de garde et de d\u00e9fense, rappelle une mer dangereuse, infest\u00e9e de pirates f\u00e9roces et impr\u00e9visibles, qu\u2019il fallait \u00eatre pr\u00eats \u00e0 accueillir arm\u00e9s \u00ab d\u2019arquebuses, d\u2019espringales, de poudres et de m\u00e8ches \u00bb. Mais c\u2019est le pass\u00e9 aujourd\u2019hui, la tour abrite un mus\u00e9e de coquillages. Dans le <strong>port canal, la Teresina<\/strong>, grande dame de la mer, est le t\u00e9moin silencieux d\u2019une tradition de p\u00eache qui a longtemps nourrit les familles du pays. Cette tartane, construite en 1948 et mis \u00e0 la retraite en 1987, a \u00e9t\u00e9 restructur\u00e9e en 2003 pour rappeler \u00e0 tout le monde que Bellaria Igea Marina plonge ses racines dans la mer. Des racines qui vivent encore.<\/p>\n<p>Des histoires de mer. De vieilles cartes postales jaunies par le temps repr\u00e9sentent d\u2019\u00e9l\u00e9gantes jeunes femmes qui se prom\u00e8nent le long de la plage sous leur ombrelle. Elles t\u00e9moignent l\u2019aube du tourisme, une tradition d\u2019accueil et d\u2019hospitalit\u00e9 que depuis, Bellaria Igea Marina n\u2019a jamais abandonn\u00e9e. Bien au contraire, elle l\u2019a m\u00eame renforc\u00e9e et r\u00e9nov\u00e9e, cr\u00e9ant des <strong>h\u00f4tels aux services modernes et confortables<\/strong>, des restaurants o\u00f9 triomphent le poisson de l\u2019Adriatique et les produits de l\u2019agriculture locale, des structures et des \u00e9quipements pour pratiquer tout type d\u2019activit\u00e9 sportive, un nombre infini de bars, pubs, caf\u00e9s, bo\u00eetes de nuit, discoth\u00e8ques et divertissements. Une histoire d\u2019accueil tourn\u00e9e vers le futur.<\/p>\n<p>Des histoires de mer. A Bellaria Igea Marina, le bleu se marie avec le vert. Son poumon est le <strong>grand parc del Gelso<\/strong>, \u00e0 Igea Marina, une aire de <strong>25 hectares<\/strong> en plein centre urbain, o\u00f9 les arbres de haut f\u00fbt, tels que les pins et les ch\u00eanes pubescents, s\u2019entrem\u00ealent au maquis, dans une harmonie de couleurs et de parfums. Les nombreuses avenues plant\u00e9es d\u2019arbres, comme <strong>\u00ab l\u2019Ile des Platanes \u00bb<\/strong> de Bellaria et la via Ennio de Igea Marina, sont le th\u00e9\u00e2tre privil\u00e9gi\u00e9 de la promenade nocturne, du shopping et des diff\u00e9rentes f\u00eates et manifestations que la ville organise pour ses h\u00f4tes.<\/p>\n","protected":false},"excerpt":{"rendered":"<p>Comment nous rejoindre : En voiture: en arrivant de l\u2019autoroute A14, sortir \u00e0 Rimini Nord et suivre les indications du plan propos\u00e9 pour rejoindre l\u2019h\u00f4tel Route \u00e0 grande circulation: S.S. 16 Direction Ravenna Sortie Bellaria Igea Marina En avion: A\u00e9roport civil de Rimini (distance approximative 15 km), A\u00e9roport civil de Forl\u00ec (distance approximative 40 km), A\u00e9roport Guglielmo Marconi de Bologne (distance approximative 110 km) En train: de la gare de &#8230;<\/p>\n","protected":false},"author":1,"featured_media":3112,"parent":0,"menu_order":0,"comment_status":"closed","ping_status":"closed","template":"","meta":{"_acf_changed":false},"class_list":["post-3337","page","type-page","status-publish","has-post-thumbnail","hentry"],"acf":[],"_links":{"self":[{"href":"https:\/\/www.hotelorizzonte.com\/fr\/wp-json\/wp\/v2\/pages\/3337","targetHints":{"allow":["GET"]}}],"collection":[{"href":"https:\/\/www.hotelorizzonte.com\/fr\/wp-json\/wp\/v2\/pages"}],"about":[{"href":"https:\/\/www.hotelorizzonte.com\/fr\/wp-json\/wp\/v2\/types\/page"}],"author":[{"embeddable":true,"href":"https:\/\/www.hotelorizzonte.com\/fr\/wp-json\/wp\/v2\/users\/1"}],"replies":[{"embeddable":true,"href":"https:\/\/www.hotelorizzonte.com\/fr\/wp-json\/wp\/v2\/comments?post=3337"}],"version-history":[{"count":0,"href":"https:\/\/www.hotelorizzonte.com\/fr\/wp-json\/wp\/v2\/pages\/3337\/revisions"}],"wp:featuredmedia":[{"embeddable":true,"href":"https:\/\/www.hotelorizzonte.com\/fr\/wp-json\/wp\/v2\/media\/3112"}],"wp:attachment":[{"href":"https:\/\/www.hotelorizzonte.com\/fr\/wp-json\/wp\/v2\/media?parent=3337"}],"curies":[{"name":"wp","href":"https:\/\/api.w.org\/{rel}","templated":true}]}}