{"id":3343,"date":"2020-04-27T08:53:22","date_gmt":"2020-04-27T06:53:22","guid":{"rendered":"https:\/\/www.hotelorizzonte.com\/parchi-divertimento\/"},"modified":"2020-06-12T11:41:59","modified_gmt":"2020-06-12T09:41:59","slug":"parcs-attractions","status":"publish","type":"page","link":"https:\/\/www.hotelorizzonte.com\/fr\/parcs-attractions\/","title":{"rendered":"D\u00e9couvrez les parcs \u00e0 th\u00e8me en accord avec l\u2019H\u00f4tel Orizzonte"},"content":{"rendered":"<div style=\"clear: both;\">\n<p><img loading=\"lazy\" decoding=\"async\" class=\"alignleft wp-image-3077\" src=\"https:\/\/www.hotelorizzonte.com\/wp-content\/uploads\/2020\/04\/Parchi-07-Hotel-Orizzonte-300x300.jpg\" alt=\"\" width=\"640\" height=\"424\" data-big-size=\"800x530\" srcset=\"https:\/\/www.hotelorizzonte.com\/wp-content\/uploads\/2020\/04\/Parchi-07-Hotel-Orizzonte-768x509.jpg 768w, https:\/\/www.hotelorizzonte.com\/wp-content\/uploads\/2020\/04\/Parchi-07-Hotel-Orizzonte-57x38.jpg 57w, https:\/\/www.hotelorizzonte.com\/wp-content\/uploads\/2020\/04\/Parchi-07-Hotel-Orizzonte-72x48.jpg 72w, https:\/\/www.hotelorizzonte.com\/wp-content\/uploads\/2020\/04\/Parchi-07-Hotel-Orizzonte-114x76.jpg 114w, https:\/\/www.hotelorizzonte.com\/wp-content\/uploads\/2020\/04\/Parchi-07-Hotel-Orizzonte-144x95.jpg 144w, https:\/\/www.hotelorizzonte.com\/wp-content\/uploads\/2020\/04\/Parchi-07-Hotel-Orizzonte.jpg 800w\" sizes=\"auto, (max-width: 640px) 100vw, 640px\" \/><\/p>\n<h3>Le Navi &#8211; Acquario di Cattolica<\/h3>\n<p>Une nouvelle fa\u00e7on de conna\u00eetre la mer, ses habitants, son histoire. La merveilleuse aventure de la mer de la terre \u00e0 ce jour. <strong>Le monde de requins et 3000 poissons des mers de la plan\u00e8te dans le plus grand aquarium d\u2019occasion Cattolica Adriatique<\/strong> \u00e0 plonger eux-m\u00eames face \u00e0 face avec les requins, une attraction unique en Italie.<\/p>\n<\/div>\n<div style=\"clear: both;\">\n<p><img loading=\"lazy\" decoding=\"async\" class=\"alignleft wp-image-3037\" src=\"https:\/\/www.hotelorizzonte.com\/wp-content\/uploads\/2020\/04\/Parchi-01-Hotel-Orizzonte-300x300.jpg\" alt=\"\" width=\"640\" height=\"424\" data-big-size=\"800x530\" srcset=\"https:\/\/www.hotelorizzonte.com\/wp-content\/uploads\/2020\/04\/Parchi-01-Hotel-Orizzonte-768x509.jpg 768w, https:\/\/www.hotelorizzonte.com\/wp-content\/uploads\/2020\/04\/Parchi-01-Hotel-Orizzonte-57x38.jpg 57w, https:\/\/www.hotelorizzonte.com\/wp-content\/uploads\/2020\/04\/Parchi-01-Hotel-Orizzonte-72x48.jpg 72w, https:\/\/www.hotelorizzonte.com\/wp-content\/uploads\/2020\/04\/Parchi-01-Hotel-Orizzonte-114x76.jpg 114w, https:\/\/www.hotelorizzonte.com\/wp-content\/uploads\/2020\/04\/Parchi-01-Hotel-Orizzonte-144x95.jpg 144w, https:\/\/www.hotelorizzonte.com\/wp-content\/uploads\/2020\/04\/Parchi-01-Hotel-Orizzonte.jpg 800w\" sizes=\"auto, (max-width: 640px) 100vw, 640px\" \/><\/p>\n<h3>Aquafan<\/h3>\n<p><strong>Le plus c\u00e9l\u00e8bre amusant parc aquatique en Europe<\/strong> pour les plus de 20 ans, il ya de divertir des millions de visiteurs! Le secret de son succ\u00e8s? Il est non seulement un parc de l\u2019eau, mais une vraie <strong>eau de ville<\/strong> faite de rivi\u00e8res rapides, kamikaze, piscine \u00e0 vagues, la torsion et Speedriul. Le plaisir est assur\u00e9<\/p>\n<\/div>\n<div style=\"clear: both;\">\n<p><img loading=\"lazy\" decoding=\"async\" class=\"alignleft wp-image-3062\" src=\"https:\/\/www.hotelorizzonte.com\/wp-content\/uploads\/2020\/04\/Parchi-05-Hotel-Orizzonte-300x300.jpg\" alt=\"\" width=\"640\" height=\"424\" data-big-size=\"800x530\" srcset=\"https:\/\/www.hotelorizzonte.com\/wp-content\/uploads\/2020\/04\/Parchi-05-Hotel-Orizzonte-768x509.jpg 768w, https:\/\/www.hotelorizzonte.com\/wp-content\/uploads\/2020\/04\/Parchi-05-Hotel-Orizzonte-57x38.jpg 57w, https:\/\/www.hotelorizzonte.com\/wp-content\/uploads\/2020\/04\/Parchi-05-Hotel-Orizzonte-72x48.jpg 72w, https:\/\/www.hotelorizzonte.com\/wp-content\/uploads\/2020\/04\/Parchi-05-Hotel-Orizzonte-114x76.jpg 114w, https:\/\/www.hotelorizzonte.com\/wp-content\/uploads\/2020\/04\/Parchi-05-Hotel-Orizzonte-144x95.jpg 144w, https:\/\/www.hotelorizzonte.com\/wp-content\/uploads\/2020\/04\/Parchi-05-Hotel-Orizzonte.jpg 800w\" sizes=\"auto, (max-width: 640px) 100vw, 640px\" \/><\/p>\n<h3>Fiabilandia<\/h3>\n<p>Endroit <strong>id\u00e9al pour toute la famille avec plus de 30 attractions<\/strong>. \u00ab Le Neverland \u00bb existe, et est Rimini. La baie de Peter Pan, le ch\u00e2teau de Merlin, la mine d\u2019or, le village Apache vous attendent ici. Et si la nature est votre truc, alors venez visiter le Jardin des fruits oubli\u00e9s et de la Chambre de l\u2019agriculteur pr\u00e8s de la vieille ferme o\u00f9 vous pourrez revivre les traditions du pass\u00e9, quand les gens vivaient en contact avec la nature.<\/p>\n<\/div>\n<div style=\"clear: both;\">\n<p><img loading=\"lazy\" decoding=\"async\" class=\"alignleft wp-image-3072\" src=\"https:\/\/www.hotelorizzonte.com\/wp-content\/uploads\/2020\/04\/Parchi-04-Hotel-Orizzonte-300x300.jpg\" alt=\"\" width=\"640\" height=\"424\" data-big-size=\"800x530\" srcset=\"https:\/\/www.hotelorizzonte.com\/wp-content\/uploads\/2020\/04\/Parchi-04-Hotel-Orizzonte-768x509.jpg 768w, https:\/\/www.hotelorizzonte.com\/wp-content\/uploads\/2020\/04\/Parchi-04-Hotel-Orizzonte-57x38.jpg 57w, https:\/\/www.hotelorizzonte.com\/wp-content\/uploads\/2020\/04\/Parchi-04-Hotel-Orizzonte-72x48.jpg 72w, https:\/\/www.hotelorizzonte.com\/wp-content\/uploads\/2020\/04\/Parchi-04-Hotel-Orizzonte-114x76.jpg 114w, https:\/\/www.hotelorizzonte.com\/wp-content\/uploads\/2020\/04\/Parchi-04-Hotel-Orizzonte-144x95.jpg 144w, https:\/\/www.hotelorizzonte.com\/wp-content\/uploads\/2020\/04\/Parchi-04-Hotel-Orizzonte.jpg 800w\" sizes=\"auto, (max-width: 640px) 100vw, 640px\" \/><\/p>\n<h3>Italia in Miniatura<\/h3>\n<p>Vivez une merveilleuse et autrement impossible, dans le parc \u00e0 th\u00e8me <strong>le plus c\u00e9l\u00e8bre des miniatures, la d\u00e9couverte du patrimoine culturel de l\u2019Italie et de l\u2019Europe \u00e0 travers 270 reproductions parfaites \u00e0 l\u2019\u00e9chelle de monuments et chefs-d\u2019\u0153uvre architecturaux<\/strong>. Promenez-vous \u00e0 travers les canaux de Venise, visiter le Colis\u00e9e et le V\u00e9suve voir le tout en quelques heures semble impossible. Donc, vous ne l\u2019avez jamais \u00e9t\u00e9 en Italie en Miniature!!<\/p>\n<\/div>\n<div style=\"clear: both;\">\n<p><img loading=\"lazy\" decoding=\"async\" class=\"alignleft wp-image-3067\" src=\"https:\/\/www.hotelorizzonte.com\/wp-content\/uploads\/2020\/04\/Parchi-06-Hotel-Orizzonte-300x300.jpg\" alt=\"\" width=\"640\" height=\"424\" data-big-size=\"800x530\" srcset=\"https:\/\/www.hotelorizzonte.com\/wp-content\/uploads\/2020\/04\/Parchi-06-Hotel-Orizzonte-768x509.jpg 768w, https:\/\/www.hotelorizzonte.com\/wp-content\/uploads\/2020\/04\/Parchi-06-Hotel-Orizzonte-57x38.jpg 57w, https:\/\/www.hotelorizzonte.com\/wp-content\/uploads\/2020\/04\/Parchi-06-Hotel-Orizzonte-72x48.jpg 72w, https:\/\/www.hotelorizzonte.com\/wp-content\/uploads\/2020\/04\/Parchi-06-Hotel-Orizzonte-114x76.jpg 114w, https:\/\/www.hotelorizzonte.com\/wp-content\/uploads\/2020\/04\/Parchi-06-Hotel-Orizzonte-144x95.jpg 144w, https:\/\/www.hotelorizzonte.com\/wp-content\/uploads\/2020\/04\/Parchi-06-Hotel-Orizzonte.jpg 800w\" sizes=\"auto, (max-width: 640px) 100vw, 640px\" \/><\/p>\n<h3>Mirabilandia<\/h3>\n<p>Et <strong>\u00abla grande th\u00e9matique Entertainment Park sur la splendide c\u00f4te adriatique et l\u2019un des plus importants en Europe<\/strong>; un bijou qui allie bonhomie avec la technologie, l\u2019humanit\u00e9 des meilleurs artistes de divertissement avec les innovations du monde num\u00e9rique. Il dispose d\u2019un total de <strong>six domaines th\u00e9matiques pour un total de 47 attractions fantastiques et 15 spectacles \u00e0<\/strong> <strong>la fois jour et nuit<\/strong>. Le deuxi\u00e8me jour entrer GRATUIT!<\/p>\n<\/div>\n<div style=\"clear: both;\">\n<p><img loading=\"lazy\" decoding=\"async\" class=\"alignleft wp-image-3057\" src=\"https:\/\/www.hotelorizzonte.com\/wp-content\/uploads\/2020\/04\/Parchi-02-Hotel-Orizzonte-300x300.jpg\" alt=\"\" width=\"640\" height=\"424\" data-big-size=\"800x530\" srcset=\"https:\/\/www.hotelorizzonte.com\/wp-content\/uploads\/2020\/04\/Parchi-02-Hotel-Orizzonte-768x509.jpg 768w, https:\/\/www.hotelorizzonte.com\/wp-content\/uploads\/2020\/04\/Parchi-02-Hotel-Orizzonte-57x38.jpg 57w, https:\/\/www.hotelorizzonte.com\/wp-content\/uploads\/2020\/04\/Parchi-02-Hotel-Orizzonte-72x48.jpg 72w, https:\/\/www.hotelorizzonte.com\/wp-content\/uploads\/2020\/04\/Parchi-02-Hotel-Orizzonte-114x76.jpg 114w, https:\/\/www.hotelorizzonte.com\/wp-content\/uploads\/2020\/04\/Parchi-02-Hotel-Orizzonte-144x95.jpg 144w, https:\/\/www.hotelorizzonte.com\/wp-content\/uploads\/2020\/04\/Parchi-02-Hotel-Orizzonte.jpg 800w\" sizes=\"auto, (max-width: 640px) 100vw, 640px\" \/><\/p>\n<h3>Oltremare<\/h3>\n<p><strong>Oltremare parc \u00e0 th\u00e8me, attractions, nature, environnement<\/strong>: l\u2019\u00eele d\u2019Ulysse, dauphin lagon, moulin hibou, plan\u00e8te mer, ferme. <strong>Il est le paradis des jeux! 4000 m\u00e8tres carr\u00e9s o\u00f9 le plaisir est aussi une chance de vivre tr\u00e8s p\u00e9dagogique<\/strong>. D\u00e9couvrez la vie sur le delta du P\u00f4, les animaux de la ferme, le monde des dauphins, l\u2019\u00e9l\u00e9gance des hippocampes et toute la nature qui nous entoure. Ce sera une exp\u00e9rience vraiment incroyable, non seulement pour les enfants..<\/p>\n<\/div>\n","protected":false},"excerpt":{"rendered":"<p>Le Navi &#8211; Acquario di Cattolica Une nouvelle fa\u00e7on de conna\u00eetre la mer, ses habitants, son histoire. La merveilleuse aventure de la mer de la terre \u00e0 ce jour. Le monde de requins et 3000 poissons des mers de la plan\u00e8te dans le plus grand aquarium d\u2019occasion Cattolica Adriatique \u00e0 plonger eux-m\u00eames face \u00e0 face avec les requins, une attraction unique en Italie. Aquafan Le plus c\u00e9l\u00e8bre amusant parc aquatique &#8230;<\/p>\n","protected":false},"author":1,"featured_media":0,"parent":0,"menu_order":0,"comment_status":"closed","ping_status":"closed","template":"","meta":{"_acf_changed":false},"class_list":["post-3343","page","type-page","status-publish","hentry"],"acf":[],"_links":{"self":[{"href":"https:\/\/www.hotelorizzonte.com\/fr\/wp-json\/wp\/v2\/pages\/3343","targetHints":{"allow":["GET"]}}],"collection":[{"href":"https:\/\/www.hotelorizzonte.com\/fr\/wp-json\/wp\/v2\/pages"}],"about":[{"href":"https:\/\/www.hotelorizzonte.com\/fr\/wp-json\/wp\/v2\/types\/page"}],"author":[{"embeddable":true,"href":"https:\/\/www.hotelorizzonte.com\/fr\/wp-json\/wp\/v2\/users\/1"}],"replies":[{"embeddable":true,"href":"https:\/\/www.hotelorizzonte.com\/fr\/wp-json\/wp\/v2\/comments?post=3343"}],"version-history":[{"count":0,"href":"https:\/\/www.hotelorizzonte.com\/fr\/wp-json\/wp\/v2\/pages\/3343\/revisions"}],"wp:attachment":[{"href":"https:\/\/www.hotelorizzonte.com\/fr\/wp-json\/wp\/v2\/media?parent=3343"}],"curies":[{"name":"wp","href":"https:\/\/api.w.org\/{rel}","templated":true}]}}